{"id":931,"date":"2022-10-05T11:42:46","date_gmt":"2022-10-05T14:42:46","guid":{"rendered":"http:\/\/www.unt.edu.ar\/expount\/?page_id=931"},"modified":"2022-10-05T22:53:51","modified_gmt":"2022-10-06T01:53:51","slug":"tecnico-superior-en-diseno-industrial","status":"publish","type":"page","link":"https:\/\/www.unt.edu.ar\/expount\/facultades-y-escuelas\/instituto-tecnico\/tecnico-superior-en-diseno-industrial\/","title":{"rendered":"T\u00e9cnico Superior en Dise\u00f1o Industrial"},"content":{"rendered":"<div class=\"wpb-content-wrapper\"><p>[vc_row wrap_container=&#8221;yes&#8221; conditional_render=&#8221;%5B%7B%22value_role%22%3A%22administrator%22%7D%5D&#8221;][vc_column width=&#8221;1\/3&#8243;][vc_column_text]<strong>T\u00e9cnico Superior en Dise\u00f1o Industrial<\/strong><\/p>\n<p>El T\u00e9cnico est\u00e1 capacitado para: Proyectar, dise\u00f1ar, planificar y desarrollar productos destinados a ser fabricados industrialmente, as\u00ed como para asesorar a empresas y participar interdisciplinariamente en equipos de proyectos de Producci\u00f3n.<\/p>\n<p>Orientaciones: Maquinaria Agr\u00edcola y Mobiliario.<\/p>\n<p><strong>Programa:<\/strong><\/p>\n<p>&nbsp;<\/p>\n<p><strong> \u2022 Primer A\u00f1o<\/strong><\/p>\n<p>Expresi\u00f3n Art\u00edstica<\/p>\n<p>Dise\u00f1o Asistido I<\/p>\n<p>F\u00edsica Aplicada<\/p>\n<p>Matem\u00e1tica Aplicada<\/p>\n<p>Materiales y Procesos Industriales<\/p>\n<p>&nbsp;<\/p>\n<p><strong>\u2022 Segundo A\u00f1o<\/strong><\/p>\n<p>Fabricaci\u00f3n Autom\u00e1tica<\/p>\n<p>Sistemas Mec\u00e1nicos<\/p>\n<p>Dise\u00f1o Asistido II<\/p>\n<p>Est\u00e9tica y Dise\u00f1o Industrial<\/p>\n<p>Electiva<\/p>\n<p>&nbsp;<\/p>\n<p><strong>\u2022 Tercer A\u00f1o<\/strong><\/p>\n<p>Metodolog\u00eda del Dise\u00f1o y Proyecto Final<\/p>\n<p>Taller<\/p>\n<p>Gesti\u00f3n Econ\u00f3mica y Empresarial del Dise\u00f1o<\/p>\n<p>Dise\u00f1o y Fabricaci\u00f3n<\/p>\n<p>Tecnolog\u00eda de Soporte al Dise\u00f1o Industrial.[\/vc_column_text][\/vc_column][\/vc_row]<\/p>\n<\/div>","protected":false},"excerpt":{"rendered":"<p>[vc_row wrap_container=&#8221;yes&#8221; conditional_render=&#8221;%5B%7B%22value_role%22%3A%22administrator%22%7D%5D&#8221;][vc_column width=&#8221;1\/3&#8243;][vc_column_text]T\u00e9cnico Superior en Dise\u00f1o Industrial El T\u00e9cnico est\u00e1 capacitado para: Proyectar, dise\u00f1ar, planificar y desarrollar productos destinados a ser fabricados industrialmente, as\u00ed como para asesorar a empresas y participar interdisciplinariamente en equipos de proyectos de Producci\u00f3n. Orientaciones: Maquinaria Agr\u00edcola y Mobiliario. Programa: &nbsp; \u2022 Primer A\u00f1o Expresi\u00f3n Art\u00edstica Dise\u00f1o Asistido I F\u00edsica [&hellip;]<\/p>\n","protected":false},"author":1,"featured_media":0,"parent":667,"menu_order":0,"comment_status":"closed","ping_status":"closed","template":"","meta":{"footnotes":""},"class_list":["post-931","page","type-page","status-publish","hentry"],"_links":{"self":[{"href":"https:\/\/www.unt.edu.ar\/expount\/wp-json\/wp\/v2\/pages\/931","targetHints":{"allow":["GET"]}}],"collection":[{"href":"https:\/\/www.unt.edu.ar\/expount\/wp-json\/wp\/v2\/pages"}],"about":[{"href":"https:\/\/www.unt.edu.ar\/expount\/wp-json\/wp\/v2\/types\/page"}],"author":[{"embeddable":true,"href":"https:\/\/www.unt.edu.ar\/expount\/wp-json\/wp\/v2\/users\/1"}],"replies":[{"embeddable":true,"href":"https:\/\/www.unt.edu.ar\/expount\/wp-json\/wp\/v2\/comments?post=931"}],"version-history":[{"count":3,"href":"https:\/\/www.unt.edu.ar\/expount\/wp-json\/wp\/v2\/pages\/931\/revisions"}],"predecessor-version":[{"id":1038,"href":"https:\/\/www.unt.edu.ar\/expount\/wp-json\/wp\/v2\/pages\/931\/revisions\/1038"}],"up":[{"embeddable":true,"href":"https:\/\/www.unt.edu.ar\/expount\/wp-json\/wp\/v2\/pages\/667"}],"wp:attachment":[{"href":"https:\/\/www.unt.edu.ar\/expount\/wp-json\/wp\/v2\/media?parent=931"}],"curies":[{"name":"wp","href":"https:\/\/api.w.org\/{rel}","templated":true}]}}