{"id":929,"date":"2022-10-05T11:42:15","date_gmt":"2022-10-05T14:42:15","guid":{"rendered":"http:\/\/www.unt.edu.ar\/expount\/?page_id=929"},"modified":"2022-10-05T22:57:30","modified_gmt":"2022-10-06T01:57:30","slug":"tecnico-superior-controles-automaticos-industriales","status":"publish","type":"page","link":"https:\/\/www.unt.edu.ar\/expount\/facultades-y-escuelas\/instituto-tecnico\/tecnico-superior-controles-automaticos-industriales\/","title":{"rendered":"T\u00e9cnico Superior Controles Autom\u00e1ticos Industriales"},"content":{"rendered":"<div class=\"wpb-content-wrapper\"><p>[vc_row][vc_column width=&#8221;2\/3&#8243; conditional_render=&#8221;%5B%7B%22value_role%22%3A%22administrator%22%7D%5D&#8221;][vc_column_text]<strong>T\u00e9cnico Superior en Controles Autom\u00e1ticos Industriales.<\/strong><\/p>\n<p>El T\u00e9cnico est\u00e1 capacitado para: Proyectar, dise\u00f1ar y construir componentes y equipos de electr\u00f3nica industrial y de Control industrial, Automatizaci\u00f3n. Proyectar, dise\u00f1ar y calcular instalaciones el\u00e9ctricas para iluminaci\u00f3n, se\u00f1alamiento, comando y fuerza motr\u00edz, l\u00edneas de alimentaci\u00f3n y\/o distribuci\u00f3n de energ\u00eda el\u00e9ctrica, instalaciones de automatizaci\u00f3n y control.<\/p>\n<p>&nbsp;<\/p>\n<p><strong><u>Programa:<\/u><\/strong><\/p>\n<p><strong>\u2022 Primer A\u00f1o<\/strong><\/p>\n<p>F\u00edsica Aplicada<\/p>\n<p>Matem\u00e1tica Aplicada<\/p>\n<p>Electrotecnia<\/p>\n<p>Instalaciones El\u00e9ctricas Domiciliarias<\/p>\n<p>Taller De Instalaciones El\u00e9ctricas Domiciliarias<\/p>\n<p>&nbsp;<\/p>\n<p><strong>\u2022 Segundo A\u00f1o<\/strong><\/p>\n<p>M\u00e1quinas El\u00e9ctricas<\/p>\n<p>Automatizaci\u00f3n I<\/p>\n<p>Sistemas De Control<\/p>\n<p>Herramientas Inform\u00e1ticas<\/p>\n<p>Electr\u00f3nica<\/p>\n<p>&nbsp;<\/p>\n<p><strong>\u2022 Tercer A\u00f1o<\/strong><\/p>\n<p>Sistemas De Representaci\u00f3n<\/p>\n<p>Automatizaci\u00f3n II<\/p>\n<p>Organizaci\u00f3n Y Gesti\u00f3n<\/p>\n<p>Higiene Y Seguridad Industrial<\/p>\n<p>Proyecto Final[\/vc_column_text][\/vc_column][\/vc_row]<\/p>\n<\/div>","protected":false},"excerpt":{"rendered":"<p>[vc_row][vc_column width=&#8221;2\/3&#8243; conditional_render=&#8221;%5B%7B%22value_role%22%3A%22administrator%22%7D%5D&#8221;][vc_column_text]T\u00e9cnico Superior en Controles Autom\u00e1ticos Industriales. El T\u00e9cnico est\u00e1 capacitado para: Proyectar, dise\u00f1ar y construir componentes y equipos de electr\u00f3nica industrial y de Control industrial, Automatizaci\u00f3n. Proyectar, dise\u00f1ar y calcular instalaciones el\u00e9ctricas para iluminaci\u00f3n, se\u00f1alamiento, comando y fuerza motr\u00edz, l\u00edneas de alimentaci\u00f3n y\/o distribuci\u00f3n de energ\u00eda el\u00e9ctrica, instalaciones de automatizaci\u00f3n y control. &nbsp; [&hellip;]<\/p>\n","protected":false},"author":1,"featured_media":0,"parent":667,"menu_order":0,"comment_status":"closed","ping_status":"closed","template":"","meta":{"footnotes":""},"class_list":["post-929","page","type-page","status-publish","hentry"],"_links":{"self":[{"href":"https:\/\/www.unt.edu.ar\/expount\/wp-json\/wp\/v2\/pages\/929","targetHints":{"allow":["GET"]}}],"collection":[{"href":"https:\/\/www.unt.edu.ar\/expount\/wp-json\/wp\/v2\/pages"}],"about":[{"href":"https:\/\/www.unt.edu.ar\/expount\/wp-json\/wp\/v2\/types\/page"}],"author":[{"embeddable":true,"href":"https:\/\/www.unt.edu.ar\/expount\/wp-json\/wp\/v2\/users\/1"}],"replies":[{"embeddable":true,"href":"https:\/\/www.unt.edu.ar\/expount\/wp-json\/wp\/v2\/comments?post=929"}],"version-history":[{"count":8,"href":"https:\/\/www.unt.edu.ar\/expount\/wp-json\/wp\/v2\/pages\/929\/revisions"}],"predecessor-version":[{"id":1388,"href":"https:\/\/www.unt.edu.ar\/expount\/wp-json\/wp\/v2\/pages\/929\/revisions\/1388"}],"up":[{"embeddable":true,"href":"https:\/\/www.unt.edu.ar\/expount\/wp-json\/wp\/v2\/pages\/667"}],"wp:attachment":[{"href":"https:\/\/www.unt.edu.ar\/expount\/wp-json\/wp\/v2\/media?parent=929"}],"curies":[{"name":"wp","href":"https:\/\/api.w.org\/{rel}","templated":true}]}}