{"id":911,"date":"2022-10-05T11:33:02","date_gmt":"2022-10-05T14:33:02","guid":{"rendered":"http:\/\/www.unt.edu.ar\/expount\/?page_id=911"},"modified":"2024-08-07T13:00:49","modified_gmt":"2024-08-07T16:00:49","slug":"orientacion-juridica","status":"publish","type":"page","link":"https:\/\/www.unt.edu.ar\/expount\/servicios\/orientacion-juridica\/","title":{"rendered":"Orientaci\u00f3n Jur\u00eddica"},"content":{"rendered":"<div class=\"wpb-content-wrapper\"><p>[vc_row wrap_container=&#8221;yes&#8221; conditional_render=&#8221;%5B%7B%22value_role%22%3A%22administrator%22%7D%5D&#8221;][vc_column width=&#8221;2\/3&#8243; conditional_render=&#8221;%5B%7B%22value_role%22%3A%22administrator%22%7D%5D&#8221;][vc_video link=&#8221;https:\/\/www.youtube.com\/watch?v=yJldM4Muboo&#8221;][\/vc_column][vc_column width=&#8221;1\/3&#8243;][vc_custom_heading text=&#8221;Contacto&#8221; font_container=&#8221;tag:h3|font_size:26|text_align:left|line_height:1&#8243; use_theme_fonts=&#8221;yes&#8221; font_weight=&#8221;700&#8243; letter_spacing=&#8221;-0.05&#8243; el_class=&#8221;zigzag pb-3 mb-4&#8243;][vc_column_text]<strong>Direcci\u00f3n:<\/strong> General Paz 826 &#8211; San Miguel de Tucum\u00e1n<br \/>\nTucum\u00e1n \u2013 Argentina<\/p>\n<p><strong>Tel:<\/strong> 0381 421589 Int 19<\/p>\n<p><strong>Mail:<\/strong> orientacionjuridica@rectorado.unt.edu.ar[\/vc_column_text][vc_column_text]<a href=\"https:\/\/sae.unt.edu.ar\/juridico\/\" target=\"_blank\" rel=\"noopener\">M\u00e1s Informaci\u00f3n<\/a>[\/vc_column_text][\/vc_column][\/vc_row][vc_row wrap_container=&#8221;yes&#8221; conditional_render=&#8221;%5B%7B%22value_role%22%3A%22administrator%22%7D%5D&#8221;][vc_column width=&#8221;2\/3&#8243; conditional_render=&#8221;%5B%7B%22value_role%22%3A%22administrator%22%7D%5D&#8221;][vc_column_text]<strong>Orientaci\u00f3n Jur\u00eddica<\/strong><\/p>\n<p>Servicio de asesoramiento Jur\u00eddico gratuito para estudiantes\u00a0de la UNT (de grado y escuelas experimentales)<\/p>\n<p><strong>\u00bfC\u00f3mo acceder al este servicio?<\/strong><\/p>\n<p>Concurriendo personalmente, podr\u00e1s ser asesorado por profesionales del derecho en nuestra oficina ubicada en la Secretaria de Asuntos Estudiantiles, por Mail o al tel\u00e9fono de contacto.<\/p>\n<p><strong>\u00c1mbitos de la Orientaci\u00f3n:<\/strong><\/p>\n<p>-Derechos del Consumidor<\/p>\n<p>-Derecho de Familia<\/p>\n<p>-Derecho Privado.<\/p>\n<p>-Derecho del Trabajo y de la Seguridad Social[\/vc_column_text][\/vc_column][vc_column width=&#8221;1\/3&#8243;][\/vc_column][\/vc_row]<\/p>\n<\/div>","protected":false},"excerpt":{"rendered":"<p>[vc_row wrap_container=&#8221;yes&#8221; conditional_render=&#8221;%5B%7B%22value_role%22%3A%22administrator%22%7D%5D&#8221;][vc_column width=&#8221;2\/3&#8243; conditional_render=&#8221;%5B%7B%22value_role%22%3A%22administrator%22%7D%5D&#8221;][vc_video link=&#8221;https:\/\/www.youtube.com\/watch?v=yJldM4Muboo&#8221;][\/vc_column][vc_column width=&#8221;1\/3&#8243;][vc_custom_heading text=&#8221;Contacto&#8221; font_container=&#8221;tag:h3|font_size:26|text_align:left|line_height:1&#8243; use_theme_fonts=&#8221;yes&#8221; font_weight=&#8221;700&#8243; letter_spacing=&#8221;-0.05&#8243; el_class=&#8221;zigzag pb-3 mb-4&#8243;][vc_column_text]Direcci\u00f3n: General Paz 826 &#8211; San Miguel de Tucum\u00e1n Tucum\u00e1n \u2013 Argentina Tel: 0381 421589 Int 19 Mail: orientacionjuridica@rectorado.unt.edu.ar[\/vc_column_text][vc_column_text]M\u00e1s Informaci\u00f3n[\/vc_column_text][\/vc_column][\/vc_row][vc_row wrap_container=&#8221;yes&#8221; conditional_render=&#8221;%5B%7B%22value_role%22%3A%22administrator%22%7D%5D&#8221;][vc_column width=&#8221;2\/3&#8243; conditional_render=&#8221;%5B%7B%22value_role%22%3A%22administrator%22%7D%5D&#8221;][vc_column_text]Orientaci\u00f3n Jur\u00eddica Servicio de asesoramiento Jur\u00eddico gratuito para estudiantes\u00a0de la UNT (de grado y escuelas experimentales) \u00bfC\u00f3mo acceder [&hellip;]<\/p>\n","protected":false},"author":1,"featured_media":0,"parent":472,"menu_order":0,"comment_status":"closed","ping_status":"closed","template":"","meta":{"footnotes":""},"class_list":["post-911","page","type-page","status-publish","hentry"],"_links":{"self":[{"href":"https:\/\/www.unt.edu.ar\/expount\/wp-json\/wp\/v2\/pages\/911","targetHints":{"allow":["GET"]}}],"collection":[{"href":"https:\/\/www.unt.edu.ar\/expount\/wp-json\/wp\/v2\/pages"}],"about":[{"href":"https:\/\/www.unt.edu.ar\/expount\/wp-json\/wp\/v2\/types\/page"}],"author":[{"embeddable":true,"href":"https:\/\/www.unt.edu.ar\/expount\/wp-json\/wp\/v2\/users\/1"}],"replies":[{"embeddable":true,"href":"https:\/\/www.unt.edu.ar\/expount\/wp-json\/wp\/v2\/comments?post=911"}],"version-history":[{"count":15,"href":"https:\/\/www.unt.edu.ar\/expount\/wp-json\/wp\/v2\/pages\/911\/revisions"}],"predecessor-version":[{"id":1410,"href":"https:\/\/www.unt.edu.ar\/expount\/wp-json\/wp\/v2\/pages\/911\/revisions\/1410"}],"up":[{"embeddable":true,"href":"https:\/\/www.unt.edu.ar\/expount\/wp-json\/wp\/v2\/pages\/472"}],"wp:attachment":[{"href":"https:\/\/www.unt.edu.ar\/expount\/wp-json\/wp\/v2\/media?parent=911"}],"curies":[{"name":"wp","href":"https:\/\/api.w.org\/{rel}","templated":true}]}}