{"id":909,"date":"2022-10-05T11:32:42","date_gmt":"2022-10-05T14:32:42","guid":{"rendered":"http:\/\/www.unt.edu.ar\/expount\/?page_id=909"},"modified":"2024-08-07T13:01:32","modified_gmt":"2024-08-07T16:01:32","slug":"accion-social","status":"publish","type":"page","link":"https:\/\/www.unt.edu.ar\/expount\/servicios\/accion-social\/","title":{"rendered":"Acci\u00f3n Social"},"content":{"rendered":"<div class=\"wpb-content-wrapper\"><p>[vc_row wrap_container=&#8221;yes&#8221; conditional_render=&#8221;%5B%7B%22value_role%22%3A%22administrator%22%7D%5D&#8221;][vc_column width=&#8221;2\/3&#8243; conditional_render=&#8221;%5B%7B%22value_role%22%3A%22administrator%22%7D%5D&#8221;][vc_video link=&#8221;https:\/\/www.youtube.com\/watch?v=d9Wa3h8qIU8&#8243;][\/vc_column][vc_column width=&#8221;1\/3&#8243;][vc_custom_heading text=&#8221;Contacto&#8221; font_container=&#8221;tag:h3|font_size:26|text_align:left|line_height:1&#8243; use_theme_fonts=&#8221;yes&#8221; font_weight=&#8221;700&#8243; letter_spacing=&#8221;-0.05&#8243; el_class=&#8221;zigzag pb-3 mb-4&#8243;][vc_column_text]<strong>Direcci\u00f3n:<\/strong> Jujuy 457 &#8211; San Miguel de Tucum\u00e1n<br \/>\nTucum\u00e1n &#8211; Argentina<\/p>\n<p><strong>Tel:<\/strong> 0381 4247752 Internos: 7040\/7116\/7189<\/p>\n<p><strong>Mail:<\/strong> aspe@rectorado.unt.edu.ar[\/vc_column_text][vc_column_text]<a href=\"https:\/\/sae.unt.edu.ar\/salud\/\" target=\"_blank\" rel=\"noopener\">M\u00e1s Informaci\u00f3n<\/a>[\/vc_column_text][\/vc_column][\/vc_row][vc_row wrap_container=&#8221;yes&#8221; conditional_render=&#8221;%5B%7B%22value_role%22%3A%22administrator%22%7D%5D&#8221;][vc_column width=&#8221;1\/2&#8243; conditional_render=&#8221;%5B%7B%22value_role%22%3A%22administrator%22%7D%5D&#8221;][vc_column_text]Acci\u00f3n Social Para el Estudiante (ASPE) es un servicio de contenci\u00f3n primaria en Salud para los estudiantes afiliados.<\/p>\n<p>Te acompa\u00f1a durante la carrera universitaria gracias a un grupo de profesionales m\u00e9dicos, odont\u00f3logos, bioqu\u00edmicos, psic\u00f3logos, enfermeros y personal de servicio.<\/p>\n<p><strong>Asistencia<\/strong><\/p>\n<p><strong>Consultas M\u00e9dicas<\/strong><b><br \/>\n<\/b>Cl\u00ednica M\u00e9dica<br \/>\nInfectolog\u00eda<br \/>\nTraumatolog\u00eda<br \/>\nEndocrinolog\u00eda<br \/>\nDermatolog\u00eda<br \/>\nKinesiolog\u00eda<br \/>\nNutrici\u00f3n<br \/>\nPediatr\u00eda<\/p>\n<p><strong>An\u00e1lisis cl\u00ednicos<\/strong><b><br \/>\n<\/b>Hematolog\u00eda<br \/>\nQu\u00edmica Cl\u00ednica<br \/>\nSerolog\u00eda<br \/>\nParasitolog\u00eda<br \/>\nBacteriolog\u00eda<br \/>\nMicolog\u00eda.<br \/>\nAn\u00e1lisis de Alta Complejidad<\/p>\n<p><strong>Ex\u00e1menes complementarios<\/strong><b><br \/>\n<\/b>Radiograf\u00edas<br \/>\nEcograf\u00edas<br \/>\nTomograf\u00edas<br \/>\nResonancia Magn\u00e9tica Nuclear<br \/>\nPAP<br \/>\nMamograf\u00edas<\/p>\n<p><strong>Odontolog\u00eda<\/strong><b><br \/>\n<\/b>Operatoria Dental<br \/>\nCirug\u00edas<br \/>\nPeriodoncia<br \/>\nEndodoncia<br \/>\nPr\u00f3tesis<br \/>\nRx<\/p>\n<p><strong>Psicolog\u00eda<\/strong><b><br \/>\n<\/b>Consultas<br \/>\nTratamientos.<br \/>\nConsejer\u00eda para VIH<\/p>\n<p><strong>Enfermer\u00eda<\/strong><b><br \/>\n<\/b>Curaciones<br \/>\nControl de presi\u00f3n arterial<br \/>\nInyecciones<br \/>\nNebulizaciones<br \/>\nVacunaci\u00f3n[\/vc_column_text][\/vc_column][vc_column width=&#8221;1\/2&#8243;][vc_column_text]<strong>Requisitos para la Afiliaci\u00f3n<\/strong><\/p>\n<p><strong>1.<\/strong>Presentaci\u00f3n de la Libreta Universitaria o Certificado Anal\u00edtico con firma y sello donde conste la fecha de la \u00faltima materia aprobada y que no haya transcurrido m\u00e1s de un a\u00f1o de esa fecha de aprobaci\u00f3n.<\/p>\n<p><strong>2.<\/strong>Ingresantes: presentar constancia de inscripci\u00f3n<\/p>\n<p><strong>3.<\/strong>Certificaci\u00f3n Negativa de Obra Social (solicitada por Internet: <a href=\"http:\/\/www.anses.gob.ar\" target=\"_blank\" rel=\"noopener\">www.anses.gob.ar<\/a>)<\/p>\n<p><strong>4.<\/strong>Fotos carnet tama\u00f1o 4&#215;4[\/vc_column_text][vc_column_text]<strong>Servicios para Estudiantes<\/strong><\/p>\n<p><strong>1.Justificaci\u00f3n de Inasistencias<\/strong><br \/>\nASPE justifica inasistencias por enfermedad (Resoluci\u00f3n 2277-998 \/Exp 9043\/976)<br \/>\nPara este tr\u00e1mite el estudiante debe concurrir con la Libreta Universitaria o DNI<br \/>\nContacto: aspe@webmail.unt.edu.ar<\/p>\n<p><strong>2.Prevenci\u00f3n de Salud<\/strong><br \/>\nSalud Sexual<br \/>\nDiagn\u00f3stico de HIV y ETS<br \/>\nDiagn\u00f3stico y seguimiento de enfermedades autoinmunes<\/p>\n<p><strong>3. Vacunaci\u00f3n<br \/>\n<\/strong>ASPE funciona como un centro de vacunaci\u00f3n donde los estudiantes pueden informarse y\u00a0 recibir vacunas previstas en los sistemas p\u00fablicos de prevenci\u00f3n de enfermedades especiales.[\/vc_column_text][\/vc_column][\/vc_row]<\/p>\n<\/div>","protected":false},"excerpt":{"rendered":"<p>[vc_row wrap_container=&#8221;yes&#8221; conditional_render=&#8221;%5B%7B%22value_role%22%3A%22administrator%22%7D%5D&#8221;][vc_column width=&#8221;2\/3&#8243; conditional_render=&#8221;%5B%7B%22value_role%22%3A%22administrator%22%7D%5D&#8221;][vc_video link=&#8221;https:\/\/www.youtube.com\/watch?v=d9Wa3h8qIU8&#8243;][\/vc_column][vc_column width=&#8221;1\/3&#8243;][vc_custom_heading text=&#8221;Contacto&#8221; font_container=&#8221;tag:h3|font_size:26|text_align:left|line_height:1&#8243; use_theme_fonts=&#8221;yes&#8221; font_weight=&#8221;700&#8243; letter_spacing=&#8221;-0.05&#8243; el_class=&#8221;zigzag pb-3 mb-4&#8243;][vc_column_text]Direcci\u00f3n: Jujuy 457 &#8211; San Miguel de Tucum\u00e1n Tucum\u00e1n &#8211; Argentina Tel: 0381 4247752 Internos: 7040\/7116\/7189 Mail: aspe@rectorado.unt.edu.ar[\/vc_column_text][vc_column_text]M\u00e1s Informaci\u00f3n[\/vc_column_text][\/vc_column][\/vc_row][vc_row wrap_container=&#8221;yes&#8221; conditional_render=&#8221;%5B%7B%22value_role%22%3A%22administrator%22%7D%5D&#8221;][vc_column width=&#8221;1\/2&#8243; conditional_render=&#8221;%5B%7B%22value_role%22%3A%22administrator%22%7D%5D&#8221;][vc_column_text]Acci\u00f3n Social Para el Estudiante (ASPE) es un servicio de contenci\u00f3n primaria en Salud para los estudiantes afiliados. Te [&hellip;]<\/p>\n","protected":false},"author":1,"featured_media":0,"parent":472,"menu_order":0,"comment_status":"closed","ping_status":"closed","template":"","meta":{"footnotes":""},"class_list":["post-909","page","type-page","status-publish","hentry"],"_links":{"self":[{"href":"https:\/\/www.unt.edu.ar\/expount\/wp-json\/wp\/v2\/pages\/909","targetHints":{"allow":["GET"]}}],"collection":[{"href":"https:\/\/www.unt.edu.ar\/expount\/wp-json\/wp\/v2\/pages"}],"about":[{"href":"https:\/\/www.unt.edu.ar\/expount\/wp-json\/wp\/v2\/types\/page"}],"author":[{"embeddable":true,"href":"https:\/\/www.unt.edu.ar\/expount\/wp-json\/wp\/v2\/users\/1"}],"replies":[{"embeddable":true,"href":"https:\/\/www.unt.edu.ar\/expount\/wp-json\/wp\/v2\/comments?post=909"}],"version-history":[{"count":23,"href":"https:\/\/www.unt.edu.ar\/expount\/wp-json\/wp\/v2\/pages\/909\/revisions"}],"predecessor-version":[{"id":1423,"href":"https:\/\/www.unt.edu.ar\/expount\/wp-json\/wp\/v2\/pages\/909\/revisions\/1423"}],"up":[{"embeddable":true,"href":"https:\/\/www.unt.edu.ar\/expount\/wp-json\/wp\/v2\/pages\/472"}],"wp:attachment":[{"href":"https:\/\/www.unt.edu.ar\/expount\/wp-json\/wp\/v2\/media?parent=909"}],"curies":[{"name":"wp","href":"https:\/\/api.w.org\/{rel}","templated":true}]}}