{"id":906,"date":"2022-10-05T11:28:11","date_gmt":"2022-10-05T14:28:11","guid":{"rendered":"http:\/\/www.unt.edu.ar\/expount\/?page_id=906"},"modified":"2024-08-07T13:04:49","modified_gmt":"2024-08-07T16:04:49","slug":"becas","status":"publish","type":"page","link":"https:\/\/www.unt.edu.ar\/expount\/servicios\/becas\/","title":{"rendered":"Becas"},"content":{"rendered":"<div class=\"wpb-content-wrapper\"><p>[vc_row wrap_container=&#8221;yes&#8221; conditional_render=&#8221;%5B%7B%22value_role%22%3A%22administrator%22%7D%5D&#8221;][vc_column width=&#8221;2\/3&#8243;][vc_video link=&#8221;https:\/\/www.youtube.com\/watch?v=DipLTheLNyc&#8221;][\/vc_column][vc_column width=&#8221;1\/3&#8243;][vc_custom_heading text=&#8221;Contacto&#8221; font_container=&#8221;tag:h3|font_size:26|text_align:left|line_height:1&#8243; use_theme_fonts=&#8221;yes&#8221; font_weight=&#8221;700&#8243; letter_spacing=&#8221;-0.05&#8243; el_class=&#8221;zigzag pb-3 mb-4&#8243;][vc_column_text]<strong>Tel:<\/strong> 381 4201465<\/p>\n<p><strong>Whatsapp:<\/strong> 3813671601<\/p>\n<p><strong>Mail:<\/strong> becas@rectorado.unt.edu.ar<\/p>\n<p>&nbsp;<\/p>\n<p>[\/vc_column_text][vc_column_text]<a href=\"https:\/\/sae.unt.edu.ar\/becas\/\" target=\"_blank\" rel=\"noopener\">M\u00e1s informaci\u00f3n<\/a>[\/vc_column_text][\/vc_column][\/vc_row][vc_row wrap_container=&#8221;yes&#8221; conditional_render=&#8221;%5B%7B%22value_role%22%3A%22administrator%22%7D%5D&#8221;][vc_column width=&#8221;1\/3&#8243;][vc_custom_heading text=&#8221;La Direcci\u00f3n General de Becas de la Secretar\u00eda de Asuntos Estudiantiles otorga ayudas econ\u00f3micas para cursar carreras de grado y terciarias de la UNT.<\/p>\n<p>Acompa\u00f1amos tu carrera<br \/>\nApoyamos tus metas.<br \/>\nCuidamos tu paso por la Universidad&#8221; font_container=&#8221;tag:p|font_size:16|text_align:left&#8221; use_theme_fonts=&#8221;yes&#8221; letter_spacing=&#8221;0&#8243; animation_delay=&#8221;1000&#8243; el_class=&#8221;mb-4&#8243; animation_type=&#8221;fadeIn&#8221;][\/vc_column][vc_column width=&#8221;1\/3&#8243;][vc_column_text]<strong>Becas:<\/strong><\/p>\n<p><strong>Becas Progresar<\/strong><br \/>\n<strong>Becas Estrat\u00e9gicas Manuel Belgrano<\/strong><br \/>\n<strong>Becas Juan B. Ter\u00e1n<\/strong><br \/>\n<strong>BEGUT<\/strong> (Boleto del Interior)<br \/>\n<strong>BUG<\/strong> (Boleto para San Miguel de Tucum\u00e1n)<\/p>\n<p>[\/vc_column_text][\/vc_column][vc_column width=&#8221;1\/3&#8243;][\/vc_column][\/vc_row]<\/p>\n<\/div>","protected":false},"excerpt":{"rendered":"<p>[vc_row wrap_container=&#8221;yes&#8221; conditional_render=&#8221;%5B%7B%22value_role%22%3A%22administrator%22%7D%5D&#8221;][vc_column width=&#8221;2\/3&#8243;][vc_video link=&#8221;https:\/\/www.youtube.com\/watch?v=DipLTheLNyc&#8221;][\/vc_column][vc_column width=&#8221;1\/3&#8243;][vc_custom_heading text=&#8221;Contacto&#8221; font_container=&#8221;tag:h3|font_size:26|text_align:left|line_height:1&#8243; use_theme_fonts=&#8221;yes&#8221; font_weight=&#8221;700&#8243; letter_spacing=&#8221;-0.05&#8243; el_class=&#8221;zigzag pb-3 mb-4&#8243;][vc_column_text]Tel: 381 4201465 Whatsapp: 3813671601 Mail: becas@rectorado.unt.edu.ar &nbsp; [\/vc_column_text][vc_column_text]M\u00e1s informaci\u00f3n[\/vc_column_text][\/vc_column][\/vc_row][vc_row wrap_container=&#8221;yes&#8221; conditional_render=&#8221;%5B%7B%22value_role%22%3A%22administrator%22%7D%5D&#8221;][vc_column width=&#8221;1\/3&#8243;][vc_custom_heading text=&#8221;La Direcci\u00f3n General de Becas de la Secretar\u00eda de Asuntos Estudiantiles otorga ayudas econ\u00f3micas para cursar carreras de grado y terciarias de la UNT. Acompa\u00f1amos tu carrera Apoyamos tus [&hellip;]<\/p>\n","protected":false},"author":1,"featured_media":0,"parent":472,"menu_order":0,"comment_status":"closed","ping_status":"closed","template":"","meta":{"footnotes":""},"class_list":["post-906","page","type-page","status-publish","hentry"],"_links":{"self":[{"href":"https:\/\/www.unt.edu.ar\/expount\/wp-json\/wp\/v2\/pages\/906","targetHints":{"allow":["GET"]}}],"collection":[{"href":"https:\/\/www.unt.edu.ar\/expount\/wp-json\/wp\/v2\/pages"}],"about":[{"href":"https:\/\/www.unt.edu.ar\/expount\/wp-json\/wp\/v2\/types\/page"}],"author":[{"embeddable":true,"href":"https:\/\/www.unt.edu.ar\/expount\/wp-json\/wp\/v2\/users\/1"}],"replies":[{"embeddable":true,"href":"https:\/\/www.unt.edu.ar\/expount\/wp-json\/wp\/v2\/comments?post=906"}],"version-history":[{"count":9,"href":"https:\/\/www.unt.edu.ar\/expount\/wp-json\/wp\/v2\/pages\/906\/revisions"}],"predecessor-version":[{"id":1416,"href":"https:\/\/www.unt.edu.ar\/expount\/wp-json\/wp\/v2\/pages\/906\/revisions\/1416"}],"up":[{"embeddable":true,"href":"https:\/\/www.unt.edu.ar\/expount\/wp-json\/wp\/v2\/pages\/472"}],"wp:attachment":[{"href":"https:\/\/www.unt.edu.ar\/expount\/wp-json\/wp\/v2\/media?parent=906"}],"curies":[{"name":"wp","href":"https:\/\/api.w.org\/{rel}","templated":true}]}}