{"id":665,"date":"2022-09-22T16:12:43","date_gmt":"2022-09-22T19:12:43","guid":{"rendered":"http:\/\/www.unt.edu.ar\/expount\/?page_id=665"},"modified":"2024-11-11T11:56:01","modified_gmt":"2024-11-11T14:56:01","slug":"instituto-superior-de-musica","status":"publish","type":"page","link":"https:\/\/www.unt.edu.ar\/expount\/facultades-y-escuelas\/instituto-superior-de-musica\/","title":{"rendered":"Instituto Superior de M\u00fasica"},"content":{"rendered":"<div class=\"wpb-content-wrapper\"><p>[vc_row wrap_container=&#8221;yes&#8221; conditional_render=&#8221;%5B%7B%22value_role%22%3A%22administrator%22%7D%5D&#8221;][vc_column width=&#8221;2\/3&#8243;][vc_video link=&#8221;https:\/\/www.youtube.com\/watch?v=hGRHtgIJdMY&#8221;][\/vc_column][vc_column width=&#8221;1\/3&#8243;][vc_custom_heading text=&#8221;El ISMUNT fue creado en 1948. Desde entonces ha ejercido una ininterrumpida labor en la formaci\u00f3n de m\u00fasicos y educadores musicales con un nivel acad\u00e9mico de excelencia.<br \/>\nDe prestigio en la provincia y la regi\u00f3n, actualmente lo posiciona hoy entre las instituciones art\u00edstico musicales m\u00e1s destacadas de nuestro pa\u00eds.&#8221; font_container=&#8221;tag:p|font_size:16|text_align:left&#8221; use_theme_fonts=&#8221;yes&#8221; letter_spacing=&#8221;0&#8243; animation_delay=&#8221;1000&#8243; el_class=&#8221;mb-4&#8243; animation_type=&#8221;fadeIn&#8221;][\/vc_column][\/vc_row][vc_row wrap_container=&#8221;yes&#8221; conditional_render=&#8221;%5B%7B%22value_role%22%3A%22administrator%22%7D%5D&#8221;][vc_column width=&#8221;1\/3&#8243;][vc_custom_heading text=&#8221;Carreras&#8221; font_container=&#8221;tag:h3|font_size:26|text_align:left|line_height:1&#8243; use_theme_fonts=&#8221;yes&#8221; font_weight=&#8221;700&#8243; letter_spacing=&#8221;-0.05&#8243; el_class=&#8221;zigzag pb-3 mb-4&#8243;][vc_custom_heading text=&#8221;Profesorado en M\u00fasica Orientaci\u00f3n Educaci\u00f3n Musical &#8211; 4 A\u00f1os&#8221; font_container=&#8221;tag:p|font_size:16|text_align:left|line_height:1.5&#8243; use_theme_fonts=&#8221;yes&#8221; font_weight=&#8221;500&#8243; animation_delay=&#8221;200&#8243; animation_type=&#8221;fadeIn&#8221; el_class=&#8221;mb-4 list-unstyled&#8221; link=&#8221;url:http%3A%2F%2Fwww.unt.edu.ar%2Fexpount%2Ffacultades-y-escuelas%2Finstituto-superior-de-musica%2Fprofesorado-en-musica-con-orientacion-en-educacion-musical%2F|title:Profesorado%20en%20M%C3%BAsica%20con%20Orientaci%C3%B3n%20en%20Educaci%C3%B3n%20Musical|target:_blank&#8221;][vc_custom_heading text=&#8221;Profesorado en M\u00fasica Orientaci\u00f3n Direcci\u00f3n Coral &#8211; 4 A\u00f1os&#8221; font_container=&#8221;tag:p|font_size:16|text_align:left|line_height:1.5&#8243; use_theme_fonts=&#8221;yes&#8221; font_weight=&#8221;500&#8243; animation_delay=&#8221;200&#8243; animation_type=&#8221;fadeIn&#8221; el_class=&#8221;mb-4 list-unstyled&#8221; link=&#8221;url:http%3A%2F%2Fwww.unt.edu.ar%2Fexpount%2Ffacultades-y-escuelas%2Finstituto-superior-de-musica%2Fprofesorado-en-musica-con-orientacion-en-direccion-coral%2F|title:Profesorado%20en%20M%C3%BAsica%20con%20Orientaci%C3%B3n%20en%20Direcci%C3%B3n%20Coral|target:_blank&#8221;][vc_custom_heading text=&#8221;Profesorado en M\u00fasica Orientaci\u00f3n Instrumento &#8211; 4 A\u00f1os&#8221; font_container=&#8221;tag:p|font_size:16|text_align:left|line_height:1.5&#8243; use_theme_fonts=&#8221;yes&#8221; font_weight=&#8221;500&#8243; animation_delay=&#8221;200&#8243; animation_type=&#8221;fadeIn&#8221; el_class=&#8221;mb-4 list-unstyled&#8221; link=&#8221;url:http%3A%2F%2Fwww.unt.edu.ar%2Fexpount%2Ffacultades-y-escuelas%2Finstituto-superior-de-musica%2Fprofesorado-en-musica-con-orientacion-en-instrumento%2F|title:Profesorado%20en%20M%C3%BAsica%20con%20Orientaci%C3%B3n%20en%20Instrumento|target:_blank&#8221;][\/vc_column][vc_column width=&#8221;1\/3&#8243;][vc_custom_heading text=&#8221;Contacto&#8221; font_container=&#8221;tag:h3|font_size:26|text_align:left|line_height:1&#8243; use_theme_fonts=&#8221;yes&#8221; font_weight=&#8221;700&#8243; letter_spacing=&#8221;-0.05&#8243; el_class=&#8221;zigzag pb-3 mb-4&#8243;][vc_column_text]<strong>Direcci\u00f3n:<\/strong> Chacabuco 242 &#8211; San Miguel de Tucum\u00e1n<br \/>\nTucum\u00e1n &#8211; Argentina<\/p>\n<p><strong>Tel:<\/strong> 381 4220751<\/p>\n<p><strong>Mail:<\/strong> ismusica.unt@gmail.com<\/p>\n<p><strong>Web:<\/strong> <a href=\"http:\/\/www.ismunt.unt.edu.ar\" target=\"_blank\" rel=\"noopener\">www.ismunt.unt.edu.ar<\/a>[\/vc_column_text]<div class=\"porto-u-icons\"><a class=\"porto-icon fab fa-instagram \"  style=\"color:#dd3333;font-size:32px;margin-right:5px;\" href=\"https:\/\/www.instagram.com\/ismusica.unt\/\" target='_blank'><\/a><\/div>[\/vc_column][vc_column width=&#8221;1\/3&#8243;][\/vc_column][\/vc_row][vc_row][vc_column][vc_column_text]<span style=\"visibility: hidden; display: none;\">M\u00fasica, Educaci\u00f3n musical, Direcci\u00f3n coral, Ense\u00f1anza de instrumentos, Pedagog\u00eda musical, Historia de la m\u00fasica, Did\u00e1ctica musical, Pr\u00e1ctica instrumental, Armon\u00eda, Solfeo, T\u00e9cnica vocal, Ensembles, Producci\u00f3n de conciertos, Composici\u00f3n musical, Creaci\u00f3n musical, Direcci\u00f3n de orquesta, Metodolog\u00eda de ense\u00f1anza musical, Interpretaci\u00f3n coral, M\u00fasica coral, Docencia en m\u00fasica, <\/span>[\/vc_column_text][\/vc_column][\/vc_row]<\/p>\n<\/div>","protected":false},"excerpt":{"rendered":"<p>[vc_row wrap_container=&#8221;yes&#8221; conditional_render=&#8221;%5B%7B%22value_role%22%3A%22administrator%22%7D%5D&#8221;][vc_column width=&#8221;2\/3&#8243;][vc_video link=&#8221;https:\/\/www.youtube.com\/watch?v=hGRHtgIJdMY&#8221;][\/vc_column][vc_column width=&#8221;1\/3&#8243;][vc_custom_heading text=&#8221;El ISMUNT fue creado en 1948. Desde entonces ha ejercido una ininterrumpida labor en la formaci\u00f3n de m\u00fasicos y educadores musicales con un nivel acad\u00e9mico de excelencia. De prestigio en la provincia y la regi\u00f3n, actualmente lo posiciona hoy entre las instituciones art\u00edstico musicales m\u00e1s destacadas de nuestro pa\u00eds.&#8221; [&hellip;]<\/p>\n","protected":false},"author":1,"featured_media":0,"parent":10,"menu_order":0,"comment_status":"closed","ping_status":"closed","template":"","meta":{"footnotes":""},"class_list":["post-665","page","type-page","status-publish","hentry"],"_links":{"self":[{"href":"https:\/\/www.unt.edu.ar\/expount\/wp-json\/wp\/v2\/pages\/665","targetHints":{"allow":["GET"]}}],"collection":[{"href":"https:\/\/www.unt.edu.ar\/expount\/wp-json\/wp\/v2\/pages"}],"about":[{"href":"https:\/\/www.unt.edu.ar\/expount\/wp-json\/wp\/v2\/types\/page"}],"author":[{"embeddable":true,"href":"https:\/\/www.unt.edu.ar\/expount\/wp-json\/wp\/v2\/users\/1"}],"replies":[{"embeddable":true,"href":"https:\/\/www.unt.edu.ar\/expount\/wp-json\/wp\/v2\/comments?post=665"}],"version-history":[{"count":14,"href":"https:\/\/www.unt.edu.ar\/expount\/wp-json\/wp\/v2\/pages\/665\/revisions"}],"predecessor-version":[{"id":1479,"href":"https:\/\/www.unt.edu.ar\/expount\/wp-json\/wp\/v2\/pages\/665\/revisions\/1479"}],"up":[{"embeddable":true,"href":"https:\/\/www.unt.edu.ar\/expount\/wp-json\/wp\/v2\/pages\/10"}],"wp:attachment":[{"href":"https:\/\/www.unt.edu.ar\/expount\/wp-json\/wp\/v2\/media?parent=665"}],"curies":[{"name":"wp","href":"https:\/\/api.w.org\/{rel}","templated":true}]}}