{"id":663,"date":"2022-09-22T16:12:16","date_gmt":"2022-09-22T19:12:16","guid":{"rendered":"http:\/\/www.unt.edu.ar\/expount\/?page_id=663"},"modified":"2025-09-16T11:15:42","modified_gmt":"2025-09-16T14:15:42","slug":"escuela-y-liceo-vocacional-sarmiento","status":"publish","type":"page","link":"https:\/\/www.unt.edu.ar\/expount\/facultades-y-escuelas\/escuela-y-liceo-vocacional-sarmiento\/","title":{"rendered":"Escuela y Liceo Vocacional Sarmiento"},"content":{"rendered":"<div class=\"wpb-content-wrapper\"><p>[vc_row wrap_container=&#8221;yes&#8221; conditional_render=&#8221;%5B%7B%22value_role%22%3A%22administrator%22%7D%5D&#8221;][vc_column width=&#8221;2\/3&#8243;][vc_video link=&#8221;https:\/\/www.youtube.com\/watch?v=2IwpzHdPgho&#8221;][\/vc_column][vc_column width=&#8221;1\/3&#8243;][vc_custom_heading text=&#8221;La Escuela y Liceo Vocacional Sarmiento es una Instituci\u00f3n Educativa dependiente de la UNT. Su estructura abarca desde el Nivel Inicial hasta el Nivel Superior.&#8221; font_container=&#8221;tag:p|font_size:16|text_align:left&#8221; use_theme_fonts=&#8221;yes&#8221; letter_spacing=&#8221;0&#8243; animation_delay=&#8221;1000&#8243; el_class=&#8221;mb-4&#8243; animation_type=&#8221;fadeIn&#8221;][vc_custom_heading text=&#8221;Desde 1904 se propone formar docentes dispuestos a llevar adelante una educaci\u00f3n problematizadora, liberadora, capaces de enfrentar desaf\u00edos y de provocar nuevas comprensiones que son necesarias hoy.&#8221; font_container=&#8221;tag:p|font_size:16|text_align:left&#8221; use_theme_fonts=&#8221;yes&#8221; letter_spacing=&#8221;0&#8243; animation_delay=&#8221;1000&#8243; el_class=&#8221;mb-4&#8243; animation_type=&#8221;fadeIn&#8221;][\/vc_column][\/vc_row][vc_row wrap_container=&#8221;yes&#8221; conditional_render=&#8221;%5B%7B%22value_role%22%3A%22administrator%22%7D%5D&#8221;][vc_column width=&#8221;1\/3&#8243;][vc_custom_heading text=&#8221;Carreras&#8221; font_container=&#8221;tag:h3|font_size:26|text_align:left|line_height:1&#8243; use_theme_fonts=&#8221;yes&#8221; font_weight=&#8221;700&#8243; letter_spacing=&#8221;-0.05&#8243; el_class=&#8221;zigzag pb-3 mb-4&#8243;][vc_custom_heading text=&#8221;Profesorado de Educaci\u00f3n Primaria &#8211; 4 A\u00f1os&#8221; font_container=&#8221;tag:p|font_size:16|text_align:left|line_height:1.5&#8243; use_theme_fonts=&#8221;yes&#8221; css=&#8221;&#8221; font_weight=&#8221;500&#8243; animation_delay=&#8221;200&#8243; animation_type=&#8221;fadeIn&#8221; el_class=&#8221;mb-4 list-unstyled&#8221; link=&#8221;url:https%3A%2F%2Felvs-tuc.infd.edu.ar%2Fsitio%2Fprofesorado-de-educacion-primaria%2F|target:_blank&#8221;][vc_custom_heading text=&#8221;Profesorado de Educaci\u00f3n Inicial &#8211; 4 A\u00f1os&#8221; font_container=&#8221;tag:p|font_size:16|text_align:left|line_height:1.5&#8243; use_theme_fonts=&#8221;yes&#8221; css=&#8221;&#8221; font_weight=&#8221;500&#8243; animation_delay=&#8221;200&#8243; animation_type=&#8221;fadeIn&#8221; el_class=&#8221;mb-4 list-unstyled&#8221; link=&#8221;url:https%3A%2F%2Felvs-tuc.infd.edu.ar%2Fsitio%2Fprofesorado-de-educacion-inicial%2F|target:_blank&#8221;][\/vc_column][vc_column width=&#8221;1\/3&#8243;][vc_custom_heading text=&#8221;Contacto&#8221; font_container=&#8221;tag:h3|font_size:26|text_align:left|line_height:1&#8243; use_theme_fonts=&#8221;yes&#8221; font_weight=&#8221;700&#8243; letter_spacing=&#8221;-0.05&#8243; el_class=&#8221;zigzag pb-3 mb-4&#8243;][vc_column_text]<strong>Direcciones:<\/strong> Virgen de La Merced 29 &#8211; Virgen de La Merced 55 &#8211; San Miguel de Tucum\u00e1n &#8211; Tucum\u00e1n &#8211; Argentina<\/p>\n<p><strong>Tels:<\/strong> 4211071- 4222410<\/p>\n<p><strong>Web:<\/strong> <a href=\"https:\/\/elvs-tuc.infd.edu.ar\/sitio\/\" target=\"_blank\" rel=\"noopener\">http:\/\/elvs.tuc.infd.edu.ar<\/a>[\/vc_column_text][\/vc_column][vc_column width=&#8221;1\/3&#8243;][\/vc_column][\/vc_row][vc_row][vc_column][vc_column_text]<span>Educaci\u00f3n primaria, Did\u00e1ctica, Pedagog\u00eda, Psicolog\u00eda infantil, Desarrollo infantil, Juegos did\u00e1cticos, Estrategias de ense\u00f1anza, Metodolog\u00edas educativas, Planificaci\u00f3n de clases, Curr\u00edculo escolar, Educaci\u00f3n inclusiva, Aprendizaje l\u00fadico, Docencia infantil, Pr\u00e1cticas escolares, Proyectos educativos, Intervenci\u00f3n en aula, Recursos did\u00e1cticos, Ense\u00f1anza inicial, Formaci\u00f3n docente, Evaluaci\u00f3n educativa, Educaci\u00f3n inicial, Ense\u00f1anza en primera infancia, Psicopedagog\u00eda infantil, Desarrollo cognitivo, Juegos educativos, Did\u00e1ctica infantil, Estrategias pedag\u00f3gicas, Desarrollo emocional, Pr\u00e1ctica docente, Educaci\u00f3n temprana, Estimulaci\u00f3n temprana, Planificaci\u00f3n de clases, Aprendizaje a trav\u00e9s del juego, Recursos para ni\u00f1os, Innovaci\u00f3n educativa, Cuidado de ni\u00f1os, Intervenci\u00f3n en aula, Educaci\u00f3n inclusiva<\/span>[\/vc_column_text][\/vc_column][\/vc_row]<\/p>\n<\/div>","protected":false},"excerpt":{"rendered":"<p>[vc_row wrap_container=&#8221;yes&#8221; conditional_render=&#8221;%5B%7B%22value_role%22%3A%22administrator%22%7D%5D&#8221;][vc_column width=&#8221;2\/3&#8243;][vc_video link=&#8221;https:\/\/www.youtube.com\/watch?v=2IwpzHdPgho&#8221;][\/vc_column][vc_column width=&#8221;1\/3&#8243;][vc_custom_heading text=&#8221;La Escuela y Liceo Vocacional Sarmiento es una Instituci\u00f3n Educativa dependiente de la UNT. Su estructura abarca desde el Nivel Inicial hasta el Nivel Superior.&#8221; font_container=&#8221;tag:p|font_size:16|text_align:left&#8221; use_theme_fonts=&#8221;yes&#8221; letter_spacing=&#8221;0&#8243; animation_delay=&#8221;1000&#8243; el_class=&#8221;mb-4&#8243; animation_type=&#8221;fadeIn&#8221;][vc_custom_heading text=&#8221;Desde 1904 se propone formar docentes dispuestos a llevar adelante una educaci\u00f3n problematizadora, liberadora, capaces de enfrentar desaf\u00edos [&hellip;]<\/p>\n","protected":false},"author":1,"featured_media":0,"parent":10,"menu_order":0,"comment_status":"closed","ping_status":"closed","template":"","meta":{"footnotes":""},"class_list":["post-663","page","type-page","status-publish","hentry"],"_links":{"self":[{"href":"https:\/\/www.unt.edu.ar\/expount\/wp-json\/wp\/v2\/pages\/663","targetHints":{"allow":["GET"]}}],"collection":[{"href":"https:\/\/www.unt.edu.ar\/expount\/wp-json\/wp\/v2\/pages"}],"about":[{"href":"https:\/\/www.unt.edu.ar\/expount\/wp-json\/wp\/v2\/types\/page"}],"author":[{"embeddable":true,"href":"https:\/\/www.unt.edu.ar\/expount\/wp-json\/wp\/v2\/users\/1"}],"replies":[{"embeddable":true,"href":"https:\/\/www.unt.edu.ar\/expount\/wp-json\/wp\/v2\/comments?post=663"}],"version-history":[{"count":12,"href":"https:\/\/www.unt.edu.ar\/expount\/wp-json\/wp\/v2\/pages\/663\/revisions"}],"predecessor-version":[{"id":1511,"href":"https:\/\/www.unt.edu.ar\/expount\/wp-json\/wp\/v2\/pages\/663\/revisions\/1511"}],"up":[{"embeddable":true,"href":"https:\/\/www.unt.edu.ar\/expount\/wp-json\/wp\/v2\/pages\/10"}],"wp:attachment":[{"href":"https:\/\/www.unt.edu.ar\/expount\/wp-json\/wp\/v2\/media?parent=663"}],"curies":[{"name":"wp","href":"https:\/\/api.w.org\/{rel}","templated":true}]}}