{"id":661,"date":"2022-09-22T16:11:36","date_gmt":"2022-09-22T19:11:36","guid":{"rendered":"http:\/\/www.unt.edu.ar\/expount\/?page_id=661"},"modified":"2024-11-11T11:02:34","modified_gmt":"2024-11-11T14:02:34","slug":"escuela-de-bellas-artes","status":"publish","type":"page","link":"https:\/\/www.unt.edu.ar\/expount\/facultades-y-escuelas\/escuela-de-bellas-artes\/","title":{"rendered":"Escuela de Bellas Artes"},"content":{"rendered":"<div class=\"wpb-content-wrapper\"><p>[vc_row wrap_container=&#8221;yes&#8221; conditional_render=&#8221;%5B%7B%22value_role%22%3A%22administrator%22%7D%5D&#8221;][vc_column width=&#8221;2\/3&#8243;][vc_video link=&#8221;https:\/\/www.youtube.com\/watch?v=UDJpNLINt-0&#8243;][\/vc_column][vc_column width=&#8221;1\/3&#8243;][vc_custom_heading text=&#8221;La Escuela de Bellas Artes (EBA) es la \u00fanica instituci\u00f3n formadora de nivel superior en su especialidad en nuestra provincia y en el Norte Grande.&#8221; font_container=&#8221;tag:p|font_size:16|text_align:left&#8221; use_theme_fonts=&#8221;yes&#8221; letter_spacing=&#8221;0&#8243; animation_delay=&#8221;1000&#8243; el_class=&#8221;mb-4&#8243; animation_type=&#8221;fadeIn&#8221;][vc_custom_heading text=&#8221;Desde hace 110 a\u00f1os, su propuesta acad\u00e9mica experimental la ubica como centro de innovaci\u00f3n pedag\u00f3gica y espacio de aporte a la construcci\u00f3n de la escena local y regional.&#8221; font_container=&#8221;tag:p|font_size:16|text_align:left&#8221; use_theme_fonts=&#8221;yes&#8221; letter_spacing=&#8221;0&#8243; animation_delay=&#8221;1000&#8243; el_class=&#8221;mb-4&#8243; animation_type=&#8221;fadeIn&#8221;][\/vc_column][\/vc_row][vc_row wrap_container=&#8221;yes&#8221; conditional_render=&#8221;%5B%7B%22value_role%22%3A%22administrator%22%7D%5D&#8221;][vc_column width=&#8221;1\/3&#8243;][vc_custom_heading text=&#8221;Carreras&#8221; font_container=&#8221;tag:h3|font_size:26|text_align:left|line_height:1&#8243; use_theme_fonts=&#8221;yes&#8221; font_weight=&#8221;700&#8243; letter_spacing=&#8221;-0.05&#8243; el_class=&#8221;zigzag pb-3 mb-4&#8243;][vc_custom_heading text=&#8221;Profesorado en Artes Visuales &#8211; 4 A\u00f1os&#8221; font_container=&#8221;tag:p|font_size:16|text_align:left|line_height:1.5&#8243; use_theme_fonts=&#8221;yes&#8221; font_weight=&#8221;500&#8243; animation_delay=&#8221;200&#8243; animation_type=&#8221;fadeIn&#8221; el_class=&#8221;mb-4 list-unstyled&#8221; link=&#8221;url:https%3A%2F%2Fwww.unt.edu.ar%2Fexpount%2Ffacultades-y-escuelas%2Fescuela-de-bellas-artes%2Fprofesorado-en-artes-visuales%2F|target:_blank&#8221;][\/vc_column][vc_column width=&#8221;1\/3&#8243;][vc_custom_heading text=&#8221;Contacto&#8221; font_container=&#8221;tag:h3|font_size:26|text_align:left|line_height:1&#8243; use_theme_fonts=&#8221;yes&#8221; font_weight=&#8221;700&#8243; letter_spacing=&#8221;-0.05&#8243; el_class=&#8221;zigzag pb-3 mb-4&#8243;][vc_column_text]<strong>Direcci\u00f3n:<\/strong> Av. Sarmiento 1149 &#8211; San Miguel de Tucum\u00e1n<br \/>\nTucum\u00e1n &#8211; Argentina<\/p>\n<p><b>Mail: <\/b>contacto@eba.unt.edu.ar<\/p>\n<p><strong>Tels:<\/strong> 0381- 4527553 \/ 4527556<\/p>\n<p><strong>Web:<\/strong><a href=\"http:\/\/www.eba.unt.edu.ar\" target=\"_blank\" rel=\"noopener\"> www.eba.unt.edu.ar<\/a>[\/vc_column_text]<div class=\"porto-u-icons\"><a class=\"porto-icon fab fa-facebook \"  style=\"color:#1e73be;font-size:32px;margin-right:5px;\" href=\"https:\/\/www.facebook.com\/eba.unt\" target='_blank'><\/a><\/div>[\/vc_column][vc_column width=&#8221;1\/3&#8243;][\/vc_column][\/vc_row][vc_row][vc_column][vc_column_text]<span style=\"visibility: hidden; display: none;\">Artes visuales, Educaci\u00f3n art\u00edstica, Did\u00e1ctica de arte, T\u00e9cnicas art\u00edsticas, Historia del arte, Talleres de creaci\u00f3n, Pedagog\u00eda en arte, Ense\u00f1anza en artes pl\u00e1sticas, Dibujo y pintura, Escultura, Proyectos educativos, Innovaci\u00f3n en el arte, Arte contempor\u00e1neo, Estudio del color, Creaci\u00f3n visual, Producci\u00f3n art\u00edstica, Pr\u00e1cticas docentes, An\u00e1lisis de obras, Cr\u00edtica art\u00edstica, Expresi\u00f3n art\u00edstica, Museograf\u00eda educativa<\/span>[\/vc_column_text][\/vc_column][\/vc_row]<\/p>\n<\/div>","protected":false},"excerpt":{"rendered":"<p>[vc_row wrap_container=&#8221;yes&#8221; conditional_render=&#8221;%5B%7B%22value_role%22%3A%22administrator%22%7D%5D&#8221;][vc_column width=&#8221;2\/3&#8243;][vc_video link=&#8221;https:\/\/www.youtube.com\/watch?v=UDJpNLINt-0&#8243;][\/vc_column][vc_column width=&#8221;1\/3&#8243;][vc_custom_heading text=&#8221;La Escuela de Bellas Artes (EBA) es la \u00fanica instituci\u00f3n formadora de nivel superior en su especialidad en nuestra provincia y en el Norte Grande.&#8221; font_container=&#8221;tag:p|font_size:16|text_align:left&#8221; use_theme_fonts=&#8221;yes&#8221; letter_spacing=&#8221;0&#8243; animation_delay=&#8221;1000&#8243; el_class=&#8221;mb-4&#8243; animation_type=&#8221;fadeIn&#8221;][vc_custom_heading text=&#8221;Desde hace 110 a\u00f1os, su propuesta acad\u00e9mica experimental la ubica como centro de innovaci\u00f3n pedag\u00f3gica y espacio de [&hellip;]<\/p>\n","protected":false},"author":1,"featured_media":0,"parent":10,"menu_order":0,"comment_status":"closed","ping_status":"closed","template":"","meta":{"footnotes":""},"class_list":["post-661","page","type-page","status-publish","hentry"],"_links":{"self":[{"href":"https:\/\/www.unt.edu.ar\/expount\/wp-json\/wp\/v2\/pages\/661","targetHints":{"allow":["GET"]}}],"collection":[{"href":"https:\/\/www.unt.edu.ar\/expount\/wp-json\/wp\/v2\/pages"}],"about":[{"href":"https:\/\/www.unt.edu.ar\/expount\/wp-json\/wp\/v2\/types\/page"}],"author":[{"embeddable":true,"href":"https:\/\/www.unt.edu.ar\/expount\/wp-json\/wp\/v2\/users\/1"}],"replies":[{"embeddable":true,"href":"https:\/\/www.unt.edu.ar\/expount\/wp-json\/wp\/v2\/comments?post=661"}],"version-history":[{"count":22,"href":"https:\/\/www.unt.edu.ar\/expount\/wp-json\/wp\/v2\/pages\/661\/revisions"}],"predecessor-version":[{"id":1470,"href":"https:\/\/www.unt.edu.ar\/expount\/wp-json\/wp\/v2\/pages\/661\/revisions\/1470"}],"up":[{"embeddable":true,"href":"https:\/\/www.unt.edu.ar\/expount\/wp-json\/wp\/v2\/pages\/10"}],"wp:attachment":[{"href":"https:\/\/www.unt.edu.ar\/expount\/wp-json\/wp\/v2\/media?parent=661"}],"curies":[{"name":"wp","href":"https:\/\/api.w.org\/{rel}","templated":true}]}}