{"id":659,"date":"2022-09-22T16:02:28","date_gmt":"2022-09-22T19:02:28","guid":{"rendered":"http:\/\/www.unt.edu.ar\/expount\/?page_id=659"},"modified":"2025-09-16T11:11:42","modified_gmt":"2025-09-16T14:11:42","slug":"escuela-de-cine-video-y-television","status":"publish","type":"page","link":"https:\/\/www.unt.edu.ar\/expount\/facultades-y-escuelas\/escuela-de-cine-video-y-television\/","title":{"rendered":"Escuela de Cine, Video y Televisi\u00f3n"},"content":{"rendered":"<div class=\"wpb-content-wrapper\"><p>[vc_row wrap_container=&#8221;yes&#8221; conditional_render=&#8221;%5B%7B%22value_role%22%3A%22administrator%22%7D%5D&#8221;][vc_column width=&#8221;2\/3&#8243;][vc_video link=&#8221;https:\/\/www.youtube.com\/watch?v=FgOGCLNvAv8&#8243;][\/vc_column][vc_column width=&#8221;1\/3&#8243;][vc_custom_heading text=&#8221;La Universidad Nacional de Tucum\u00e1n cuenta con una rica y extensa experiencia en el campo audiovisual, que se inici\u00f3 en el a\u00f1o 1946 con la formaci\u00f3n del Instituto Cine-fotogr\u00e1fico de la UNT (ICUNT).<\/p>\n<p>El ICUNT registr\u00f3 per\u00edodos plenos de excelencia con una abundante producci\u00f3n. Entre las destacadas, figura el film \u201cUna instituci\u00f3n en marcha\u201d. Fue su primera producci\u00f3n y por lo tanto es un material hist\u00f3rico que marca el comienzo de la actividad cinematogr\u00e1fica en Tucum\u00e1n.<\/p>\n<p>La existencia del ICUNT desde fecha tan temprana define la voluntad de nuestra Casa de Estudios de incorporar la Comunicaci\u00f3n Audiovisual, \u00e1rea que se reafirmar\u00eda 20 a\u00f1os despu\u00e9s, en 1966, al inaugurarse la Televisora Universitaria.<\/p>\n<p>Mediante la Resoluci\u00f3n N\u00ba 2121\/04 y sobre la base de Instituto Cinefotogr\u00e1fico fueron creadas la Escuela y la Carrera de Licenciatura en Cinematograf\u00eda.<\/p>\n<p>Actualmente se dictan dos carreras que ofrecen 6 orientaciones: Direcci\u00f3n, Gui\u00f3n, C\u00e1mara y Fotograf\u00eda, Montaje, Producci\u00f3n y Sonido.&#8221; font_container=&#8221;tag:p|font_size:16|text_align:left&#8221; use_theme_fonts=&#8221;yes&#8221; letter_spacing=&#8221;0&#8243; animation_delay=&#8221;1000&#8243; el_class=&#8221;mb-4&#8243; animation_type=&#8221;fadeIn&#8221;][\/vc_column][\/vc_row][vc_row wrap_container=&#8221;yes&#8221; conditional_render=&#8221;%5B%7B%22value_role%22%3A%22administrator%22%7D%5D&#8221;][vc_column width=&#8221;1\/3&#8243;][vc_custom_heading text=&#8221;Carreras&#8221; font_container=&#8221;tag:h3|font_size:26|text_align:left|line_height:1&#8243; use_theme_fonts=&#8221;yes&#8221; font_weight=&#8221;700&#8243; letter_spacing=&#8221;-0.05&#8243; el_class=&#8221;zigzag pb-3 mb-4&#8243;][vc_custom_heading text=&#8221;Licenciatura en Cinematograf\u00eda &#8211; 5 a\u00f1os&#8221; font_container=&#8221;tag:p|font_size:16|text_align:left|line_height:1.5&#8243; use_theme_fonts=&#8221;yes&#8221; css=&#8221;&#8221; font_weight=&#8221;500&#8243; animation_delay=&#8221;200&#8243; animation_type=&#8221;fadeIn&#8221; el_class=&#8221;mb-4 list-unstyled&#8221; link=&#8221;url:https%3A%2F%2Fwww.escueladecine.unt.edu.ar%2Fplan-de-estudio%2F%23page-content|target:_blank&#8221;][vc_custom_heading text=&#8221;Tecnicatura Universitaria en Medios Audiovisuales &#8211; 3 a\u00f1os&#8221; font_container=&#8221;tag:p|font_size:16|text_align:left|line_height:1.5&#8243; use_theme_fonts=&#8221;yes&#8221; css=&#8221;&#8221; font_weight=&#8221;500&#8243; animation_delay=&#8221;200&#8243; animation_type=&#8221;fadeIn&#8221; el_class=&#8221;mb-4 list-unstyled&#8221; link=&#8221;url:https%3A%2F%2Fwww.escueladecine.unt.edu.ar%2Fplan-de-estudio%2F%23page-content|target:_blank&#8221;][\/vc_column][vc_column width=&#8221;1\/3&#8243;][vc_custom_heading text=&#8221;Contacto&#8221; font_container=&#8221;tag:h3|font_size:26|text_align:left|line_height:1&#8243; use_theme_fonts=&#8221;yes&#8221; font_weight=&#8221;700&#8243; letter_spacing=&#8221;-0.05&#8243; el_class=&#8221;zigzag pb-3 mb-4&#8243;][vc_column_text]<strong>Direcci\u00f3n:<\/strong> Avenida Aconquija 729 &#8211; Yerba Buena<br \/>\nTucum\u00e1n &#8211; Argentina<\/p>\n<p><strong>Tel:<\/strong> 3814364147<\/p>\n<p><strong>Mail:<\/strong> d.academica@cine.unt.edu.ar<\/p>\n<p><strong>Web:<\/strong> <a href=\"http:\/\/www.escueladecine.unt.edu.ar\" target=\"_blank\" rel=\"noopener\">www.escueladecine.unt.edu.ar<\/a>[\/vc_column_text]<div class=\"porto-u-icons\"><a class=\"porto-icon fab fa-facebook \"  style=\"color:#1e73be;font-size:32px;margin-right:5px;\" href=\"https:\/\/www.facebook.com\/profile.php?id=100057497497845\" target='_blank'><\/a><\/div>[\/vc_column][vc_column width=&#8221;1\/3&#8243;][\/vc_column][\/vc_row][vc_row][vc_column][vc_column_text]<span>Cinematograf\u00eda, Producci\u00f3n de cine, Direcci\u00f3n de cine, Edici\u00f3n de video, Guionismo, Producci\u00f3n audiovisual, Montaje, Fotograf\u00eda cinematogr\u00e1fica, Iluminaci\u00f3n de sets, Postproducci\u00f3n, Actuaci\u00f3n en cine, Documentales, Cortometrajes, Cine digital, Rodaje, Direcci\u00f3n de arte, Animaci\u00f3n, Efectos visuales, Cine independiente, Narrativa cinematogr\u00e1fica, Proyectos f\u00edlmicos, Creaci\u00f3n de contenido, Industria del cine, Producci\u00f3n de comerciales, Cine experimental, Medios audiovisuales, Producci\u00f3n de contenido, Grabaci\u00f3n, Edici\u00f3n de audio y video, Guion, Direcci\u00f3n de c\u00e1maras, Multimedia, Dise\u00f1o de sonido, Producci\u00f3n televisiva, Realizaci\u00f3n de videoclips, Equipos audiovisuales, Streaming, Producci\u00f3n digital, Narrativa audiovisual, Comunicaci\u00f3n multimedia, Postproducci\u00f3n de medios, Medios digitales, Producci\u00f3n para web, T\u00e9cnicas de grabaci\u00f3n, Dise\u00f1o gr\u00e1fico aplicado a medios<\/span>[\/vc_column_text][\/vc_column][\/vc_row]<\/p>\n<\/div>","protected":false},"excerpt":{"rendered":"<p>[vc_row wrap_container=&#8221;yes&#8221; conditional_render=&#8221;%5B%7B%22value_role%22%3A%22administrator%22%7D%5D&#8221;][vc_column width=&#8221;2\/3&#8243;][vc_video link=&#8221;https:\/\/www.youtube.com\/watch?v=FgOGCLNvAv8&#8243;][\/vc_column][vc_column width=&#8221;1\/3&#8243;][vc_custom_heading text=&#8221;La Universidad Nacional de Tucum\u00e1n cuenta con una rica y extensa experiencia en el campo audiovisual, que se inici\u00f3 en el a\u00f1o 1946 con la formaci\u00f3n del Instituto Cine-fotogr\u00e1fico de la UNT (ICUNT). El ICUNT registr\u00f3 per\u00edodos plenos de excelencia con una abundante producci\u00f3n. Entre las destacadas, figura el [&hellip;]<\/p>\n","protected":false},"author":1,"featured_media":0,"parent":10,"menu_order":0,"comment_status":"closed","ping_status":"closed","template":"","meta":{"footnotes":""},"class_list":["post-659","page","type-page","status-publish","hentry"],"_links":{"self":[{"href":"https:\/\/www.unt.edu.ar\/expount\/wp-json\/wp\/v2\/pages\/659","targetHints":{"allow":["GET"]}}],"collection":[{"href":"https:\/\/www.unt.edu.ar\/expount\/wp-json\/wp\/v2\/pages"}],"about":[{"href":"https:\/\/www.unt.edu.ar\/expount\/wp-json\/wp\/v2\/types\/page"}],"author":[{"embeddable":true,"href":"https:\/\/www.unt.edu.ar\/expount\/wp-json\/wp\/v2\/users\/1"}],"replies":[{"embeddable":true,"href":"https:\/\/www.unt.edu.ar\/expount\/wp-json\/wp\/v2\/comments?post=659"}],"version-history":[{"count":20,"href":"https:\/\/www.unt.edu.ar\/expount\/wp-json\/wp\/v2\/pages\/659\/revisions"}],"predecessor-version":[{"id":1506,"href":"https:\/\/www.unt.edu.ar\/expount\/wp-json\/wp\/v2\/pages\/659\/revisions\/1506"}],"up":[{"embeddable":true,"href":"https:\/\/www.unt.edu.ar\/expount\/wp-json\/wp\/v2\/pages\/10"}],"wp:attachment":[{"href":"https:\/\/www.unt.edu.ar\/expount\/wp-json\/wp\/v2\/media?parent=659"}],"curies":[{"name":"wp","href":"https:\/\/api.w.org\/{rel}","templated":true}]}}