{"id":655,"date":"2022-09-22T15:48:27","date_gmt":"2022-09-22T18:48:27","guid":{"rendered":"http:\/\/www.unt.edu.ar\/expount\/?page_id=655"},"modified":"2024-12-16T12:12:41","modified_gmt":"2024-12-16T15:12:41","slug":"facultad-de-odontologia","status":"publish","type":"page","link":"https:\/\/www.unt.edu.ar\/expount\/facultades-y-escuelas\/facultad-de-odontologia\/","title":{"rendered":"Facultad de Odontolog\u00eda"},"content":{"rendered":"<div class=\"wpb-content-wrapper\"><p>[vc_row wrap_container=&#8221;yes&#8221; conditional_render=&#8221;%5B%7B%22value_role%22%3A%22administrator%22%7D%5D&#8221;][vc_column width=&#8221;2\/3&#8243;][vc_video link=&#8221;https:\/\/www.youtube.com\/watch?v=s8s1cLHrq8M&#8221;][\/vc_column][vc_column width=&#8221;1\/3&#8243;][vc_custom_heading text=&#8221;La Facultad de Odontolog\u00eda (FOUNT), sede de la Carrera de Odont\u00f3logo, desarrolla sus actividades en el denominado Centro Prebisch, ubicado en Avda. Benjam\u00edn Ar\u00e1oz al 800 de la ciudad de San Miguel de Tucum\u00e1n.<br \/>\nLa instituci\u00f3n cuenta con un edificio propio conformado por espacios que concentran las diferentes c\u00e1tedras, con la particularidad de encontrarse diferenciados los espacios correspondientes al Ciclo B\u00e1sico, Precl\u00ednico y Cl\u00ednico.&#8221; font_container=&#8221;tag:p|font_size:16|text_align:left&#8221; use_theme_fonts=&#8221;yes&#8221; letter_spacing=&#8221;0&#8243; animation_delay=&#8221;1000&#8243; el_class=&#8221;mb-4&#8243; animation_type=&#8221;fadeIn&#8221;][vc_custom_heading text=&#8221;La carrera de Odontolog\u00eda tiene sus or\u00edgenes en el a\u00f1o 1956, inici\u00e1ndose como Escuela dependiente de la Facultad de Medicina de la UNT.<br \/>\nA partir del a\u00f1o 1973 se constituye como Facultad desvincul\u00e1ndose de Medicina.<br \/>\nCabe destacar tambi\u00e9n la creaci\u00f3n en 1998 del Centro Odontol\u00f3gico de la FOUNT y dentro de un proceso de crecimiento obtiene, en 2005, el reconocimiento como Hospital Escuela Universitario de Odontolog\u00eda gracias a la Resoluci\u00f3n Rectoral N\u00b0 2553\/05-HCS.&#8221; font_container=&#8221;tag:p|font_size:16|text_align:left&#8221; use_theme_fonts=&#8221;yes&#8221; letter_spacing=&#8221;0&#8243; animation_delay=&#8221;1000&#8243; el_class=&#8221;mb-4&#8243; animation_type=&#8221;fadeIn&#8221;][\/vc_column][\/vc_row][vc_row wrap_container=&#8221;yes&#8221; conditional_render=&#8221;%5B%7B%22value_role%22%3A%22administrator%22%7D%5D&#8221;][vc_column width=&#8221;1\/3&#8243;][vc_custom_heading text=&#8221;Carreras&#8221; font_container=&#8221;tag:h3|font_size:26|text_align:left|line_height:1&#8243; use_theme_fonts=&#8221;yes&#8221; font_weight=&#8221;700&#8243; letter_spacing=&#8221;-0.05&#8243; el_class=&#8221;zigzag pb-3 mb-4&#8243;][vc_custom_heading text=&#8221;Odontolog\u00eda &#8211; 5 A\u00f1os y 1\/2&#8243; font_container=&#8221;tag:p|font_size:16|text_align:left|line_height:1.5&#8243; use_theme_fonts=&#8221;yes&#8221; font_weight=&#8221;500&#8243; animation_delay=&#8221;200&#8243; animation_type=&#8221;fadeIn&#8221; el_class=&#8221;mb-4 list-unstyled&#8221; link=&#8221;url:https%3A%2F%2Fwww.odontologia.unt.edu.ar%2Fcarreras%2Fodontologia|target:_blank&#8221;][vc_custom_heading text=&#8221;Tecnicatura Universitaria en Pr\u00f3tesis Dental &#8211; 3 A\u00f1os&#8221; font_container=&#8221;tag:p|font_size:16|text_align:left|line_height:1.5&#8243; use_theme_fonts=&#8221;yes&#8221; font_weight=&#8221;500&#8243; animation_delay=&#8221;200&#8243; animation_type=&#8221;fadeIn&#8221; el_class=&#8221;mb-4 list-unstyled&#8221; link=&#8221;url:https%3A%2F%2Fwww.odontologia.unt.edu.ar%2Fcarreras%2Ftupd|target:_blank&#8221;][vc_custom_heading text=&#8221;Tecnicatura Universitaria en Asistencia Dental &#8211; 3 A\u00f1os&#8221; font_container=&#8221;tag:p|font_size:16|text_align:left|line_height:1.5&#8243; use_theme_fonts=&#8221;yes&#8221; css=&#8221;&#8221; font_weight=&#8221;500&#8243; animation_delay=&#8221;200&#8243; animation_type=&#8221;fadeIn&#8221; el_class=&#8221;mb-4 list-unstyled&#8221; link=&#8221;url:https%3A%2F%2Fwww.odontologia.unt.edu.ar%2Fcarreras%2Ftuad|target:_blank&#8221;][\/vc_column][vc_column width=&#8221;1\/3&#8243;][vc_custom_heading text=&#8221;Contacto&#8221; font_container=&#8221;tag:h3|font_size:26|text_align:left|line_height:1&#8243; use_theme_fonts=&#8221;yes&#8221; font_weight=&#8221;700&#8243; letter_spacing=&#8221;-0.05&#8243; el_class=&#8221;zigzag pb-3 mb-4&#8243;][vc_column_text]<strong>Direcci\u00f3n:<\/strong> Av. Benjam\u00edn Ar\u00e1oz 800 &#8211; San Miguel de Tucum\u00e1n<br \/>\nTucum\u00e1n &#8211; Argentina<\/p>\n<p><strong>Mail: <\/strong>info@odontologia.unt.edu.ar<\/p>\n<p><strong>Tel:<\/strong> 54 3814847307<\/p>\n<p><strong>Web: <\/strong><a href=\"https:\/\/www.odontologia.unt.edu.ar\" target=\"_blank\" rel=\"noopener\">odontologia.unt.edu.ar<\/a>[\/vc_column_text]<div class=\"porto-u-icons\"><a class=\"porto-icon fab fa-facebook \"  style=\"color:#1e73be;font-size:32px;margin-right:5px;\" href=\"https:\/\/www.facebook.com\/fountuc\" target='_blank'><\/a><a class=\"porto-icon fab fa-instagram \"  style=\"color:#dd3333;font-size:32px;margin-right:5px;\" href=\"https:\/\/www.instagram.com\/f.o.u.n.t_oficial\/\" target='_blank'><\/a><\/div>[\/vc_column][vc_column width=&#8221;1\/3&#8243;][\/vc_column][\/vc_row][vc_row][vc_column][vc_column_text]<span style=\"visibility: hidden; display: none;\">Odontolog\u00eda, Dentista, Higiene dental, Tratamientos odontol\u00f3gicos, Pr\u00f3tesis dentales, Cirug\u00eda bucal, Odontolog\u00eda est\u00e9tica, Endodoncia, Ortodoncia, Odontopediatr\u00eda, Salud bucal, Diagn\u00f3stico dental, Restauraci\u00f3n dental, Implantolog\u00eda, Control de caries, Higiene bucal, Pr\u00e1cticas dentales, Cl\u00ednica odontol\u00f3gica, Periodoncia, Odontolog\u00eda preventiva, Blanqueamiento dental, Consultorio odontol\u00f3gico, Pr\u00f3tesis dental, Odontolog\u00eda, Laboratorio dental, Dise\u00f1o de pr\u00f3tesis, Materiales dentales, Pr\u00f3tesis removible, Coronas dentales, Restauraciones dentales, T\u00e9cnica dental, Ajuste de pr\u00f3tesis, Innovaci\u00f3n en pr\u00f3tesis, Est\u00e9tica dental, Modelado dental, Preparaci\u00f3n de moldes, Pr\u00f3tesis fijas, Manejo de equipos dentales, Dentaduras<\/span>[\/vc_column_text][\/vc_column][\/vc_row]<\/p>\n<\/div>","protected":false},"excerpt":{"rendered":"<p>[vc_row wrap_container=&#8221;yes&#8221; conditional_render=&#8221;%5B%7B%22value_role%22%3A%22administrator%22%7D%5D&#8221;][vc_column width=&#8221;2\/3&#8243;][vc_video link=&#8221;https:\/\/www.youtube.com\/watch?v=s8s1cLHrq8M&#8221;][\/vc_column][vc_column width=&#8221;1\/3&#8243;][vc_custom_heading text=&#8221;La Facultad de Odontolog\u00eda (FOUNT), sede de la Carrera de Odont\u00f3logo, desarrolla sus actividades en el denominado Centro Prebisch, ubicado en Avda. Benjam\u00edn Ar\u00e1oz al 800 de la ciudad de San Miguel de Tucum\u00e1n. La instituci\u00f3n cuenta con un edificio propio conformado por espacios que concentran las diferentes c\u00e1tedras, [&hellip;]<\/p>\n","protected":false},"author":1,"featured_media":0,"parent":10,"menu_order":0,"comment_status":"closed","ping_status":"closed","template":"","meta":{"footnotes":""},"class_list":["post-655","page","type-page","status-publish","hentry"],"_links":{"self":[{"href":"https:\/\/www.unt.edu.ar\/expount\/wp-json\/wp\/v2\/pages\/655","targetHints":{"allow":["GET"]}}],"collection":[{"href":"https:\/\/www.unt.edu.ar\/expount\/wp-json\/wp\/v2\/pages"}],"about":[{"href":"https:\/\/www.unt.edu.ar\/expount\/wp-json\/wp\/v2\/types\/page"}],"author":[{"embeddable":true,"href":"https:\/\/www.unt.edu.ar\/expount\/wp-json\/wp\/v2\/users\/1"}],"replies":[{"embeddable":true,"href":"https:\/\/www.unt.edu.ar\/expount\/wp-json\/wp\/v2\/comments?post=655"}],"version-history":[{"count":17,"href":"https:\/\/www.unt.edu.ar\/expount\/wp-json\/wp\/v2\/pages\/655\/revisions"}],"predecessor-version":[{"id":1495,"href":"https:\/\/www.unt.edu.ar\/expount\/wp-json\/wp\/v2\/pages\/655\/revisions\/1495"}],"up":[{"embeddable":true,"href":"https:\/\/www.unt.edu.ar\/expount\/wp-json\/wp\/v2\/pages\/10"}],"wp:attachment":[{"href":"https:\/\/www.unt.edu.ar\/expount\/wp-json\/wp\/v2\/media?parent=655"}],"curies":[{"name":"wp","href":"https:\/\/api.w.org\/{rel}","templated":true}]}}