{"id":653,"date":"2022-09-22T15:48:08","date_gmt":"2022-09-22T18:48:08","guid":{"rendered":"http:\/\/www.unt.edu.ar\/expount\/?page_id=653"},"modified":"2025-12-04T12:44:28","modified_gmt":"2025-12-04T15:44:28","slug":"facultad-de-medicina","status":"publish","type":"page","link":"https:\/\/www.unt.edu.ar\/expount\/facultades-y-escuelas\/facultad-de-medicina\/","title":{"rendered":"Facultad de Medicina"},"content":{"rendered":"<div class=\"wpb-content-wrapper\"><p>[vc_row wrap_container=&#8221;yes&#8221; conditional_render=&#8221;%5B%7B%22value_role%22%3A%22administrator%22%7D%5D&#8221;][vc_column width=&#8221;2\/3&#8243;][vc_video link=&#8221;https:\/\/www.youtube.com\/watch?v=yPXZ3blNKcE&#8221;][vc_separator][vc_video link=&#8221;https:\/\/www.youtube.com\/watch?v=apd_ZYQw5bY&#8221;][\/vc_column][vc_column width=&#8221;1\/3&#8243;][vc_custom_heading text=&#8221;Un 21 de Octubre de 1949 el Honorable Consejo Superior de la Universidad Nacional de Tucum\u00e1n, aprobaba la creaci\u00f3n de la Escuela de Medicina dependiente de la Facultad de Ciencias Biol\u00f3gicas.<br \/>\nLuego el 21 de Noviembre de 1949, el Honorable Consejo Superior aprobar\u00eda el Plan de Estudios propuesto por el Dr. Juan Dalma.<br \/>\nLa flamante Escuela iniciar\u00eda sus actividades en 1950 con Dalma como Director de la instituci\u00f3n en la que se inscribieron 207 alumnos y 12 oyentes.<br \/>\nSe solicit\u00f3 colaboraci\u00f3n a la Organizaci\u00f3n Panamericana de Salud (0PS) para que gu\u00ede a los docentes en el diagn\u00f3stico de situaci\u00f3n de c\u00f3mo se estaba formando al m\u00e9dico, y si respond\u00eda a las exigencias del medio. Tambi\u00e9n participaron el Colegio M\u00e9dico, el Ministerio de Salud, Docentes y Estudiantes.<br \/>\nEl fruto de ingentes esfuerzos produjo en 1988 la aprobaci\u00f3n del nuevo Plan de Estudios de la Carrera de M\u00e9dico y en 1989 se implementaba el Primer A\u00f1o del mismo.&#8221; font_container=&#8221;tag:p|font_size:16|text_align:left&#8221; use_theme_fonts=&#8221;yes&#8221; letter_spacing=&#8221;0&#8243; animation_delay=&#8221;1000&#8243; el_class=&#8221;mb-4&#8243; animation_type=&#8221;fadeIn&#8221;][vc_custom_heading text=&#8221;El Practicantado Rotatorio y la Pasant\u00eda Rural fueron algunos de los cambios m\u00e1s innovadores del nuevo Plan, ya que los alumnos de las distintas Provincias del Noroeste Argentino regresar\u00edan a sus provincias de origen para realizar el 6\u00b0 y 7\u00b0 A\u00f1os.<br \/>\nEl Plan de Estudios 1988 sufri\u00f3 luego algunas modificaciones: fue suprimido el Modulo Introductorio; se implement\u00f3 el cursado intensivo para algunas materias y se redujo de un a\u00f1o a solamente 8 1\/2 meses la duraci\u00f3n de la Pasant\u00eda Rural.<br \/>\nActualmente la Facultad de Medicina se encuentra diagramando el nuevo plan de estudios continuando con el modelo educativo de los planes anteriores basado en tres ejes: Interdisciplinariedad; Investigaci\u00f3n e Integraci\u00f3n medico asistencial.&#8221; font_container=&#8221;tag:p|font_size:16|text_align:left&#8221; use_theme_fonts=&#8221;yes&#8221; letter_spacing=&#8221;0&#8243; animation_delay=&#8221;1000&#8243; el_class=&#8221;mb-4&#8243; animation_type=&#8221;fadeIn&#8221;][\/vc_column][\/vc_row][vc_row wrap_container=&#8221;yes&#8221; conditional_render=&#8221;%5B%7B%22value_role%22%3A%22administrator%22%7D%5D&#8221;][vc_column width=&#8221;1\/3&#8243;][vc_custom_heading text=&#8221;Carreras de Medicina&#8221; font_container=&#8221;tag:h3|font_size:26|text_align:left|line_height:1&#8243; use_theme_fonts=&#8221;yes&#8221; font_weight=&#8221;700&#8243; letter_spacing=&#8221;-0.05&#8243; el_class=&#8221;zigzag pb-3 mb-4&#8243;][vc_custom_heading text=&#8221;Medicina &#8211; 7 A\u00f1os&#8221; font_container=&#8221;tag:p|font_size:16|text_align:left|line_height:1.5&#8243; use_theme_fonts=&#8221;yes&#8221; font_weight=&#8221;500&#8243; animation_delay=&#8221;200&#8243; animation_type=&#8221;fadeIn&#8221; el_class=&#8221;mb-4 list-unstyled&#8221; link=&#8221;url:https%3A%2F%2Fwww.fm.unt.edu.ar%2Findex.php%2Fmedicina|target:_blank&#8221;][vc_custom_heading text=&#8221;Licenciatura en Kinesiolog\u00eda y Fisiatr\u00eda &#8211; 5 A\u00f1os&#8221; font_container=&#8221;tag:p|font_size:16|text_align:left|line_height:1.5&#8243; use_theme_fonts=&#8221;yes&#8221; css=&#8221;&#8221; font_weight=&#8221;500&#8243; animation_delay=&#8221;200&#8243; animation_type=&#8221;fadeIn&#8221; el_class=&#8221;mb-4 list-unstyled&#8221; link=&#8221;url:https%3A%2F%2Fwww.fm.unt.edu.ar%2Findex.php%2Fkinesiologia|target:_blank&#8221;][vc_custom_heading text=&#8221;Kinesiolog\u00eda &#8211; 4 A\u00f1os&#8221; font_container=&#8221;tag:p|font_size:16|text_align:left|line_height:1.5&#8243; use_theme_fonts=&#8221;yes&#8221; font_weight=&#8221;500&#8243; animation_delay=&#8221;200&#8243; animation_type=&#8221;fadeIn&#8221; el_class=&#8221;mb-4 list-unstyled&#8221; link=&#8221;url:https%3A%2F%2Fwww.fm.unt.edu.ar%2Findex.php%2Fkinesiologia|target:_blank&#8221;][vc_custom_heading text=&#8221;Licenciatura en Fonoaudiolog\u00eda &#8211; 2 A\u00f1os&#8221; font_container=&#8221;tag:p|font_size:16|text_align:left|line_height:1.5&#8243; use_theme_fonts=&#8221;yes&#8221; font_weight=&#8221;500&#8243; animation_delay=&#8221;200&#8243; animation_type=&#8221;fadeIn&#8221; el_class=&#8221;mb-4 list-unstyled&#8221; link=&#8221;url:https%3A%2F%2Fwww.fm.unt.edu.ar%2Findex.php%2Ffono|target:_blank&#8221;][\/vc_column][vc_column width=&#8221;1\/3&#8243;][vc_custom_heading text=&#8221;Carreras de la Escuela de Enfermer\u00eda&#8221; font_container=&#8221;tag:h3|font_size:26|text_align:left|line_height:1&#8243; use_theme_fonts=&#8221;yes&#8221; font_weight=&#8221;700&#8243; letter_spacing=&#8221;-0.05&#8243; el_class=&#8221;zigzag pb-3 mb-4&#8243;][vc_custom_heading text=&#8221;Tecnicatura en Estad\u00edsticas de Salud &#8211; 3 A\u00f1os&#8221; font_container=&#8221;tag:p|font_size:16|text_align:left|line_height:1.5&#8243; use_theme_fonts=&#8221;yes&#8221; font_weight=&#8221;500&#8243; animation_delay=&#8221;200&#8243; animation_type=&#8221;fadeIn&#8221; el_class=&#8221;mb-4 list-unstyled&#8221; link=&#8221;url:http%3A%2F%2Fwww.eue.unt.edu.ar%2Findex.php%2Foferta-academica%2Festad%25C3%25ADsticas-en-salud.html|target:_blank&#8221;][vc_custom_heading text=&#8221;Enfermer\u00eda Universitaria &#8211; 3 A\u00f1os&#8221; font_container=&#8221;tag:p|font_size:16|text_align:left|line_height:1.5&#8243; use_theme_fonts=&#8221;yes&#8221; css=&#8221;&#8221; font_weight=&#8221;500&#8243; animation_delay=&#8221;200&#8243; animation_type=&#8221;fadeIn&#8221; el_class=&#8221;mb-4 list-unstyled&#8221; link=&#8221;url:http%3A%2F%2Fwww.eue.unt.edu.ar%2Findex.php%2Foferta-academica%2Flicenfermeria.html|target:_blank&#8221;][vc_custom_heading text=&#8221;Licenciatura en Enfermer\u00eda &#8211; 5 A\u00f1os&#8221; font_container=&#8221;tag:p|font_size:16|text_align:left|line_height:1.5&#8243; use_theme_fonts=&#8221;yes&#8221; font_weight=&#8221;500&#8243; animation_delay=&#8221;200&#8243; animation_type=&#8221;fadeIn&#8221; el_class=&#8221;mb-4 list-unstyled&#8221; link=&#8221;url:http%3A%2F%2Fwww.eue.unt.edu.ar%2Findex.php%2Foferta-academica%2Flicenfermeria.html|target:_blank&#8221;][\/vc_column][vc_column width=&#8221;1\/3&#8243;][vc_custom_heading text=&#8221;Contacto&#8221; font_container=&#8221;tag:h3|font_size:26|text_align:left|line_height:1&#8243; use_theme_fonts=&#8221;yes&#8221; font_weight=&#8221;700&#8243; letter_spacing=&#8221;-0.05&#8243; el_class=&#8221;zigzag pb-3 mb-4&#8243;][vc_column_text]<strong>Sede Central<\/strong><\/p>\n<p><strong>Direcci\u00f3n:<\/strong> Lamadrid 875 &#8211; San Miguel de Tucum\u00e1n<br \/>\nTucum\u00e1n &#8211; Argentina<\/p>\n<p><strong>Mail:<\/strong> <a href=\"mailto:soporte@fm.unt.edu.ar\">soporte@fm.unt.edu.ar<\/a><\/p>\n<ul>\n<li><strong>Sede Monteros &#8211; Kinesiolog\u00eda<\/strong><\/li>\n<\/ul>\n<p><strong>Direcci\u00f3n:<\/strong> Sarmiento y D\u00edaz V\u00e9lez &#8211; Monteros<br \/>\nTucum\u00e1n &#8211; Argentina<\/p>\n<p><strong>Tel:<\/strong> 03863 428380<\/p>\n<p>Mail: <a href=\"mailto:kinesi@fm.unt.edu.ar\">kinesi@fm.unt.edu.ar<\/a><\/p>\n<ul>\n<li><strong>Sede Aguilares &#8211; Enfermer\u00eda<\/strong><\/li>\n<\/ul>\n<p><strong>Direcci\u00f3n:<\/strong> Remedios de Escalada y Av. Savio &#8211; Aguilares<br \/>\nTucum\u00e1n &#8211; Argentina<\/p>\n<p><strong>Mail:<\/strong> <a href=\"mailto:aguilares@eue.unt.edu.ar\">aguilares@eue.unt.edu.ar<\/a>[\/vc_column_text]<div class=\"porto-u-icons\"><a class=\"porto-icon fab fa-facebook \"  style=\"color:#1e73be;font-size:32px;margin-right:5px;\" href=\"https:\/\/www.facebook.com\/fmtucuman\" target='_blank'><\/a><a class=\"porto-icon fab fa-instagram \"  style=\"color:#dd3333;font-size:32px;margin-right:5px;\" href=\"https:\/\/www.instagram.com\/fmtucuman\/\" target='_blank'><\/a><\/div>[\/vc_column][\/vc_row][vc_row][vc_column][vc_column_text]<span style=\"visibility: hidden; display: none;\">Medicina, Salud, M\u00e9dico cl\u00ednico, Diagn\u00f3stico m\u00e9dico, Terapia, Cirug\u00eda, Medicina interna, Pediatr\u00eda, Ginecolog\u00eda, Cardiolog\u00eda, Neurolog\u00eda, Medicina preventiva, Urgencias m\u00e9dicas, Oncolog\u00eda, Endocrinolog\u00eda, Salud p\u00fablica, Cuidados intensivos, Medicina familiar, Anatom\u00eda, Fisiolog\u00eda, Patolog\u00eda, Investigaci\u00f3n m\u00e9dica, Hospitales, Consultorios, \u00c9tica m\u00e9dica, Pr\u00e1cticas hospitalarias, Kinesiolog\u00eda, Terapia f\u00edsica, Rehabilitaci\u00f3n, Fisioterapia, Ejercicios terap\u00e9uticos, Movilidad, Prevenci\u00f3n de lesiones, Terapia deportiva, Anatom\u00eda, Biomec\u00e1nica, Evaluaci\u00f3n de pacientes, Recuperaci\u00f3n funcional, Reeducaci\u00f3n motriz, Terapia ocupacional, Ejercicios de fortalecimiento, Tratamientos kin\u00e9sicos, Lesiones musculares, Fisiolog\u00eda del ejercicio, Masoterapia, Actividad f\u00edsica, Kinesi\u00f3logo deportivo, Fonoaudiolog\u00eda, Trastornos del habla, Terapia del lenguaje, Audiolog\u00eda, Voz, Lenguaje infantil, Evaluaci\u00f3n fonoaudiol\u00f3gica, Logopedia, Terapia del lenguaje, Desarrollo del lenguaje, Alteraciones del lenguaje, Comunicaci\u00f3n, Trastornos de la voz, Lenguaje y audici\u00f3n, Rehabilitaci\u00f3n auditiva, Patolog\u00edas del habla, Fonoaudi\u00f3logo, Audiometr\u00eda, Intervenci\u00f3n terap\u00e9utica, Desarrollo cognitivo, Estad\u00edsticas en salud, Datos m\u00e9dicos, An\u00e1lisis estad\u00edstico, Epidemiolog\u00eda, Recolecci\u00f3n de datos, Gesti\u00f3n hospitalaria, Informes de salud, Bases de datos sanitarias, M\u00e9todos estad\u00edsticos, Investigaci\u00f3n en salud, An\u00e1lisis de tendencias, Salud p\u00fablica, Toma de decisiones, Estad\u00edstica aplicada, Modelos predictivos, Vigilancia epidemiol\u00f3gica, Evaluaci\u00f3n de datos, Salud poblacional, Control de enfermedades, Estad\u00edsticas vitales, Enfermer\u00eda, Cuidados de pacientes, Asistencia hospitalaria, Procedimientos m\u00e9dicos, Enfermer\u00eda cl\u00ednica, Atenci\u00f3n primaria, Pr\u00e1cticas de enfermer\u00eda, Urgencias, Salud p\u00fablica, Cuidados intensivos, Educaci\u00f3n en salud, Evaluaci\u00f3n de pacientes, Gesti\u00f3n hospitalaria, Enfermer\u00eda pedi\u00e1trica, Enfermer\u00eda quir\u00fargica, Enfermer\u00eda geri\u00e1trica, Control de infecciones, Enfermer\u00eda comunitaria, Prevenci\u00f3n de enfermedades, \u00c9tica profesional, Atenci\u00f3n al paciente, Terapias<\/span>[\/vc_column_text][\/vc_column][\/vc_row]<\/p>\n<\/div>","protected":false},"excerpt":{"rendered":"<p>[vc_row wrap_container=&#8221;yes&#8221; conditional_render=&#8221;%5B%7B%22value_role%22%3A%22administrator%22%7D%5D&#8221;][vc_column width=&#8221;2\/3&#8243;][vc_video link=&#8221;https:\/\/www.youtube.com\/watch?v=yPXZ3blNKcE&#8221;][vc_separator][vc_video link=&#8221;https:\/\/www.youtube.com\/watch?v=apd_ZYQw5bY&#8221;][\/vc_column][vc_column width=&#8221;1\/3&#8243;][vc_custom_heading text=&#8221;Un 21 de Octubre de 1949 el Honorable Consejo Superior de la Universidad Nacional de Tucum\u00e1n, aprobaba la creaci\u00f3n de la Escuela de Medicina dependiente de la Facultad de Ciencias Biol\u00f3gicas. Luego el 21 de Noviembre de 1949, el Honorable Consejo Superior aprobar\u00eda el Plan de Estudios propuesto [&hellip;]<\/p>\n","protected":false},"author":1,"featured_media":0,"parent":10,"menu_order":0,"comment_status":"closed","ping_status":"closed","template":"","meta":{"footnotes":""},"class_list":["post-653","page","type-page","status-publish","hentry"],"_links":{"self":[{"href":"https:\/\/www.unt.edu.ar\/expount\/wp-json\/wp\/v2\/pages\/653","targetHints":{"allow":["GET"]}}],"collection":[{"href":"https:\/\/www.unt.edu.ar\/expount\/wp-json\/wp\/v2\/pages"}],"about":[{"href":"https:\/\/www.unt.edu.ar\/expount\/wp-json\/wp\/v2\/types\/page"}],"author":[{"embeddable":true,"href":"https:\/\/www.unt.edu.ar\/expount\/wp-json\/wp\/v2\/users\/1"}],"replies":[{"embeddable":true,"href":"https:\/\/www.unt.edu.ar\/expount\/wp-json\/wp\/v2\/comments?post=653"}],"version-history":[{"count":25,"href":"https:\/\/www.unt.edu.ar\/expount\/wp-json\/wp\/v2\/pages\/653\/revisions"}],"predecessor-version":[{"id":1528,"href":"https:\/\/www.unt.edu.ar\/expount\/wp-json\/wp\/v2\/pages\/653\/revisions\/1528"}],"up":[{"embeddable":true,"href":"https:\/\/www.unt.edu.ar\/expount\/wp-json\/wp\/v2\/pages\/10"}],"wp:attachment":[{"href":"https:\/\/www.unt.edu.ar\/expount\/wp-json\/wp\/v2\/media?parent=653"}],"curies":[{"name":"wp","href":"https:\/\/api.w.org\/{rel}","templated":true}]}}