{"id":649,"date":"2022-09-22T15:47:23","date_gmt":"2022-09-22T18:47:23","guid":{"rendered":"http:\/\/www.unt.edu.ar\/expount\/?page_id=649"},"modified":"2024-11-11T11:52:18","modified_gmt":"2024-11-11T14:52:18","slug":"facultad-de-educacion-fisica","status":"publish","type":"page","link":"https:\/\/www.unt.edu.ar\/expount\/facultades-y-escuelas\/facultad-de-educacion-fisica\/","title":{"rendered":"Facultad de Educaci\u00f3n F\u00edsica"},"content":{"rendered":"<div class=\"wpb-content-wrapper\"><p>[vc_row wrap_container=&#8221;yes&#8221; conditional_render=&#8221;%5B%7B%22value_role%22%3A%22administrator%22%7D%5D&#8221;][vc_column width=&#8221;2\/3&#8243;][vc_video link=&#8221;https:\/\/www.youtube.com\/watch?v=nks1d8Fu2Jo&#8221;][\/vc_column][vc_column width=&#8221;1\/3&#8243;][vc_custom_heading text=&#8221;La Escuela Universitaria de Educaci\u00f3n F\u00edsica (E.U.D.E.F.) fue creada por la Universidad Nacional de Tucum\u00e1n en el a\u00f1o 1953 como Instituto de Educaci\u00f3n F\u00edsica, con la finalidad de formar profesionales en el \u00e1rea, acorde a las necesidades del medio y de la \u00e9poca.&#8221; font_container=&#8221;tag:p|font_size:16|text_align:left&#8221; use_theme_fonts=&#8221;yes&#8221; letter_spacing=&#8221;0&#8243; animation_delay=&#8221;1000&#8243; el_class=&#8221;mb-4&#8243; animation_type=&#8221;fadeIn&#8221;][vc_custom_heading text=&#8221;A partir del 23 de diciembre del 2003 se convierte en una nueva facultad, y pasa a ser formalmente una nueva Unidad Acad\u00e9mica.&#8221; font_container=&#8221;tag:p|font_size:16|text_align:left&#8221; use_theme_fonts=&#8221;yes&#8221; letter_spacing=&#8221;0&#8243; animation_delay=&#8221;1000&#8243; el_class=&#8221;mb-4&#8243; animation_type=&#8221;fadeIn&#8221;][\/vc_column][\/vc_row][vc_row wrap_container=&#8221;yes&#8221; conditional_render=&#8221;%5B%7B%22value_role%22%3A%22administrator%22%7D%5D&#8221;][vc_column width=&#8221;1\/3&#8243;][vc_custom_heading text=&#8221;Carreras&#8221; font_container=&#8221;tag:h3|font_size:26|text_align:left|line_height:1&#8243; use_theme_fonts=&#8221;yes&#8221; font_weight=&#8221;700&#8243; letter_spacing=&#8221;-0.05&#8243; el_class=&#8221;zigzag pb-3 mb-4&#8243;][vc_custom_heading text=&#8221;Profesorado en Educaci\u00f3n F\u00edsica &#8211; 4 a\u00f1os&#8221; font_container=&#8221;tag:p|font_size:16|text_align:left|line_height:1.5&#8243; use_theme_fonts=&#8221;yes&#8221; font_weight=&#8221;500&#8243; animation_delay=&#8221;200&#8243; animation_type=&#8221;fadeIn&#8221; el_class=&#8221;mb-4 list-unstyled&#8221; link=&#8221;url:https%3A%2F%2Fwww.facdef.unt.edu.ar%2Fprofesorado.html|target:_blank&#8221;][vc_custom_heading text=&#8221;Licenciatura en Educaci\u00f3n F\u00edsica &#8211; 2 a\u00f1os<br \/>\nPara egresados de la Escuela Universitaria y Facultad de Educaci\u00f3n F\u00edsica&#8221; font_container=&#8221;tag:p|font_size:16|text_align:left|line_height:1.5&#8243; use_theme_fonts=&#8221;yes&#8221; font_weight=&#8221;500&#8243; animation_delay=&#8221;200&#8243; animation_type=&#8221;fadeIn&#8221; el_class=&#8221;mb-4 list-unstyled&#8221; link=&#8221;url:https%3A%2F%2Fwww.facdef.unt.edu.ar%2Flicenciatura.html|target:_blank&#8221;][\/vc_column][vc_column width=&#8221;1\/3&#8243;][vc_custom_heading text=&#8221;Contacto&#8221; font_container=&#8221;tag:h3|font_size:26|text_align:left|line_height:1&#8243; use_theme_fonts=&#8221;yes&#8221; font_weight=&#8221;700&#8243; letter_spacing=&#8221;-0.05&#8243; el_class=&#8221;zigzag pb-3 mb-4&#8243;][vc_column_text]<strong>Direcci\u00f3n:<\/strong> Avda. Benjam\u00edn Ar\u00e1oz 751 &#8211; San Miguel de Tucum\u00e1n<br \/>\nTucum\u00e1n &#8211; Argentina<\/p>\n<p><strong>Tel:<\/strong> 381 484-7372 \/ Fax: 381 4303727<\/p>\n<p><strong>Mail:<\/strong> alumnos@facdef.unt.edu.ar<\/p>\n<p><strong>Web:<\/strong> <a href=\"http:\/\/www.facdef.unt.edu.ar\" target=\"_blank\" rel=\"noopener\">www.facdef.unt.edu.ar<\/a>[\/vc_column_text][\/vc_column][vc_column width=&#8221;1\/3&#8243;][\/vc_column][\/vc_row][vc_row][vc_column][vc_column_text]<span style=\"visibility: hidden; display: none;\">Educaci\u00f3n f\u00edsica, Did\u00e1ctica de la actividad f\u00edsica, Deportes, Ejercicio y salud, Pedagog\u00eda deportiva, Entrenamiento f\u00edsico, Pr\u00e1cticas deportivas, Biomec\u00e1nica, Psicolog\u00eda deportiva, Planificaci\u00f3n de clases, Nutrici\u00f3n deportiva, Actividad f\u00edsica y salud, Recreaci\u00f3n, Juegos deportivos, Evaluaci\u00f3n de rendimiento, Ense\u00f1anza de deportes, Desarrollo motriz, Estrategias did\u00e1cticas, Innovaci\u00f3n en el deporte, Acondicionamiento f\u00edsico, Actividades recreativas, Actividad f\u00edsica en la infancia<\/span>[\/vc_column_text][\/vc_column][\/vc_row]<\/p>\n<\/div>","protected":false},"excerpt":{"rendered":"<p>[vc_row wrap_container=&#8221;yes&#8221; conditional_render=&#8221;%5B%7B%22value_role%22%3A%22administrator%22%7D%5D&#8221;][vc_column width=&#8221;2\/3&#8243;][vc_video link=&#8221;https:\/\/www.youtube.com\/watch?v=nks1d8Fu2Jo&#8221;][\/vc_column][vc_column width=&#8221;1\/3&#8243;][vc_custom_heading text=&#8221;La Escuela Universitaria de Educaci\u00f3n F\u00edsica (E.U.D.E.F.) fue creada por la Universidad Nacional de Tucum\u00e1n en el a\u00f1o 1953 como Instituto de Educaci\u00f3n F\u00edsica, con la finalidad de formar profesionales en el \u00e1rea, acorde a las necesidades del medio y de la \u00e9poca.&#8221; font_container=&#8221;tag:p|font_size:16|text_align:left&#8221; use_theme_fonts=&#8221;yes&#8221; letter_spacing=&#8221;0&#8243; animation_delay=&#8221;1000&#8243; el_class=&#8221;mb-4&#8243; animation_type=&#8221;fadeIn&#8221;][vc_custom_heading [&hellip;]<\/p>\n","protected":false},"author":1,"featured_media":0,"parent":10,"menu_order":0,"comment_status":"closed","ping_status":"closed","template":"","meta":{"footnotes":""},"class_list":["post-649","page","type-page","status-publish","hentry"],"_links":{"self":[{"href":"https:\/\/www.unt.edu.ar\/expount\/wp-json\/wp\/v2\/pages\/649","targetHints":{"allow":["GET"]}}],"collection":[{"href":"https:\/\/www.unt.edu.ar\/expount\/wp-json\/wp\/v2\/pages"}],"about":[{"href":"https:\/\/www.unt.edu.ar\/expount\/wp-json\/wp\/v2\/types\/page"}],"author":[{"embeddable":true,"href":"https:\/\/www.unt.edu.ar\/expount\/wp-json\/wp\/v2\/users\/1"}],"replies":[{"embeddable":true,"href":"https:\/\/www.unt.edu.ar\/expount\/wp-json\/wp\/v2\/comments?post=649"}],"version-history":[{"count":13,"href":"https:\/\/www.unt.edu.ar\/expount\/wp-json\/wp\/v2\/pages\/649\/revisions"}],"predecessor-version":[{"id":1475,"href":"https:\/\/www.unt.edu.ar\/expount\/wp-json\/wp\/v2\/pages\/649\/revisions\/1475"}],"up":[{"embeddable":true,"href":"https:\/\/www.unt.edu.ar\/expount\/wp-json\/wp\/v2\/pages\/10"}],"wp:attachment":[{"href":"https:\/\/www.unt.edu.ar\/expount\/wp-json\/wp\/v2\/media?parent=649"}],"curies":[{"name":"wp","href":"https:\/\/api.w.org\/{rel}","templated":true}]}}