{"id":645,"date":"2022-09-22T15:46:45","date_gmt":"2022-09-22T18:46:45","guid":{"rendered":"http:\/\/www.unt.edu.ar\/expount\/?page_id=645"},"modified":"2025-12-04T11:31:34","modified_gmt":"2025-12-04T14:31:34","slug":"facultad-de-ciencias-naturales_eiml","status":"publish","type":"page","link":"https:\/\/www.unt.edu.ar\/expount\/facultades-y-escuelas\/facultad-de-ciencias-naturales_eiml\/","title":{"rendered":"Facultad de Ciencias Naturales e IML"},"content":{"rendered":"<div class=\"wpb-content-wrapper\"><p>[vc_row wrap_container=&#8221;yes&#8221; conditional_render=&#8221;%5B%7B%22value_role%22%3A%22administrator%22%7D%5D&#8221;][vc_column width=&#8221;2\/3&#8243;][vc_video link=&#8221;https:\/\/www.youtube.com\/watch?v=PktzAGQOvj0&#8243;][\/vc_column][vc_column width=&#8221;1\/3&#8243;][vc_custom_heading text=&#8221;La Facultad de Ciencias Naturales e Instituto Miguel Lillo, es una Instituci\u00f3n reconocida a nivel nacional e internacional, por las carreras de Grado, las de Posgrado, los Institutos de Investigaci\u00f3n, el plantel docente y la producci\u00f3n cient\u00edfica que posee.&#8221; font_container=&#8221;tag:p|font_size:16|text_align:left&#8221; use_theme_fonts=&#8221;yes&#8221; letter_spacing=&#8221;0&#8243; animation_delay=&#8221;1000&#8243; el_class=&#8221;mb-4&#8243; animation_type=&#8221;fadeIn&#8221;][vc_custom_heading text=&#8221;Cuenta con 4 carreras de grado, 7 carreras de posgrado y una tecnicatura.&#8221; font_container=&#8221;tag:p|font_size:16|text_align:left&#8221; use_theme_fonts=&#8221;yes&#8221; letter_spacing=&#8221;0&#8243; animation_delay=&#8221;1000&#8243; el_class=&#8221;mb-4&#8243; animation_type=&#8221;fadeIn&#8221;][\/vc_column][\/vc_row][vc_row wrap_container=&#8221;yes&#8221; conditional_render=&#8221;%5B%7B%22value_role%22%3A%22administrator%22%7D%5D&#8221;][vc_column width=&#8221;1\/3&#8243;][vc_custom_heading text=&#8221;Carreras&#8221; font_container=&#8221;tag:h3|font_size:26|text_align:left|line_height:1&#8243; use_theme_fonts=&#8221;yes&#8221; font_weight=&#8221;700&#8243; letter_spacing=&#8221;-0.05&#8243; el_class=&#8221;zigzag pb-3 mb-4&#8243;][vc_custom_heading text=&#8221;Geolog\u00eda &#8211; 5 A\u00f1os&#8221; font_container=&#8221;tag:p|font_size:16|text_align:left|line_height:1.5&#8243; use_theme_fonts=&#8221;yes&#8221; css=&#8221;&#8221; font_weight=&#8221;500&#8243; animation_delay=&#8221;200&#8243; animation_type=&#8221;fadeIn&#8221; el_class=&#8221;mb-4 list-unstyled&#8221; link=&#8221;url:https%3A%2F%2Fcsnat.unt.edu.ar%2Fgeologia%2F|target:_blank&#8221;][vc_custom_heading text=&#8221;Licenciatura en Ciencias Biol\u00f3gicas &#8211; 5 A\u00f1os&#8221; font_container=&#8221;tag:p|font_size:16|text_align:left|line_height:1.5&#8243; use_theme_fonts=&#8221;yes&#8221; css=&#8221;&#8221; font_weight=&#8221;500&#8243; animation_delay=&#8221;200&#8243; animation_type=&#8221;fadeIn&#8221; el_class=&#8221;mb-4 list-unstyled&#8221; link=&#8221;url:https%3A%2F%2Fcsnat.unt.edu.ar%2Flicenciatura-en-ciencias-biologicas%2F|target:_blank&#8221;][vc_custom_heading text=&#8221;Profesorado en Ciencias Biol\u00f3gicas &#8211; 4 A\u00f1os&#8221; font_container=&#8221;tag:p|font_size:16|text_align:left|line_height:1.5&#8243; use_theme_fonts=&#8221;yes&#8221; css=&#8221;&#8221; font_weight=&#8221;500&#8243; animation_delay=&#8221;200&#8243; animation_type=&#8221;fadeIn&#8221; el_class=&#8221;mb-4 list-unstyled&#8221; link=&#8221;url:https%3A%2F%2Fcsnat.unt.edu.ar%2Fprofesorado-en-ciencias-biologicas%2F|target:_blank&#8221;][vc_custom_heading text=&#8221;Arqueolog\u00eda &#8211; 5 A\u00f1os&#8221; font_container=&#8221;tag:p|font_size:16|text_align:left|line_height:1.5&#8243; use_theme_fonts=&#8221;yes&#8221; css=&#8221;&#8221; font_weight=&#8221;500&#8243; animation_delay=&#8221;200&#8243; animation_type=&#8221;fadeIn&#8221; el_class=&#8221;mb-4 list-unstyled&#8221; link=&#8221;url:https%3A%2F%2Fcsnat.unt.edu.ar%2Farqueologia%2F|target:_blank&#8221;][vc_custom_heading text=&#8221;Tecnicatura Universitaria en Documentaci\u00f3n y Museolog\u00eda Arqueol\u00f3gica &#8211; 3 A\u00f1os&#8221; font_container=&#8221;tag:p|font_size:16|text_align:left|line_height:1.5&#8243; use_theme_fonts=&#8221;yes&#8221; css=&#8221;&#8221; font_weight=&#8221;500&#8243; animation_delay=&#8221;200&#8243; animation_type=&#8221;fadeIn&#8221; el_class=&#8221;mb-4 list-unstyled&#8221; link=&#8221;url:https%3A%2F%2Fcsnat.unt.edu.ar%2Ftecnicatura-universitaria-en-documentacion-y-museologia-arqueologica%2F|target:_blank&#8221;][\/vc_column][vc_column width=&#8221;1\/3&#8243;][vc_custom_heading text=&#8221;Contacto&#8221; font_container=&#8221;tag:h3|font_size:26|text_align:left|line_height:1&#8243; use_theme_fonts=&#8221;yes&#8221; font_weight=&#8221;700&#8243; letter_spacing=&#8221;-0.05&#8243; el_class=&#8221;zigzag pb-3 mb-4&#8243;][vc_column_text]<strong>Direcci\u00f3n:<\/strong> Miguel Lillo 205 &#8211; San Miguel de Tucum\u00e1n<br \/>\nTucum\u00e1n &#8211; Argentina<\/p>\n<p><strong>Tel:<\/strong> +54 381 4364147<\/p>\n<p><strong>E-mail: <\/strong>ceciliaveggianiaybar@csnat.unt.edu.ar<\/p>\n<p><strong>Web:<\/strong> <a href=\"http:\/\/csnat.unt.edu.ar\" target=\"_blank\" rel=\"noopener\">csnat.unt.edu.ar<\/a>[\/vc_column_text]<div class=\"porto-u-icons\"><a class=\"porto-icon fab fa-instagram \"  style=\"color:#dd3333;font-size:32px;margin-right:5px;\" href=\"https:\/\/www.instagram.com\/facultadcienciasnaturalesiml\/\" target='_blank'><\/a><\/div>[\/vc_column][vc_column width=&#8221;1\/3&#8243;][\/vc_column][\/vc_row][vc_row][vc_column][vc_column_text]<span style=\"visibility: hidden; display: none;\">Geolog\u00eda, Minerales, Rocas, Estratigraf\u00eda, Paleontolog\u00eda, Exploraci\u00f3n minera, Recursos naturales, Ciencias de la Tierra, Tect\u00f3nica de placas, Sedimentolog\u00eda, Volcanes, Mapas geol\u00f3gicos, Geof\u00edsica, Hidrogeolog\u00eda, Geolog\u00eda del petr\u00f3leo, Geolog\u00eda marina, Erosi\u00f3n, Estudio de terremotos, An\u00e1lisis de suelos, Perforaci\u00f3n geol\u00f3gica, Estudio de minerales, Geolog\u00eda ambiental, Geolog\u00eda de campo, Geolog\u00eda estructural, Recursos energ\u00e9ticos, Minerales preciosos, Cartograf\u00eda geol\u00f3gica, Rocas \u00edgneas, Metamorfismo, Geociencias, Hidrolog\u00eda, An\u00e1lisis de f\u00f3siles, Ciencias Biol\u00f3gicas, Biolog\u00eda celular, Biolog\u00eda molecular, Ecolog\u00eda, Zoolog\u00eda, Bot\u00e1nica, Gen\u00e9tica, Fisiolog\u00eda, Anatom\u00eda, Biodiversidad, Microbiolog\u00eda, Evoluci\u00f3n, Biotecnolog\u00eda, Bioqu\u00edmica, Biolog\u00eda marina, Biolog\u00eda ambiental, Genomas, Conservaci\u00f3n de especies, Laboratorio biol\u00f3gico, Investigaci\u00f3n cient\u00edfica, Organismos vivos, Biolog\u00eda vegetal, Taxonom\u00eda, Bioinform\u00e1tica, Estudios de ecosistemas, Conservaci\u00f3n ambiental, Procesos biol\u00f3gicos, Adaptaci\u00f3n de especies, Biolog\u00eda de poblaciones, C\u00e9lulas madre, Biolog\u00eda, Educaci\u00f3n biol\u00f3gica, Ense\u00f1anza de ciencias, Fisiolog\u00eda, Biolog\u00eda celular, Ecolog\u00eda, Zoolog\u00eda, Bot\u00e1nica, Gen\u00e9tica, Did\u00e1ctica de la biolog\u00eda, Investigaci\u00f3n educativa, Ciencias naturales, Experimentaci\u00f3n en ciencias, Docencia, Estrategias pedag\u00f3gicas, Formaci\u00f3n docente, Proyectos escolares, Clases de laboratorio, Experimentos en biolog\u00eda, Recursos educativos, Biolog\u00eda ambiental, Estudios de ecosistemas, Aprendizaje basado en proyectos, Observaci\u00f3n de campo, Docencia en colegios, Arqueolog\u00eda, Excavaciones, Restos f\u00f3siles, Historia antigua, Civilizaciones, Cultura material, Patrimonio cultural, Museos, Conservaci\u00f3n de piezas, Documentaci\u00f3n de hallazgos, Investigaci\u00f3n arqueol\u00f3gica, Sitios arqueol\u00f3gicos, Historia prehisp\u00e1nica, An\u00e1lisis de restos, Restauraci\u00f3n de artefactos, Dataci\u00f3n de f\u00f3siles, Estratigraf\u00eda arqueol\u00f3gica, Antropolog\u00eda, Estudio de culturas, Historia del arte, Historia antigua, Contextos funerarios, Patrimonio hist\u00f3rico, Teor\u00eda arqueol\u00f3gica, Metodolog\u00edas de excavaci\u00f3n, Museolog\u00eda, Documentaci\u00f3n, Museolog\u00eda, Registro de piezas, Conservaci\u00f3n, Restauraci\u00f3n, Catalogaci\u00f3n de objetos, Historia y cultura, Gesti\u00f3n de museos, Archivos hist\u00f3ricos, Patrimonio, Investigaci\u00f3n arqueol\u00f3gica, T\u00e9cnicas de conservaci\u00f3n, Gesti\u00f3n de colecciones, Exposiciones, Documentaci\u00f3n de hallazgos, Acceso a patrimonio, Montaje de exposiciones, Manejo de objetos hist\u00f3ricos, Digitalizaci\u00f3n de piezas, Inventarios, Gesti\u00f3n de patrimonio cultural, Estudios hist\u00f3ricos<\/span>[\/vc_column_text][\/vc_column][\/vc_row]<\/p>\n<\/div>","protected":false},"excerpt":{"rendered":"<p>[vc_row wrap_container=&#8221;yes&#8221; conditional_render=&#8221;%5B%7B%22value_role%22%3A%22administrator%22%7D%5D&#8221;][vc_column width=&#8221;2\/3&#8243;][vc_video link=&#8221;https:\/\/www.youtube.com\/watch?v=PktzAGQOvj0&#8243;][\/vc_column][vc_column width=&#8221;1\/3&#8243;][vc_custom_heading text=&#8221;La Facultad de Ciencias Naturales e Instituto Miguel Lillo, es una Instituci\u00f3n reconocida a nivel nacional e internacional, por las carreras de Grado, las de Posgrado, los Institutos de Investigaci\u00f3n, el plantel docente y la producci\u00f3n cient\u00edfica que posee.&#8221; font_container=&#8221;tag:p|font_size:16|text_align:left&#8221; use_theme_fonts=&#8221;yes&#8221; letter_spacing=&#8221;0&#8243; animation_delay=&#8221;1000&#8243; el_class=&#8221;mb-4&#8243; animation_type=&#8221;fadeIn&#8221;][vc_custom_heading text=&#8221;Cuenta con 4 carreras [&hellip;]<\/p>\n","protected":false},"author":1,"featured_media":0,"parent":10,"menu_order":0,"comment_status":"closed","ping_status":"closed","template":"","meta":{"footnotes":""},"class_list":["post-645","page","type-page","status-publish","hentry"],"_links":{"self":[{"href":"https:\/\/www.unt.edu.ar\/expount\/wp-json\/wp\/v2\/pages\/645","targetHints":{"allow":["GET"]}}],"collection":[{"href":"https:\/\/www.unt.edu.ar\/expount\/wp-json\/wp\/v2\/pages"}],"about":[{"href":"https:\/\/www.unt.edu.ar\/expount\/wp-json\/wp\/v2\/types\/page"}],"author":[{"embeddable":true,"href":"https:\/\/www.unt.edu.ar\/expount\/wp-json\/wp\/v2\/users\/1"}],"replies":[{"embeddable":true,"href":"https:\/\/www.unt.edu.ar\/expount\/wp-json\/wp\/v2\/comments?post=645"}],"version-history":[{"count":20,"href":"https:\/\/www.unt.edu.ar\/expount\/wp-json\/wp\/v2\/pages\/645\/revisions"}],"predecessor-version":[{"id":1524,"href":"https:\/\/www.unt.edu.ar\/expount\/wp-json\/wp\/v2\/pages\/645\/revisions\/1524"}],"up":[{"embeddable":true,"href":"https:\/\/www.unt.edu.ar\/expount\/wp-json\/wp\/v2\/pages\/10"}],"wp:attachment":[{"href":"https:\/\/www.unt.edu.ar\/expount\/wp-json\/wp\/v2\/media?parent=645"}],"curies":[{"name":"wp","href":"https:\/\/api.w.org\/{rel}","templated":true}]}}