{"id":643,"date":"2022-09-22T15:46:23","date_gmt":"2022-09-22T18:46:23","guid":{"rendered":"http:\/\/www.unt.edu.ar\/expount\/?page_id=643"},"modified":"2025-12-04T11:10:00","modified_gmt":"2025-12-04T14:10:00","slug":"facultad-de-ciencias-exactas-y-tecnologia","status":"publish","type":"page","link":"https:\/\/www.unt.edu.ar\/expount\/facultades-y-escuelas\/facultad-de-ciencias-exactas-y-tecnologia\/","title":{"rendered":"Facultad de Ciencias Exactas y Tecnolog\u00eda"},"content":{"rendered":"<div class=\"wpb-content-wrapper\"><p>[vc_row wrap_container=&#8221;yes&#8221; conditional_render=&#8221;%5B%7B%22value_role%22%3A%22administrator%22%7D%5D&#8221;][vc_column width=&#8221;2\/3&#8243;][vc_video link=&#8221;https:\/\/www.youtube.com\/watch?v=B8bV0-SaVfo&#8221;][\/vc_column][vc_column width=&#8221;1\/3&#8243;][vc_custom_heading text=&#8221;La Facultad de Ciencias Exactas y Tecnolog\u00eda (FACET), fundada el 25 de mayo de 1914, es el centro educativo de ingenier\u00edas y ciencias exactas m\u00e1s importante del norte, y contribuye al desarrollo cultural, social y econ\u00f3mico del pa\u00eds y la regi\u00f3n, mediante el aporte cient\u00edfico-tecnol\u00f3gico.&#8221; font_container=&#8221;tag:p|font_size:16|text_align:left&#8221; use_theme_fonts=&#8221;yes&#8221; letter_spacing=&#8221;0&#8243; animation_delay=&#8221;1000&#8243; el_class=&#8221;mb-4&#8243; animation_type=&#8221;fadeIn&#8221;][vc_custom_heading text=&#8221;Lidera en su rol de formadora de profesionales en el \u00e1rea de las ciencias exactas, impulsando la investigaci\u00f3n cient\u00edfica y aplicada, como as\u00ed tambi\u00e9n incrementando la extensi\u00f3n y la transferencia tecnol\u00f3gica hacia la sociedad que la alberga.&#8221; font_container=&#8221;tag:p|font_size:16|text_align:left&#8221; use_theme_fonts=&#8221;yes&#8221; letter_spacing=&#8221;0&#8243; animation_delay=&#8221;1000&#8243; el_class=&#8221;mb-4&#8243; animation_type=&#8221;fadeIn&#8221;][\/vc_column][\/vc_row][vc_row wrap_container=&#8221;yes&#8221; conditional_render=&#8221;%5B%7B%22value_role%22%3A%22administrator%22%7D%5D&#8221;][vc_column width=&#8221;1\/3&#8243;][vc_custom_heading text=&#8221;Carreras&#8221; font_container=&#8221;tag:h3|font_size:26|text_align:left|line_height:1&#8243; use_theme_fonts=&#8221;yes&#8221; font_weight=&#8221;700&#8243; letter_spacing=&#8221;-0.05&#8243; el_class=&#8221;zigzag pb-3 mb-4&#8243;][vc_custom_heading text=&#8221;Agrimensura &#8211; 5 A\u00f1os&#8221; font_container=&#8221;tag:p|font_size:16|text_align:left|line_height:1.5&#8243; use_theme_fonts=&#8221;yes&#8221; font_weight=&#8221;500&#8243; animation_delay=&#8221;200&#8243; animation_type=&#8221;fadeIn&#8221; el_class=&#8221;mb-4 list-unstyled&#8221; link=&#8221;url:https%3A%2F%2Fwww.facet.unt.edu.ar%2Fagrimensura-facet%2F|target:_blank&#8221;][vc_custom_heading text=&#8221;Tecnicatura en Iluminaci\u00f3n &#8211; 2 y \u00bd a\u00f1os&#8221; font_container=&#8221;tag:p|font_size:16|text_align:left|line_height:1.5&#8243; use_theme_fonts=&#8221;yes&#8221; css=&#8221;&#8221; font_weight=&#8221;500&#8243; animation_delay=&#8221;200&#8243; animation_type=&#8221;fadeIn&#8221; el_class=&#8221;mb-4 list-unstyled&#8221; link=&#8221;url:https%3A%2F%2Fwww.facet.unt.edu.ar%2Fluminotecnia%2Fdisenador-de-iluminacion%2F|target:_blank&#8221;][vc_custom_heading text=&#8221;Dise\u00f1o de Iluminaci\u00f3n &#8211; 4 a\u00f1os&#8221; font_container=&#8221;tag:p|font_size:16|text_align:left|line_height:1.5&#8243; use_theme_fonts=&#8221;yes&#8221; font_weight=&#8221;500&#8243; animation_delay=&#8221;200&#8243; animation_type=&#8221;fadeIn&#8221; el_class=&#8221;mb-4 list-unstyled&#8221; link=&#8221;url:https%3A%2F%2Fwww.facet.unt.edu.ar%2Fluminotecnia%2Fdisenador-de-iluminacion%2F|target:_blank&#8221;][vc_custom_heading text=&#8221;Ingenier\u00eda Azucarera &#8211; 5 a\u00f1os&#8221; font_container=&#8221;tag:p|font_size:16|text_align:left|line_height:1.5&#8243; use_theme_fonts=&#8221;yes&#8221; font_weight=&#8221;500&#8243; animation_delay=&#8221;200&#8243; animation_type=&#8221;fadeIn&#8221; el_class=&#8221;mb-4 list-unstyled&#8221; link=&#8221;url:https%3A%2F%2Fwww.facet.unt.edu.ar%2Fingenieria-azucarerafacet%2F|target:_blank&#8221;][vc_custom_heading text=&#8221;Ingenier\u00eda Biom\u00e9dica &#8211; 5 a\u00f1os&#8221; font_container=&#8221;tag:p|font_size:16|text_align:left|line_height:1.5&#8243; use_theme_fonts=&#8221;yes&#8221; font_weight=&#8221;500&#8243; animation_delay=&#8221;200&#8243; animation_type=&#8221;fadeIn&#8221; el_class=&#8221;mb-4 list-unstyled&#8221; link=&#8221;url:https%3A%2F%2Fwww.facet.unt.edu.ar%2Fingenieria-biomedica%2F|target:_blank&#8221;][vc_custom_heading text=&#8221;Ingenier\u00eda Civil &#8211; 5 y 1\/2 a\u00f1os&#8221; font_container=&#8221;tag:p|font_size:16|text_align:left|line_height:1.5&#8243; use_theme_fonts=&#8221;yes&#8221; font_weight=&#8221;500&#8243; animation_delay=&#8221;200&#8243; animation_type=&#8221;fadeIn&#8221; el_class=&#8221;mb-4 list-unstyled&#8221; link=&#8221;url:https%3A%2F%2Fwww.facet.unt.edu.ar%2Fingenieria-civil%2F|target:_blank&#8221;][vc_custom_heading text=&#8221;Ingenier\u00eda El\u00e9ctrica &#8211; 5 a\u00f1os&#8221; font_container=&#8221;tag:p|font_size:16|text_align:left|line_height:1.5&#8243; use_theme_fonts=&#8221;yes&#8221; font_weight=&#8221;500&#8243; animation_delay=&#8221;200&#8243; animation_type=&#8221;fadeIn&#8221; el_class=&#8221;mb-4 list-unstyled&#8221; link=&#8221;url:https%3A%2F%2Fwww.facet.unt.edu.ar%2Fingelectrica%2F|target:_blank&#8221;][vc_custom_heading text=&#8221;Ingenier\u00eda Electr\u00f3nica &#8211; 5 a\u00f1os&#8221; font_container=&#8221;tag:p|font_size:16|text_align:left|line_height:1.5&#8243; use_theme_fonts=&#8221;yes&#8221; font_weight=&#8221;500&#8243; animation_delay=&#8221;200&#8243; animation_type=&#8221;fadeIn&#8221; el_class=&#8221;mb-4 list-unstyled&#8221; link=&#8221;url:https%3A%2F%2Fwww.facet.unt.edu.ar%2Fingelectronica%2F|target:_blank&#8221;][vc_custom_heading text=&#8221;Ingenier\u00eda en Computaci\u00f3n &#8211; 4 y \u00bd a\u00f1os&#8221; font_container=&#8221;tag:p|font_size:16|text_align:left|line_height:1.5&#8243; use_theme_fonts=&#8221;yes&#8221; font_weight=&#8221;500&#8243; animation_delay=&#8221;200&#8243; animation_type=&#8221;fadeIn&#8221; el_class=&#8221;mb-4 list-unstyled&#8221; link=&#8221;url:https%3A%2F%2Fwww.facet.unt.edu.ar%2Fingcomputacion%2F|target:_blank&#8221;][vc_custom_heading text=&#8221;Ingenier\u00eda en Inform\u00e1tica &#8211; 5 a\u00f1os&#8221; font_container=&#8221;tag:p|font_size:16|text_align:left|line_height:1.5&#8243; use_theme_fonts=&#8221;yes&#8221; font_weight=&#8221;500&#8243; animation_delay=&#8221;200&#8243; animation_type=&#8221;fadeIn&#8221; el_class=&#8221;mb-4 list-unstyled&#8221; link=&#8221;url:https%3A%2F%2Fwww.facet.unt.edu.ar%2Fingenieriainformatica%2F|target:_blank&#8221;][vc_custom_heading text=&#8221;Ingenier\u00eda Geod\u00e9sica y Geof\u00edsica &#8211; 5 a\u00f1os&#8221; font_container=&#8221;tag:p|font_size:16|text_align:left|line_height:1.5&#8243; use_theme_fonts=&#8221;yes&#8221; font_weight=&#8221;500&#8243; animation_delay=&#8221;200&#8243; animation_type=&#8221;fadeIn&#8221; el_class=&#8221;mb-4 list-unstyled&#8221; link=&#8221;url:https%3A%2F%2Fwww.facet.unt.edu.ar%2Fgeodesia-geofisica%2F|target:_blank&#8221;][\/vc_column][vc_column width=&#8221;1\/3&#8243;][vc_custom_heading text=&#8221;Carreras&#8221; font_container=&#8221;tag:h3|font_size:26|text_align:left|line_height:1&#8243; use_theme_fonts=&#8221;yes&#8221; font_weight=&#8221;700&#8243; letter_spacing=&#8221;-0.05&#8243; el_class=&#8221;zigzag pb-3 mb-4&#8243;][vc_custom_heading text=&#8221;Ingenier\u00eda Qu\u00edmica &#8211; 5 a\u00f1os&#8221; font_container=&#8221;tag:p|font_size:16|text_align:left|line_height:1.5&#8243; use_theme_fonts=&#8221;yes&#8221; font_weight=&#8221;500&#8243; animation_delay=&#8221;200&#8243; animation_type=&#8221;fadeIn&#8221; el_class=&#8221;mb-4 list-unstyled&#8221; link=&#8221;url:https%3A%2F%2Fwww.facet.unt.edu.ar%2Fingenieria-quimica%2F|target:_blank&#8221;][vc_custom_heading text=&#8221;Ingenier\u00eda Mec\u00e1nica &#8211; 5 a\u00f1os&#8221; font_container=&#8221;tag:p|font_size:16|text_align:left|line_height:1.5&#8243; use_theme_fonts=&#8221;yes&#8221; font_weight=&#8221;500&#8243; animation_delay=&#8221;200&#8243; animation_type=&#8221;fadeIn&#8221; el_class=&#8221;mb-4 list-unstyled&#8221; link=&#8221;url:https%3A%2F%2Fwww.facet.unt.edu.ar%2Fingmecanica%2F|target:_blank&#8221;][vc_custom_heading text=&#8221;Ingenier\u00eda Industrial &#8211; 5 a\u00f1os&#8221; font_container=&#8221;tag:p|font_size:16|text_align:left|line_height:1.5&#8243; use_theme_fonts=&#8221;yes&#8221; font_weight=&#8221;500&#8243; animation_delay=&#8221;200&#8243; animation_type=&#8221;fadeIn&#8221; el_class=&#8221;mb-4 list-unstyled&#8221; link=&#8221;url:https%3A%2F%2Fwww.facet.unt.edu.ar%2Fingenieria-industrial%2F|target:_blank&#8221;][vc_custom_heading text=&#8221;Licenciatura en F\u00edsica &#8211; 5 a\u00f1os&#8221; font_container=&#8221;tag:p|font_size:16|text_align:left|line_height:1.5&#8243; use_theme_fonts=&#8221;yes&#8221; font_weight=&#8221;500&#8243; animation_delay=&#8221;200&#8243; animation_type=&#8221;fadeIn&#8221; el_class=&#8221;mb-4 list-unstyled&#8221; link=&#8221;url:https%3A%2F%2Fwww.facet.unt.edu.ar%2Flicfisica%2F|target:_blank&#8221;][vc_custom_heading text=&#8221;Licenciatura en Inform\u00e1tica &#8211; 5 a\u00f1os&#8221; font_container=&#8221;tag:p|font_size:16|text_align:left|line_height:1.5&#8243; use_theme_fonts=&#8221;yes&#8221; font_weight=&#8221;500&#8243; animation_delay=&#8221;200&#8243; animation_type=&#8221;fadeIn&#8221; el_class=&#8221;mb-4 list-unstyled&#8221; link=&#8221;url:https%3A%2F%2Fwww.facet.unt.edu.ar%2Flicinformatica%2F|target:_blank&#8221;][vc_custom_heading text=&#8221;Licenciatura en Matem\u00e1tica &#8211; 5 a\u00f1os&#8221; font_container=&#8221;tag:p|font_size:16|text_align:left|line_height:1.5&#8243; use_theme_fonts=&#8221;yes&#8221; font_weight=&#8221;500&#8243; animation_delay=&#8221;200&#8243; animation_type=&#8221;fadeIn&#8221; el_class=&#8221;mb-4 list-unstyled&#8221; link=&#8221;url:https%3A%2F%2Fwww.facet.unt.edu.ar%2Flicenciatura-en-matematica%2F|target:_blank&#8221;][vc_custom_heading text=&#8221;Programador Universitario &#8211; 3 a\u00f1os&#8221; font_container=&#8221;tag:p|font_size:16|text_align:left|line_height:1.5&#8243; use_theme_fonts=&#8221;yes&#8221; font_weight=&#8221;500&#8243; animation_delay=&#8221;200&#8243; animation_type=&#8221;fadeIn&#8221; el_class=&#8221;mb-4 list-unstyled&#8221; link=&#8221;url:https%3A%2F%2Fwww.facet.unt.edu.ar%2Fprogramador-universitario%2F|target:_blank&#8221;][vc_custom_heading text=&#8221;Tecnicatura Universitaria en Tecnolog\u00eda Azucarera e Industrias Derivadas &#8211; 3 a\u00f1os&#8221; font_container=&#8221;tag:p|font_size:16|text_align:left|line_height:1.5&#8243; use_theme_fonts=&#8221;yes&#8221; font_weight=&#8221;500&#8243; animation_delay=&#8221;200&#8243; animation_type=&#8221;fadeIn&#8221; el_class=&#8221;mb-4 list-unstyled&#8221; link=&#8221;url:https%3A%2F%2Fwww.facet.unt.edu.ar%2Ftecnicatura-universitaria-en-tecnologia-azucarera-e-industrias-derivadas%2F|target:_blank&#8221;][vc_custom_heading text=&#8221;Tecnicatura Universitaria en F\u00edsica &#8211; 3 a\u00f1os&#8221; font_container=&#8221;tag:p|font_size:16|text_align:left|line_height:1.5&#8243; use_theme_fonts=&#8221;yes&#8221; font_weight=&#8221;500&#8243; animation_delay=&#8221;200&#8243; animation_type=&#8221;fadeIn&#8221; el_class=&#8221;mb-4 list-unstyled&#8221; link=&#8221;url:https%3A%2F%2Fwww.facet.unt.edu.ar%2Ftecnicatura-universitaria-en-fisica%2F|target:_blank&#8221;][vc_custom_heading text=&#8221;Tecnicatura Universitaria en F\u00edsica Ambiental &#8211; 2 a\u00f1os y \u00bd&#8221; font_container=&#8221;tag:p|font_size:16|text_align:left|line_height:1.5&#8243; use_theme_fonts=&#8221;yes&#8221; font_weight=&#8221;500&#8243; animation_delay=&#8221;200&#8243; animation_type=&#8221;fadeIn&#8221; el_class=&#8221;mb-4 list-unstyled&#8221; link=&#8221;url:https%3A%2F%2Fwww.facet.unt.edu.ar%2Ftecnicatura-universitaria-en-fisica-ambiental%2F|target:_blank&#8221;][\/vc_column][vc_column width=&#8221;1\/3&#8243;][vc_custom_heading text=&#8221;Contacto&#8221; font_container=&#8221;tag:h3|font_size:26|text_align:left|line_height:1&#8243; use_theme_fonts=&#8221;yes&#8221; font_weight=&#8221;700&#8243; letter_spacing=&#8221;-0.05&#8243; el_class=&#8221;zigzag pb-3 mb-4&#8243;][vc_column_text]<strong>Direcci\u00f3n:<\/strong> Centro Universitario Ing. R. Herrera,\u00a0 Av. Independencia N\u00b0 1800, San Miguel de Tucum\u00e1n, Tucum\u00e1n, Argentina<\/p>\n<p><strong>Tel:<\/strong> 0381- 4364093 \u2013 Interno: 7583<\/p>\n<p><strong>Mail:<\/strong> areacomunicacion@herrera.unt.edu.ar<\/p>\n<p><strong>Web:<\/strong> <a href=\"http:\/\/facet.unt.edu.ar\" target=\"_blank\" rel=\"noopener\">facet.unt.edu.ar<\/a>[\/vc_column_text]<div class=\"porto-u-icons\"><a class=\"porto-icon fab fa-facebook \"  style=\"color:#1e73be;font-size:32px;margin-right:5px;\" href=\"https:\/\/www.facebook.com\/facet.unt\/\" target='_blank'><\/a><a class=\"porto-icon fab fa-twitter \"  style=\"color:#32d3d3;font-size:32px;margin-right:5px;\" href=\"https:\/\/twitter.com\/facetuntoficial\" target='_blank'><\/a><a class=\"porto-icon fab fa-instagram \"  style=\"color:#dd3333;font-size:32px;margin-right:5px;\" href=\"https:\/\/www.instagram.com\/facetoficial.unt\/\" target='_blank'><\/a><\/div>[\/vc_column][\/vc_row][vc_row][vc_column][vc_column_text]<span style=\"visibility: hidden; display: none;\">Agrimensura, Topograf\u00eda, Geodesia, Cartograf\u00eda, Medici\u00f3n de terrenos, Levantamientos topogr\u00e1ficos, Planificaci\u00f3n territorial, Sistemas de informaci\u00f3n geogr\u00e1fica (SIG), Mapas, Geom\u00e1tica, C\u00e1lculo de superficies, Proyectos de infraestructura, Obras p\u00fablicas, Dibujo topogr\u00e1fico, Normativas de agrimensura, An\u00e1lisis de terrenos, Parcelas, Trazado de caminos, Inspecci\u00f3n de obras, Georreferenciaci\u00f3n, Monitoreo geoespacial, Iluminaci\u00f3n, Dise\u00f1o lum\u00ednico, Espacios esc\u00e9nicos, Eficiencia energ\u00e9tica, Proyectos de iluminaci\u00f3n, Iluminaci\u00f3n arquitect\u00f3nica, Dise\u00f1o de luces, Control de luces, Tecnolog\u00eda LED, Ambientes lum\u00ednicos, Est\u00e9tica y luz, Espacios interiores, Escenarios, Innovaci\u00f3n en iluminaci\u00f3n, Iluminaci\u00f3n en espect\u00e1culos, Teor\u00eda de la luz, Aplicaciones lum\u00ednicas, Escenograf\u00eda, Dise\u00f1o de proyectos, Industria azucarera, Producci\u00f3n de az\u00facar, Cultivo de ca\u00f1a de az\u00facar, Procesos industriales, Ingenier\u00eda de procesos, Energ\u00eda renovable, Bioproductos, Qu\u00edmica del az\u00facar, Producci\u00f3n de bioetanol, Control de calidad, Econom\u00eda agr\u00edcola, T\u00e9cnicas de cultivo, Biotecnolog\u00eda, Optimizaci\u00f3n de procesos, Gesti\u00f3n de residuos, Innovaci\u00f3n tecnol\u00f3gica, Producci\u00f3n sostenible, Maquinaria agr\u00edcola, Procesamiento de derivados, Desarrollo industrial, Ingenier\u00eda biom\u00e9dica, Tecnolog\u00eda m\u00e9dica, Equipos m\u00e9dicos, Salud, Biomec\u00e1nica, Dispositivos m\u00e9dicos, Ingenier\u00eda de tejidos, Pr\u00f3tesis, Rehabilitaci\u00f3n, Dise\u00f1o de equipos, Innovaci\u00f3n en salud, Bioinstrumentaci\u00f3n, Biotecnolog\u00eda m\u00e9dica, Ingenier\u00eda de im\u00e1genes, Materiales biom\u00e9dicos, Electr\u00f3nica m\u00e9dica, Dise\u00f1o de pr\u00f3tesis, Ingenier\u00eda cl\u00ednica, Innovaci\u00f3n en dispositivos m\u00e9dicos, Sistemas de diagn\u00f3stico, Investigaci\u00f3n biom\u00e9dica, Ingenier\u00eda civil, Construcci\u00f3n, Dise\u00f1o estructural, Obras p\u00fablicas, Edificaci\u00f3n, Infraestructura, C\u00e1lculo de estructuras, Ingenier\u00eda de caminos, Puentes, Hidr\u00e1ulica, Materiales de construcci\u00f3n, Ingenier\u00eda de suelos, Dibujo t\u00e9cnico, Proyectos de construcci\u00f3n, Planificaci\u00f3n urbana, Transporte, Sostenibilidad en construcci\u00f3n, Ingenier\u00eda de pavimentos, Seguridad estructural, Gesti\u00f3n de obras, Innovaci\u00f3n en ingenier\u00eda, Supervisi\u00f3n de obras, Resistencia de materiales, Ingenier\u00eda el\u00e9ctrica, Circuitos el\u00e9ctricos, Sistemas de energ\u00eda, Generaci\u00f3n el\u00e9ctrica, Distribuci\u00f3n de energ\u00eda, Motores el\u00e9ctricos, Control de sistemas, Redes el\u00e9ctricas, Electr\u00f3nica de potencia, Energ\u00edas renovables, Subestaciones, Dise\u00f1o el\u00e9ctrico, Instalaciones el\u00e9ctricas, Automatizaci\u00f3n, Electr\u00f3nica industrial, Innovaci\u00f3n energ\u00e9tica, Seguridad el\u00e9ctrica, An\u00e1lisis de sistemas el\u00e9ctricos, Normativas el\u00e9ctricas, Proyectos de energ\u00eda, Electr\u00f3nica, Circuitos integrados, Microcontroladores, Sistemas digitales, Electr\u00f3nica anal\u00f3gica, Instrumentaci\u00f3n, Dise\u00f1o de circuitos, Telecomunicaciones, Automatizaci\u00f3n, Rob\u00f3tica, Sensores, Sistemas embebidos, Redes electr\u00f3nicas, Programaci\u00f3n de hardware, Innovaci\u00f3n tecnol\u00f3gica, Electr\u00f3nica de consumo, Dise\u00f1o de hardware, Prototipado, Controladores, Electr\u00f3nica industrial, Electr\u00f3nica aplicada, Computaci\u00f3n, Programaci\u00f3n, Desarrollo de software, Redes de computadoras, Seguridad inform\u00e1tica, Bases de datos, Algoritmos, Inteligencia artificial, Sistemas operativos, Desarrollo web, Ingenier\u00eda de software, Ciberseguridad, Big data, Computaci\u00f3n en la nube, Innovaci\u00f3n tecnol\u00f3gica, Dise\u00f1o de sistemas, Lenguajes de programaci\u00f3n, An\u00e1lisis de sistemas, Automatizaci\u00f3n, Computaci\u00f3n gr\u00e1fica, Desarrollo de aplicaciones, Rob\u00f3tica, Internet de las cosas (IoT), Geodesia, Geof\u00edsica, Sistemas de referencia geod\u00e9sica, Cartograf\u00eda, Topograf\u00eda, An\u00e1lisis de suelos, Levantamientos geod\u00e9sicos, Geom\u00e1tica, Monitoreo geof\u00edsico, Estudios del subsuelo, Georreferenciaci\u00f3n, Tect\u00f3nica de placas, Modelos geof\u00edsicos, GNSS (Sistema Global de Navegaci\u00f3n por Sat\u00e9lite), Exploraci\u00f3n geod\u00e9sica, Geodesia satelital, Monitoreo s\u00edsmico, Gravitaci\u00f3n terrestre, Geof\u00edsica aplicada, Innovaci\u00f3n geod\u00e9sica, Cartograf\u00eda digital, Ingenier\u00eda qu\u00edmica, Procesos qu\u00edmicos, Reacciones qu\u00edmicas, Ingenier\u00eda de procesos, Qu\u00edmica industrial, Dise\u00f1o de plantas, Control de calidad, Procesos de separaci\u00f3n, Termodin\u00e1mica, Qu\u00edmica aplicada, Optimizaci\u00f3n de procesos, Producci\u00f3n de materiales, Ingenier\u00eda ambiental, Seguridad industrial, An\u00e1lisis de procesos, Energ\u00eda y materiales, Pol\u00edmeros, Qu\u00edmica de materiales, Industria alimentaria, Sostenibilidad qu\u00edmica, Innovaci\u00f3n industrial, Ingenier\u00eda mec\u00e1nica, Dise\u00f1o de maquinaria, Termodin\u00e1mica, Mantenimiento industrial, Din\u00e1mica de sistemas, Materiales mec\u00e1nicos, Automatizaci\u00f3n, Rob\u00f3tica, C\u00e1lculo estructural, Procesos de manufactura, Energ\u00eda t\u00e9rmica, Sistemas hidr\u00e1ulicos, Dise\u00f1o mec\u00e1nico, Innovaci\u00f3n tecnol\u00f3gica, Mec\u00e1nica de fluidos, Modelado de sistemas, Prototipado, CAD (Dise\u00f1o Asistido por Computadora), Mecatr\u00f3nica, Vibraciones mec\u00e1nicas, Ingenier\u00eda automotriz, Producci\u00f3n industrial, Ingenier\u00eda industrial, Optimizaci\u00f3n de procesos, Gesti\u00f3n de la producci\u00f3n, Log\u00edstica, Control de calidad, Innovaci\u00f3n en procesos, An\u00e1lisis de costos, Mejora continua, Gesti\u00f3n de proyectos, Seguridad industrial, Ergonom\u00eda, Sistemas productivos, Cadena de suministro, Planificaci\u00f3n de la producci\u00f3n, Gesti\u00f3n de recursos, Lean manufacturing, Producci\u00f3n sostenible, Ingenier\u00eda de operaciones, Gesti\u00f3n de la calidad total, An\u00e1lisis de productividad, F\u00edsica, Mec\u00e1nica, Termodin\u00e1mica, \u00d3ptica, Electromagnetismo, F\u00edsica cu\u00e1ntica, F\u00edsica de part\u00edculas, F\u00edsica te\u00f3rica, Experimentaci\u00f3n, F\u00edsica aplicada, An\u00e1lisis matem\u00e1tico, F\u00edsica estad\u00edstica, Investigaci\u00f3n cient\u00edfica, Cosmolog\u00eda, Ondas, F\u00edsica nuclear, F\u00edsica de materiales, Instrumentaci\u00f3n cient\u00edfica, Modelos f\u00edsicos, F\u00edsica computacional, Relatividad, Laboratorio de f\u00edsica, An\u00e1lisis f\u00edsico-matem\u00e1tico, Inform\u00e1tica, Desarrollo de software, Seguridad inform\u00e1tica, Bases de datos, Programaci\u00f3n, Inteligencia artificial, Redes de computadoras, Ciberseguridad, Sistemas de informaci\u00f3n, Computaci\u00f3n en la nube, An\u00e1lisis de datos, Dise\u00f1o de sistemas, Desarrollo de aplicaciones, Arquitectura de software, Innovaci\u00f3n tecnol\u00f3gica, Programaci\u00f3n orientada a objetos, Big data, Miner\u00eda de datos, Desarrollo web, Algoritmos y estructuras de datos, An\u00e1lisis de sistemas, Matem\u00e1tica, C\u00e1lculo diferencial, \u00c1lgebra lineal, Geometr\u00eda, An\u00e1lisis num\u00e9rico, Estad\u00edstica, Probabilidad, L\u00f3gica matem\u00e1tica, Teor\u00eda de n\u00fameros, Matem\u00e1tica aplicada, Matem\u00e1tica discreta, An\u00e1lisis de datos, Optimizaci\u00f3n matem\u00e1tica, Modelos matem\u00e1ticos, Investigaci\u00f3n matem\u00e1tica, Matem\u00e1tica pura, Matem\u00e1tica financiera, Funciones matem\u00e1ticas, Teor\u00eda de conjuntos, Matem\u00e1tica computacional, Innovaci\u00f3n matem\u00e1tica, An\u00e1lisis matem\u00e1tico avanzado, Programaci\u00f3n, Desarrollo de software, Dise\u00f1o de aplicaciones, Algoritmos, Lenguajes de programaci\u00f3n, Programaci\u00f3n web, Bases de datos, Desarrollo m\u00f3vil, Ingenier\u00eda de software, Desarrollo de videojuegos, Programaci\u00f3n orientada a objetos, Ciberseguridad, Aplicaciones m\u00f3viles, Innovaci\u00f3n en software, Programaci\u00f3n avanzada, Testing de software, Dise\u00f1o de interfaces, Programaci\u00f3n de sistemas, An\u00e1lisis de requerimientos, Industria azucarera, Tecnolog\u00eda de la ca\u00f1a de az\u00facar, Producci\u00f3n de az\u00facar, Procesos industriales, Producci\u00f3n de bioetanol, Optimizaci\u00f3n de procesos, Gesti\u00f3n de residuos, Innovaci\u00f3n industrial, Derivados del az\u00facar, Producci\u00f3n sostenible, Bioenerg\u00eda, Molienda, Refinaci\u00f3n de az\u00facar, An\u00e1lisis de calidad, Econom\u00eda agr\u00edcola, Procesos qu\u00edmicos, Desarrollo de productos, Fermentaci\u00f3n, F\u00edsica aplicada, An\u00e1lisis f\u00edsico, Instrumentaci\u00f3n, F\u00edsica ambiental, Termodin\u00e1mica, Electromagnetismo, F\u00edsica experimental, An\u00e1lisis de fen\u00f3menos, F\u00edsica de materiales, Clima y ambiente, Sistemas f\u00edsicos, Innovaci\u00f3n tecnol\u00f3gica, Estudios atmosf\u00e9ricos, Control ambiental, An\u00e1lisis de emisiones, Energ\u00eda y sostenibilidad, Fen\u00f3menos ambientales, Modelos f\u00edsicos<\/span>[\/vc_column_text][\/vc_column][\/vc_row]<\/p>\n<\/div>","protected":false},"excerpt":{"rendered":"<p>[vc_row wrap_container=&#8221;yes&#8221; conditional_render=&#8221;%5B%7B%22value_role%22%3A%22administrator%22%7D%5D&#8221;][vc_column width=&#8221;2\/3&#8243;][vc_video link=&#8221;https:\/\/www.youtube.com\/watch?v=B8bV0-SaVfo&#8221;][\/vc_column][vc_column width=&#8221;1\/3&#8243;][vc_custom_heading text=&#8221;La Facultad de Ciencias Exactas y Tecnolog\u00eda (FACET), fundada el 25 de mayo de 1914, es el centro educativo de ingenier\u00edas y ciencias exactas m\u00e1s importante del norte, y contribuye al desarrollo cultural, social y econ\u00f3mico del pa\u00eds y la regi\u00f3n, mediante el aporte cient\u00edfico-tecnol\u00f3gico.&#8221; font_container=&#8221;tag:p|font_size:16|text_align:left&#8221; use_theme_fonts=&#8221;yes&#8221; letter_spacing=&#8221;0&#8243; animation_delay=&#8221;1000&#8243; [&hellip;]<\/p>\n","protected":false},"author":1,"featured_media":0,"parent":10,"menu_order":0,"comment_status":"closed","ping_status":"closed","template":"","meta":{"footnotes":""},"class_list":["post-643","page","type-page","status-publish","hentry"],"_links":{"self":[{"href":"https:\/\/www.unt.edu.ar\/expount\/wp-json\/wp\/v2\/pages\/643","targetHints":{"allow":["GET"]}}],"collection":[{"href":"https:\/\/www.unt.edu.ar\/expount\/wp-json\/wp\/v2\/pages"}],"about":[{"href":"https:\/\/www.unt.edu.ar\/expount\/wp-json\/wp\/v2\/types\/page"}],"author":[{"embeddable":true,"href":"https:\/\/www.unt.edu.ar\/expount\/wp-json\/wp\/v2\/users\/1"}],"replies":[{"embeddable":true,"href":"https:\/\/www.unt.edu.ar\/expount\/wp-json\/wp\/v2\/comments?post=643"}],"version-history":[{"count":20,"href":"https:\/\/www.unt.edu.ar\/expount\/wp-json\/wp\/v2\/pages\/643\/revisions"}],"predecessor-version":[{"id":1518,"href":"https:\/\/www.unt.edu.ar\/expount\/wp-json\/wp\/v2\/pages\/643\/revisions\/1518"}],"up":[{"embeddable":true,"href":"https:\/\/www.unt.edu.ar\/expount\/wp-json\/wp\/v2\/pages\/10"}],"wp:attachment":[{"href":"https:\/\/www.unt.edu.ar\/expount\/wp-json\/wp\/v2\/media?parent=643"}],"curies":[{"name":"wp","href":"https:\/\/api.w.org\/{rel}","templated":true}]}}