{"id":637,"date":"2022-09-22T15:44:03","date_gmt":"2022-09-22T18:44:03","guid":{"rendered":"http:\/\/www.unt.edu.ar\/expount\/?page_id=637"},"modified":"2025-12-04T11:10:51","modified_gmt":"2025-12-04T14:10:51","slug":"facultad-de-artes","status":"publish","type":"page","link":"https:\/\/www.unt.edu.ar\/expount\/facultades-y-escuelas\/facultad-de-artes\/","title":{"rendered":"Facultad de Artes"},"content":{"rendered":"<div class=\"wpb-content-wrapper\"><p>[vc_row wrap_container=&#8221;yes&#8221; conditional_render=&#8221;%5B%7B%22value_role%22%3A%22administrator%22%7D%5D&#8221;][vc_column width=&#8221;2\/3&#8243;][vc_video link=&#8221;https:\/\/www.youtube.com\/watch?v=6D0mS67Okgo&#8221;][\/vc_column][vc_column width=&#8221;1\/3&#8243;][vc_custom_heading text=&#8221;Durante la gesti\u00f3n como interventor de la Universidad Nacional de Tucum\u00e1n del Dr. Horacio Ra\u00fal Descole se crea la Facultad de Artes, el 9 de septiembre de 1946.<br \/>\nSin embargo, luego se dispuso el cambio de denominaci\u00f3n de Facultad de Artes por Instituto de Artes, incorporando una organizaci\u00f3n Departamental por Institutos.&#8221; font_container=&#8221;tag:p|font_size:16|text_align:left&#8221; use_theme_fonts=&#8221;yes&#8221; letter_spacing=&#8221;0&#8243; animation_delay=&#8221;1000&#8243; el_class=&#8221;mb-4&#8243; animation_type=&#8221;fadeIn&#8221;][vc_custom_heading text=&#8221;Finalmente, por Resoluci\u00f3n 1175-985 del 1 de julio de 1985, durante la gesti\u00f3n del Rector Normalizador Ing. Eugenio F. Virla, solicita al Ministerio de Educaci\u00f3n y Justicia de la Naci\u00f3n la creaci\u00f3n de la Facultad de Artes, de acuerdo a la ley N\u00ba 23.068.&#8221; font_container=&#8221;tag:p|font_size:16|text_align:left&#8221; use_theme_fonts=&#8221;yes&#8221; letter_spacing=&#8221;0&#8243; animation_delay=&#8221;1000&#8243; el_class=&#8221;mb-4&#8243; animation_type=&#8221;fadeIn&#8221;][\/vc_column][\/vc_row][vc_row wrap_container=&#8221;yes&#8221; conditional_render=&#8221;%5B%7B%22value_role%22%3A%22administrator%22%7D%5D&#8221;][vc_column width=&#8221;1\/3&#8243;][vc_custom_heading text=&#8221;Carreras&#8221; font_container=&#8221;tag:h3|font_size:26|text_align:left|line_height:1&#8243; use_theme_fonts=&#8221;yes&#8221; font_weight=&#8221;700&#8243; letter_spacing=&#8221;-0.05&#8243; el_class=&#8221;zigzag pb-3 mb-4&#8243;][vc_custom_heading text=&#8221;Licenciatura en Artes Visuales &#8211; 5 A\u00f1os&#8221; font_container=&#8221;tag:p|font_size:16|text_align:left|line_height:1.5&#8243; use_theme_fonts=&#8221;yes&#8221; font_weight=&#8221;500&#8243; animation_delay=&#8221;200&#8243; animation_type=&#8221;fadeIn&#8221; el_class=&#8221;mb-4 list-unstyled&#8221; link=&#8221;url:https%3A%2F%2Fwww.artes.unt.edu.ar%2Fcarreras%2Flicenciatura-en-artes-visuales%2F|target:_blank&#8221;][vc_custom_heading text=&#8221;Dise\u00f1o de Interiores y Equipamiento &#8211; 4 A\u00f1os&#8221; font_container=&#8221;tag:p|font_size:16|text_align:left|line_height:1.5&#8243; use_theme_fonts=&#8221;yes&#8221; font_weight=&#8221;500&#8243; animation_delay=&#8221;200&#8243; animation_type=&#8221;fadeIn&#8221; el_class=&#8221;mb-4 list-unstyled&#8221; link=&#8221;url:https%3A%2F%2Fwww.artes.unt.edu.ar%2Fcarreras%2Fdiseno-de-interiores-y-equipamiento-2%2F|target:_blank&#8221;][vc_custom_heading text=&#8221;Licenciatura en Teatro &#8211; 5 A\u00f1os&#8221; font_container=&#8221;tag:p|font_size:16|text_align:left|line_height:1.5&#8243; use_theme_fonts=&#8221;yes&#8221; font_weight=&#8221;500&#8243; animation_delay=&#8221;200&#8243; animation_type=&#8221;fadeIn&#8221; el_class=&#8221;mb-4 list-unstyled&#8221; link=&#8221;url:https%3A%2F%2Fwww.artes.unt.edu.ar%2Fcarreras%2Flicenciatura-en-teatro-2%2F|target:_blank&#8221;][vc_custom_heading text=&#8221;Int\u00e9rprete Dram\u00e1tico &#8211; 3 A\u00f1os&#8221; font_container=&#8221;tag:p|font_size:16|text_align:left|line_height:1.5&#8243; use_theme_fonts=&#8221;yes&#8221; css=&#8221;&#8221; font_weight=&#8221;500&#8243; animation_delay=&#8221;200&#8243; animation_type=&#8221;fadeIn&#8221; el_class=&#8221;mb-4 list-unstyled&#8221; link=&#8221;url:https%3A%2F%2Fwww.artes.unt.edu.ar%2Fcarreras%2Flicenciatura-en-teatro-2%2F|target:_blank&#8221;][vc_custom_heading text=&#8221;Profesorado Universitario en Teatro &#8211; 4 A\u00f1os&#8221; font_container=&#8221;tag:p|font_size:16|text_align:left|line_height:1.5&#8243; use_theme_fonts=&#8221;yes&#8221; font_weight=&#8221;500&#8243; animation_delay=&#8221;200&#8243; animation_type=&#8221;fadeIn&#8221; el_class=&#8221;mb-4 list-unstyled&#8221; link=&#8221;url:https%3A%2F%2Fwww.artes.unt.edu.ar%2Fcarreras%2Fprofesorado-universitario-en-teatro%2F|target:_blank&#8221;][vc_custom_heading text=&#8221;Licenciatura en M\u00fasica &#8211; 2 A\u00f1os&#8221; font_container=&#8221;tag:p|font_size:16|text_align:left|line_height:1.5&#8243; use_theme_fonts=&#8221;yes&#8221; font_weight=&#8221;500&#8243; animation_delay=&#8221;200&#8243; animation_type=&#8221;fadeIn&#8221; el_class=&#8221;mb-4 list-unstyled&#8221; link=&#8221;url:https%3A%2F%2Fwww.artes.unt.edu.ar%2Fcarreras%2Flicenciatura-en-musica-2%2F|target:_blank&#8221;][vc_custom_heading text=&#8221;Tecnicatura Universitaria en Fotograf\u00eda &#8211; 3 A\u00f1os&#8221; font_container=&#8221;tag:p|font_size:16|text_align:left|line_height:1.5&#8243; use_theme_fonts=&#8221;yes&#8221; font_weight=&#8221;500&#8243; animation_delay=&#8221;200&#8243; animation_type=&#8221;fadeIn&#8221; el_class=&#8221;mb-4 list-unstyled&#8221; link=&#8221;url:https%3A%2F%2Fwww.artes.unt.edu.ar%2Fcarreras%2Ftecnicatura-universitaria-en-fotografia-2%2F|target:_blank&#8221;][vc_custom_heading text=&#8221;Tecnicatura Universitaria en Actuaci\u00f3n Teatral &#8211; 3 A\u00f1os&#8221; font_container=&#8221;tag:p|font_size:16|text_align:left|line_height:1.5&#8243; use_theme_fonts=&#8221;yes&#8221; css=&#8221;&#8221; font_weight=&#8221;500&#8243; animation_delay=&#8221;200&#8243; animation_type=&#8221;fadeIn&#8221; el_class=&#8221;mb-4 list-unstyled&#8221; link=&#8221;url:https%3A%2F%2Fwww.artes.unt.edu.ar%2Fcarreras%2Ftecnicatura-universitaria-en-actuacion-teatral%2F|target:_blank&#8221;][\/vc_column][vc_column width=&#8221;1\/3&#8243;][vc_custom_heading text=&#8221;Carreras&#8221; font_container=&#8221;tag:h3|font_size:26|text_align:left|line_height:1&#8243; use_theme_fonts=&#8221;yes&#8221; font_weight=&#8221;700&#8243; letter_spacing=&#8221;-0.05&#8243; el_class=&#8221;zigzag pb-3 mb-4&#8243;][vc_custom_heading text=&#8221;Profesorado en Danza Contempor\u00e1nea &#8211; 5 A\u00f1os&#8221; font_container=&#8221;tag:p|font_size:16|text_align:left|line_height:1.5&#8243; use_theme_fonts=&#8221;yes&#8221; font_weight=&#8221;500&#8243; animation_delay=&#8221;200&#8243; animation_type=&#8221;fadeIn&#8221; el_class=&#8221;mb-4 list-unstyled&#8221; link=&#8221;url:https%3A%2F%2Fwww.artes.unt.edu.ar%2Fcarreras%2Fdanza-contemporanea%2F|target:_blank&#8221;][vc_custom_heading text=&#8221;Bailar\u00edn\/a en Danza Contempor\u00e1nea &#8211; 4 A\u00f1os&#8221; font_container=&#8221;tag:p|font_size:16|text_align:left|line_height:1.5&#8243; use_theme_fonts=&#8221;yes&#8221; font_weight=&#8221;500&#8243; animation_delay=&#8221;200&#8243; animation_type=&#8221;fadeIn&#8221; el_class=&#8221;mb-4 list-unstyled&#8221; link=&#8221;url:https%3A%2F%2Fwww.artes.unt.edu.ar%2Fprofesorado-en-danzas-contemporanea%2F|target:_blank&#8221;][vc_custom_heading text=&#8221;Licenciatura en Danza Cl\u00e1sica &#8211; 5 A\u00f1os&#8221; font_container=&#8221;tag:p|font_size:16|text_align:left|line_height:1.5&#8243; use_theme_fonts=&#8221;yes&#8221; font_weight=&#8221;500&#8243; animation_delay=&#8221;200&#8243; animation_type=&#8221;fadeIn&#8221; el_class=&#8221;mb-4 list-unstyled&#8221; link=&#8221;url:https%3A%2F%2Fwww.artes.unt.edu.ar%2Fcarreras%2Flicenciatura-en-danza-clasica%2F|target:_blank&#8221;][vc_custom_heading text=&#8221;Licenciatura en Dise\u00f1o de Sonido &#8211; 4 A\u00f1os&#8221; font_container=&#8221;tag:p|font_size:16|text_align:left|line_height:1.5&#8243; use_theme_fonts=&#8221;yes&#8221; font_weight=&#8221;500&#8243; animation_delay=&#8221;200&#8243; animation_type=&#8221;fadeIn&#8221; el_class=&#8221;mb-4 list-unstyled&#8221; link=&#8221;url:https%3A%2F%2Fwww.artes.unt.edu.ar%2Fcarreras%2Ftecnicatura-universitaria-en-sonorizacion-2%2F|target:_blank&#8221;][vc_custom_heading text=&#8221;Licenciatura en Luther\u00eda &#8211; 5 A\u00f1os&#8221; font_container=&#8221;tag:p|font_size:16|text_align:left|line_height:1.5&#8243; use_theme_fonts=&#8221;yes&#8221; font_weight=&#8221;500&#8243; animation_delay=&#8221;200&#8243; animation_type=&#8221;fadeIn&#8221; el_class=&#8221;mb-4 list-unstyled&#8221; link=&#8221;url:https%3A%2F%2Fwww.artes.unt.edu.ar%2Fcarreras%2Fmaestro-tecnico-profesional-de-lutheria%2F|target:_blank&#8221;][vc_custom_heading text=&#8221;Tecnicatura Universitaria en Sonorizaci\u00f3n &#8211; 3 A\u00f1os&#8221; font_container=&#8221;tag:p|font_size:16|text_align:left|line_height:1.5&#8243; use_theme_fonts=&#8221;yes&#8221; font_weight=&#8221;500&#8243; animation_delay=&#8221;200&#8243; animation_type=&#8221;fadeIn&#8221; el_class=&#8221;mb-4 list-unstyled&#8221; link=&#8221;url:https%3A%2F%2Fwww.artes.unt.edu.ar%2Ftecnicatura-universitaria-en-sonorizacion%2F|target:_blank&#8221;][vc_custom_heading text=&#8221;Tecnicatura Univ. en Instrumentos de Cuerdas Pulsadas &#8211; 2 A\u00f1os&#8221; font_container=&#8221;tag:p|font_size:16|text_align:left|line_height:1.5&#8243; use_theme_fonts=&#8221;yes&#8221; font_weight=&#8221;500&#8243; animation_delay=&#8221;200&#8243; animation_type=&#8221;fadeIn&#8221; el_class=&#8221;mb-4 list-unstyled&#8221; link=&#8221;url:https%3A%2F%2Fwww.artes.unt.edu.ar%2Fcarreras%2Ftecnicatura-universitaria-en-instrumentos-de-cuerdas-pulsadas-2%2F|target:_blank&#8221;][\/vc_column][vc_column width=&#8221;1\/3&#8243;][vc_custom_heading text=&#8221;Contacto&#8221; font_container=&#8221;tag:h3|font_size:26|text_align:left|line_height:1&#8243; use_theme_fonts=&#8221;yes&#8221; font_weight=&#8221;700&#8243; letter_spacing=&#8221;-0.05&#8243; el_class=&#8221;zigzag pb-3 mb-4&#8243;][vc_column_text css=&#8221;&#8221;]<strong>Direcci\u00f3n:<\/strong> Bolivar 700 &#8211; San Miguel de Tucum\u00e1n<br \/>\nTucum\u00e1n &#8211; Argentina<\/p>\n<p><strong>Tels<\/strong>: 0381 4525050 \/ 4244394<\/p>\n<p><strong>Mail:<\/strong> artes.institucional@webmail.unt.edu.ar<\/p>\n<p><strong>Web:\u00a0<\/strong> <a href=\"http:\/\/www.artes.unt.edu.ar\" target=\"_blank\" rel=\"noopener\">www.artes.unt.edu.ar<\/a>[\/vc_column_text]<div class=\"porto-u-icons\"><a class=\"porto-icon fab fa-facebook \"  style=\"color:#1e73be;font-size:32px;margin-right:5px;\" href=\"https:\/\/www.facebook.com\/facultaddeartesunt\" target='_blank'><\/a><a class=\"porto-icon fab fa-youtube \"  style=\"color:#ff0000;font-size:32px;margin-right:5px;\" href=\"https:\/\/www.youtube.com\/user\/PrensaDifusionArtes\" target='_blank'><\/a><a class=\"porto-icon fab fa-instagram \"  style=\"color:#dd3333;font-size:32px;margin-right:5px;\" href=\"https:\/\/www.instagram.com\/facultad_artes_unt\/\" target='_blank'><\/a><\/div>[\/vc_column][\/vc_row][vc_row][vc_column][vc_column_text]Artes visuales, Dibujo, Pintura, Escultura, Arte contempor\u00e1neo, Instalaciones art\u00edsticas, Arte digital, Grabado, Arte conceptual, Historia del arte, Creaci\u00f3n art\u00edstica, Dise\u00f1o gr\u00e1fico, Exposiciones, Museograf\u00eda, T\u00e9cnicas de expresi\u00f3n visual, An\u00e1lisis art\u00edstico, Proyectos art\u00edsticos, Cr\u00edtica de arte, T\u00e9cnicas mixtas, Composici\u00f3n visual, Taller de arte, Innovaci\u00f3n art\u00edstica, Medios art\u00edsticos, Performance, Dise\u00f1o de interiores, Espacios habitables, Decoraci\u00f3n, Ergonom\u00eda, Dise\u00f1o de mobiliario, Iluminaci\u00f3n interior, Distribuci\u00f3n de espacios, Materiales de dise\u00f1o, Estilismo, Proyectos de dise\u00f1o, Planificaci\u00f3n de ambientes, Textiles decorativos, Est\u00e9tica del espacio, Decoraci\u00f3n funcional, Dise\u00f1o de espacios comerciales, Dise\u00f1o de ambientes residenciales, Innovaci\u00f3n en interiores, Equipamiento de locales, Proyecto de interiores, Estilo y decoraci\u00f3n, Teatro, Actuaci\u00f3n, Direcci\u00f3n teatral, Producci\u00f3n esc\u00e9nica, Escenograf\u00eda, Dramaturgia, Teatro contempor\u00e1neo, Historia del teatro, T\u00e9cnicas actorales, Improvisaci\u00f3n, Teatro cl\u00e1sico, Gesti\u00f3n cultural, Pedagog\u00eda teatral, Pr\u00e1ctica esc\u00e9nica, Expresi\u00f3n corporal, Montaje de obras, Escuelas de teatro, Creaci\u00f3n de personajes, Teatro comunitario, Direcci\u00f3n de escena, Ense\u00f1anza de teatro, Teatro f\u00edsico, M\u00fasica, Educaci\u00f3n musical, Composici\u00f3n, Direcci\u00f3n coral, Instrumentos musicales, Interpretaci\u00f3n, Solfeo, Armon\u00eda, Pr\u00e1ctica instrumental, Ensambles, Historia de la m\u00fasica, Docencia musical, M\u00fasica cl\u00e1sica, M\u00fasica popular, T\u00e9cnicas de direcci\u00f3n, Arreglos musicales, Producci\u00f3n de conciertos, Direcci\u00f3n de orquestas, Pedagog\u00eda musical, Teor\u00eda musical, Grabaci\u00f3n y sonido, Estudios de m\u00fasica, M\u00fasica coral, Fotograf\u00eda, C\u00e1mara fotogr\u00e1fica, Composici\u00f3n fotogr\u00e1fica, Edici\u00f3n de im\u00e1genes, Iluminaci\u00f3n, Fotograf\u00eda digital, Retratos, Fotograf\u00eda art\u00edstica, Fotoperiodismo, Producci\u00f3n de im\u00e1genes, Fotograf\u00eda de moda, Edici\u00f3n digital, T\u00e9cnicas de revelado, Fotograf\u00eda documental, Fotograf\u00eda de producto, Fotograf\u00eda de eventos, Fotograf\u00eda social, Innovaci\u00f3n visual, Proyectos fotogr\u00e1ficos, Creatividad en la fotograf\u00eda, Fotograf\u00eda anal\u00f3gica[\/vc_column_text][\/vc_column][\/vc_row]<\/p>\n<\/div>","protected":false},"excerpt":{"rendered":"<p>[vc_row wrap_container=&#8221;yes&#8221; conditional_render=&#8221;%5B%7B%22value_role%22%3A%22administrator%22%7D%5D&#8221;][vc_column width=&#8221;2\/3&#8243;][vc_video link=&#8221;https:\/\/www.youtube.com\/watch?v=6D0mS67Okgo&#8221;][\/vc_column][vc_column width=&#8221;1\/3&#8243;][vc_custom_heading text=&#8221;Durante la gesti\u00f3n como interventor de la Universidad Nacional de Tucum\u00e1n del Dr. Horacio Ra\u00fal Descole se crea la Facultad de Artes, el 9 de septiembre de 1946. Sin embargo, luego se dispuso el cambio de denominaci\u00f3n de Facultad de Artes por Instituto de Artes, incorporando una organizaci\u00f3n Departamental [&hellip;]<\/p>\n","protected":false},"author":1,"featured_media":0,"parent":10,"menu_order":0,"comment_status":"closed","ping_status":"closed","template":"","meta":{"footnotes":""},"class_list":["post-637","page","type-page","status-publish","hentry"],"_links":{"self":[{"href":"https:\/\/www.unt.edu.ar\/expount\/wp-json\/wp\/v2\/pages\/637","targetHints":{"allow":["GET"]}}],"collection":[{"href":"https:\/\/www.unt.edu.ar\/expount\/wp-json\/wp\/v2\/pages"}],"about":[{"href":"https:\/\/www.unt.edu.ar\/expount\/wp-json\/wp\/v2\/types\/page"}],"author":[{"embeddable":true,"href":"https:\/\/www.unt.edu.ar\/expount\/wp-json\/wp\/v2\/users\/1"}],"replies":[{"embeddable":true,"href":"https:\/\/www.unt.edu.ar\/expount\/wp-json\/wp\/v2\/comments?post=637"}],"version-history":[{"count":20,"href":"https:\/\/www.unt.edu.ar\/expount\/wp-json\/wp\/v2\/pages\/637\/revisions"}],"predecessor-version":[{"id":1519,"href":"https:\/\/www.unt.edu.ar\/expount\/wp-json\/wp\/v2\/pages\/637\/revisions\/1519"}],"up":[{"embeddable":true,"href":"https:\/\/www.unt.edu.ar\/expount\/wp-json\/wp\/v2\/pages\/10"}],"wp:attachment":[{"href":"https:\/\/www.unt.edu.ar\/expount\/wp-json\/wp\/v2\/media?parent=637"}],"curies":[{"name":"wp","href":"https:\/\/api.w.org\/{rel}","templated":true}]}}