{"id":473,"date":"2020-07-03T03:30:22","date_gmt":"2020-07-03T03:30:22","guid":{"rendered":"http:\/\/sw-themes.com\/porto_dummy\/digital-agency2\/?page_id=473"},"modified":"2024-11-08T13:17:10","modified_gmt":"2024-11-08T16:17:10","slug":"facultad-de-agronomia-zootecnia-y-veterinaria","status":"publish","type":"page","link":"https:\/\/www.unt.edu.ar\/expount\/facultades-y-escuelas\/facultad-de-agronomia-zootecnia-y-veterinaria\/","title":{"rendered":"Facultad de Agronom\u00eda, Zootecnia y Veterinaria"},"content":{"rendered":"<div class=\"wpb-content-wrapper\"><p>[vc_row wrap_container=&#8221;yes&#8221; conditional_render=&#8221;%5B%7B%22value_role%22%3A%22administrator%22%7D%5D&#8221;][vc_column width=&#8221;2\/3&#8243;][vc_video link=&#8221;https:\/\/www.youtube.com\/watch?v=K1XtvSqkfGs&#8221;][\/vc_column][vc_column width=&#8221;1\/3&#8243;][vc_custom_heading text=&#8221;La Facultad de Agronom\u00eda nace en diciembre de 1947 como una Instituci\u00f3n dedicada al estudio de las Ciencias Agr\u00edcolas.<br \/>\nEn diciembre de 1961, al aprobarse la Carrera de Ingeniero Zootecnista, se transforma en Facultad de Agronom\u00eda y Zootecnia (FAZ).&#8221; font_container=&#8221;tag:p|font_size:16|text_align:left&#8221; use_theme_fonts=&#8221;yes&#8221; letter_spacing=&#8221;0&#8243; animation_delay=&#8221;1000&#8243; el_class=&#8221;mb-4&#8243; animation_type=&#8221;fadeIn&#8221;][vc_custom_heading text=&#8221;A partir de 2002, atenta a una necesidad provincial y regional, la FAZ implement\u00f3 la carrera de Medicina Veterinaria a trav\u00e9s de un convenio con la Universidad Nacional de R\u00edo Cuarto, C\u00f3rdoba.<br \/>\nPosteriormente y en la actualidad la carrera se dicta en su totalidad en la FAZ-Tucum\u00e1n.&#8221; font_container=&#8221;tag:p|font_size:16|text_align:left&#8221; use_theme_fonts=&#8221;yes&#8221; letter_spacing=&#8221;0&#8243; animation_delay=&#8221;1000&#8243; el_class=&#8221;mb-4&#8243; animation_type=&#8221;fadeIn&#8221;][\/vc_column][\/vc_row][vc_row wrap_container=&#8221;yes&#8221; conditional_render=&#8221;%5B%7B%22value_role%22%3A%22administrator%22%7D%5D&#8221;][vc_column width=&#8221;1\/3&#8243;][vc_custom_heading text=&#8221;Carreras&#8221; font_container=&#8221;tag:h3|font_size:26|text_align:left|line_height:1&#8243; use_theme_fonts=&#8221;yes&#8221; font_weight=&#8221;700&#8243; letter_spacing=&#8221;-0.05&#8243; el_class=&#8221;zigzag pb-3 mb-4&#8243;][vc_custom_heading text=&#8221;Ingenier\u00eda Agron\u00f3mica &#8211; 5 A\u00f1os&#8221; font_container=&#8221;tag:p|font_size:16|text_align:left|line_height:1.5&#8243; use_theme_fonts=&#8221;yes&#8221; font_weight=&#8221;500&#8243; animation_delay=&#8221;200&#8243; animation_type=&#8221;fadeIn&#8221; el_class=&#8221;mb-4 list-unstyled&#8221; link=&#8221;url:https%3A%2F%2Fwww.faz.unt.edu.ar%2F_carrera%2Fingenieria-agronomica%23section-0|target:_blank&#8221;][vc_custom_heading text=&#8221;Ingenier\u00eda Zootecnista &#8211; 5 A\u00f1os&#8221; font_container=&#8221;tag:p|font_size:16|text_align:left|line_height:1.5&#8243; use_theme_fonts=&#8221;yes&#8221; font_weight=&#8221;500&#8243; animation_delay=&#8221;200&#8243; animation_type=&#8221;fadeIn&#8221; el_class=&#8221;mb-4 list-unstyled&#8221; link=&#8221;url:https%3A%2F%2Fwww.faz.unt.edu.ar%2F_carrera%2Fingenieria-zootecnista|target:_blank&#8221;][vc_custom_heading text=&#8221;Medicina Veterinaria &#8211; 5 A\u00f1os y 1\/2&#8243; font_container=&#8221;tag:p|font_size:16|text_align:left|line_height:1.5&#8243; use_theme_fonts=&#8221;yes&#8221; font_weight=&#8221;500&#8243; animation_delay=&#8221;200&#8243; animation_type=&#8221;fadeIn&#8221; el_class=&#8221;mb-4 list-unstyled&#8221; link=&#8221;url:https%3A%2F%2Fwww.faz.unt.edu.ar%2F_carrera%2Fmedicina-veterinaria|target:_blank&#8221;][\/vc_column][vc_column width=&#8221;1\/3&#8243;][vc_custom_heading text=&#8221;Contacto&#8221; font_container=&#8221;tag:h3|font_size:26|text_align:left|line_height:1&#8243; use_theme_fonts=&#8221;yes&#8221; font_weight=&#8221;700&#8243; letter_spacing=&#8221;-0.05&#8243; el_class=&#8221;zigzag pb-3 mb-4&#8243;][vc_column_text]<strong>Direcci\u00f3n:<\/strong> Centro Universitario Ing. R. Herrera, Avda. Pte. N. Kirchner 1900 &#8211; San Miguel de Tucum\u00e1n &#8211; Tucum\u00e1n &#8211; Argentina<\/p>\n<p><strong>Tel:<\/strong> 3814364147<\/p>\n<p><strong>Mail:<\/strong> <a href=\"mailto:decanato@faz.unt.edu.ar\">decanato@faz.unt.edu.ar<\/a><\/p>\n<p><strong>Web:<\/strong> <a href=\"https:\/\/faz.unt.edu.ar\/\" target=\"_blank\" rel=\"noopener\">www.faz.unt.edu.ar<\/a>[\/vc_column_text]<div class=\"porto-u-icons\"><a class=\"porto-icon fab fa-facebook-square \"  style=\"color:#1e73be;font-size:32px;margin-right:5px;\" href=\"https:\/\/www.facebook.com\/profile.php?id=100008468340223\" target='_blank'><\/a><a class=\"porto-icon fab fa-instagram \"  style=\"color:#dd3333;font-size:32px;margin-right:5px;\" href=\"https:\/\/www.instagram.com\/secretaria_de_extension_faz\/\" target='_blank'><\/a><\/div>[\/vc_column][vc_column width=&#8221;1\/3&#8243;][\/vc_column][\/vc_row][vc_row][vc_column][vc_column_text]<span style=\"display: none; visibility: hidden;\">Agronom\u00eda, Cultivos sustentables, Manejo de suelos, Producci\u00f3n agr\u00edcola, Agroindustria, Agricultura de precisi\u00f3n, Fisiolog\u00eda vegetal, Biotecnolog\u00eda agron\u00f3mica, Manejo de plagas, Nutrici\u00f3n de cultivos, Medio ambiente y agricultura, Econom\u00eda agr\u00edcola, Ingenier\u00eda de riego, Fertilizaci\u00f3n, Desarrollo rural, Cultivos, Soja, Ma\u00edz, Trigo, Agricultura ecol\u00f3gica, Agroecolog\u00eda, Sistemas de riego, Tierra, Suelo f\u00e9rtil, Producci\u00f3n de alimentos, Campo, Semillas, Agricultura org\u00e1nica, Control de malezas, Producci\u00f3n de hortalizas, Invernaderos, Maquinaria agr\u00edcola, Exportaci\u00f3n de granos, T\u00e9cnicas de cultivo, Producci\u00f3n sustentable, Consultor\u00eda agr\u00edcola, Asesoramiento agron\u00f3mico, Innovaci\u00f3n agropecuaria, Proyecto agr\u00edcola, Experimentos en cultivos, Sostenibilidad agr\u00edcola, Emprendimiento rural, Producci\u00f3n animal, Zootecnia, Nutrici\u00f3n animal, Gen\u00e9tica animal, Gesti\u00f3n de granjas, Bienestar animal, Ganader\u00eda sostenible, Producci\u00f3n de leche, Producci\u00f3n de carne, Mejoramiento gen\u00e9tico, Alimentos balanceados, Reproducci\u00f3n animal, Pastoreo y forraje, Sistemas de producci\u00f3n animal, Bioseguridad en animales, Animales, Ganado, Cr\u00eda de animales, Bovinos, Porcinos, Caprinos, Ovejas, Forraje, Cuidado animal, Producci\u00f3n de huevos, Productos animales, Balanceados, Salud animal, Manejo de establos, Consultor\u00eda zoot\u00e9cnica, Innovaci\u00f3n en ganader\u00eda, Investigaci\u00f3n en gen\u00e9tica animal, Exportaci\u00f3n de productos animales, Alimentaci\u00f3n y nutrici\u00f3n, Producci\u00f3n ovina, Manejo de animales, Desarrollo de productos l\u00e1cteos, Mercados agropecuarios, Producci\u00f3n sostenible, Ganader\u00eda extensiva, Granja de producci\u00f3n, Alimentos para mascotas, Veterinaria, Salud animal, Cl\u00ednica veterinaria, Cirug\u00eda veterinaria, Diagn\u00f3stico veterinario, Medicina preventiva, Enfermedades zoon\u00f3ticas, Animales de compa\u00f1\u00eda, Animales ex\u00f3ticos, Fisiolog\u00eda animal, Farmacolog\u00eda veterinaria, Urgencias veterinarias, Parasitolog\u00eda animal, \u00c9tica veterinaria, Vacunaci\u00f3n animal, Veterinario, Mascotas, Perros, Gatos, Animales dom\u00e9sticos, Control de plagas, Medicina animal, Cuidado de mascotas, Cirug\u00eda de animales, Diagn\u00f3stico m\u00e9dico, Consulta veterinaria, Tratamiento animal, Bienestar animal, Urgencias de animales, Laboratorio veterinario, Veterinaria rural, Manejo de cl\u00ednicas, Consultor veterinario, Especializaci\u00f3n en cirug\u00eda animal, Nutrici\u00f3n de mascotas, Investigaci\u00f3n veterinaria, Prevenci\u00f3n de enfermedades en animales, Asistencia veterinaria, Rescate animal, Control de zoonosis, Voluntariado animal<\/span>[\/vc_column_text][\/vc_column][\/vc_row]<\/p>\n<\/div>","protected":false},"excerpt":{"rendered":"<p>[vc_row wrap_container=&#8221;yes&#8221; conditional_render=&#8221;%5B%7B%22value_role%22%3A%22administrator%22%7D%5D&#8221;][vc_column width=&#8221;2\/3&#8243;][vc_video link=&#8221;https:\/\/www.youtube.com\/watch?v=K1XtvSqkfGs&#8221;][\/vc_column][vc_column width=&#8221;1\/3&#8243;][vc_custom_heading text=&#8221;La Facultad de Agronom\u00eda nace en diciembre de 1947 como una Instituci\u00f3n dedicada al estudio de las Ciencias Agr\u00edcolas. En diciembre de 1961, al aprobarse la Carrera de Ingeniero Zootecnista, se transforma en Facultad de Agronom\u00eda y Zootecnia (FAZ).&#8221; font_container=&#8221;tag:p|font_size:16|text_align:left&#8221; use_theme_fonts=&#8221;yes&#8221; letter_spacing=&#8221;0&#8243; animation_delay=&#8221;1000&#8243; el_class=&#8221;mb-4&#8243; animation_type=&#8221;fadeIn&#8221;][vc_custom_heading text=&#8221;A partir de 2002, [&hellip;]<\/p>\n","protected":false},"author":1,"featured_media":0,"parent":10,"menu_order":0,"comment_status":"closed","ping_status":"closed","template":"","meta":{"footnotes":""},"class_list":["post-473","page","type-page","status-publish","hentry"],"_links":{"self":[{"href":"https:\/\/www.unt.edu.ar\/expount\/wp-json\/wp\/v2\/pages\/473","targetHints":{"allow":["GET"]}}],"collection":[{"href":"https:\/\/www.unt.edu.ar\/expount\/wp-json\/wp\/v2\/pages"}],"about":[{"href":"https:\/\/www.unt.edu.ar\/expount\/wp-json\/wp\/v2\/types\/page"}],"author":[{"embeddable":true,"href":"https:\/\/www.unt.edu.ar\/expount\/wp-json\/wp\/v2\/users\/1"}],"replies":[{"embeddable":true,"href":"https:\/\/www.unt.edu.ar\/expount\/wp-json\/wp\/v2\/comments?post=473"}],"version-history":[{"count":35,"href":"https:\/\/www.unt.edu.ar\/expount\/wp-json\/wp\/v2\/pages\/473\/revisions"}],"predecessor-version":[{"id":1458,"href":"https:\/\/www.unt.edu.ar\/expount\/wp-json\/wp\/v2\/pages\/473\/revisions\/1458"}],"up":[{"embeddable":true,"href":"https:\/\/www.unt.edu.ar\/expount\/wp-json\/wp\/v2\/pages\/10"}],"wp:attachment":[{"href":"https:\/\/www.unt.edu.ar\/expount\/wp-json\/wp\/v2\/media?parent=473"}],"curies":[{"name":"wp","href":"https:\/\/api.w.org\/{rel}","templated":true}]}}