{"id":1429,"date":"2024-08-07T13:32:26","date_gmt":"2024-08-07T16:32:26","guid":{"rendered":"https:\/\/www.unt.edu.ar\/expount\/servicios\/puna-copy\/"},"modified":"2024-08-09T11:31:46","modified_gmt":"2024-08-09T14:31:46","slug":"comedores-universitarios","status":"publish","type":"page","link":"https:\/\/www.unt.edu.ar\/expount\/servicios\/comedores-universitarios\/","title":{"rendered":"Comedores Universitarios"},"content":{"rendered":"<div class=\"wpb-content-wrapper\"><p>[vc_row wrap_container=&#8221;yes&#8221; conditional_render=&#8221;%5B%7B%22value_role%22%3A%22administrator%22%7D%5D&#8221;][vc_column width=&#8221;2\/3&#8243; conditional_render=&#8221;%5B%7B%22value_role%22%3A%22administrator%22%7D%5D&#8221;][vc_video link=&#8221;https:\/\/www.youtube.com\/watch?v=OXOH3W_qndo&#8221;][\/vc_column][vc_column width=&#8221;1\/3&#8243;][vc_custom_heading text=&#8221;Contacto&#8221; font_container=&#8221;tag:h3|font_size:26|text_align:left|line_height:1&#8243; use_theme_fonts=&#8221;yes&#8221; font_weight=&#8221;700&#8243; letter_spacing=&#8221;-0.05&#8243; el_class=&#8221;zigzag pb-3 mb-4&#8243;][vc_column_text]<strong>Direcci\u00f3n 1:<\/strong>Centro Julio Prebisch (Parque 9 de Julio) Av. Benjam\u00edn Ar\u00e1oz 800, <strong>de 7.30 a 18 hs.<\/strong><br \/>\nSan Miguel de Tucum\u00e1n &#8211; Tucum\u00e1n \u2013 Argentina<\/p>\n<p><strong>Direcci\u00f3n 2:<\/strong> Centro Herrera (ex Quinta Agron\u00f3mica) Av. N\u00e9stor Kirchner 1900, <strong>de 07.30 a 16 hs.<\/strong><br \/>\nSan Miguel de Tucum\u00e1n &#8211; Tucum\u00e1n \u2013 Argentina[\/vc_column_text]<div class=\"porto-u-icons\"><a class=\"porto-icon fab fa-instagram \"  style=\"color:#dd3333;font-size:32px;margin-right:5px;\" href=\"https:\/\/www.instagram.com\/comedor.universitario.unt\/\" target='_blank' title='Instagram'><\/a><\/div>[\/vc_column][\/vc_row][vc_row wrap_container=&#8221;yes&#8221; conditional_render=&#8221;%5B%7B%22value_role%22%3A%22administrator%22%7D%5D&#8221;][vc_column width=&#8221;2\/3&#8243; conditional_render=&#8221;%5B%7B%22value_role%22%3A%22administrator%22%7D%5D&#8221;][vc_column_text]La comunidad de la UNT cuenta con dos comedores universitarios, un espacio se encuentra ubicado en el Centro Julio Prebisch (Parque 9 de Julio) y el otro, en Centro Herrera (ex Quinta Agron\u00f3mica).<\/p>\n<p>Ambos comedores cuentan con opciones de men\u00fas en general y especiales, sin tacc, vegetarianos y veganos.<\/p>\n<p>No s\u00f3lo beneficia a estudiantes, sino que tambi\u00e9n se extiende a toda la comunidad universitaria con precios diferenciales.<\/p>\n<p>Desayuno y merienda: $600.- para estudiantes<\/p>\n<p>Almuerzo: $1000.- para estudiantes[\/vc_column_text][\/vc_column][vc_column width=&#8221;1\/3&#8243;][vc_column_text]<strong>Requisitos para acceder al beneficio<\/strong><\/p>\n<p>-Fotocopia del DNI, frente y dorso<\/p>\n<p>-Constancia de alumno regular del per\u00edodo lectivo vigente<\/p>\n<p>-Constancia de inscripci\u00f3n en el caso de ingresantes[\/vc_column_text][\/vc_column][\/vc_row]<\/p>\n<\/div>","protected":false},"excerpt":{"rendered":"<p>[vc_row wrap_container=&#8221;yes&#8221; conditional_render=&#8221;%5B%7B%22value_role%22%3A%22administrator%22%7D%5D&#8221;][vc_column width=&#8221;2\/3&#8243; conditional_render=&#8221;%5B%7B%22value_role%22%3A%22administrator%22%7D%5D&#8221;][vc_video link=&#8221;https:\/\/www.youtube.com\/watch?v=OXOH3W_qndo&#8221;][\/vc_column][vc_column width=&#8221;1\/3&#8243;][vc_custom_heading text=&#8221;Contacto&#8221; font_container=&#8221;tag:h3|font_size:26|text_align:left|line_height:1&#8243; use_theme_fonts=&#8221;yes&#8221; font_weight=&#8221;700&#8243; letter_spacing=&#8221;-0.05&#8243; el_class=&#8221;zigzag pb-3 mb-4&#8243;][vc_column_text]Direcci\u00f3n 1:Centro Julio Prebisch (Parque 9 de Julio) Av. Benjam\u00edn Ar\u00e1oz 800, de 7.30 a 18 hs. San Miguel de Tucum\u00e1n &#8211; Tucum\u00e1n \u2013 Argentina Direcci\u00f3n 2: Centro Herrera (ex Quinta Agron\u00f3mica) Av. N\u00e9stor Kirchner 1900, de 07.30 a 16 hs. [&hellip;]<\/p>\n","protected":false},"author":1,"featured_media":0,"parent":472,"menu_order":0,"comment_status":"closed","ping_status":"closed","template":"","meta":{"footnotes":""},"class_list":["post-1429","page","type-page","status-publish","hentry"],"_links":{"self":[{"href":"https:\/\/www.unt.edu.ar\/expount\/wp-json\/wp\/v2\/pages\/1429","targetHints":{"allow":["GET"]}}],"collection":[{"href":"https:\/\/www.unt.edu.ar\/expount\/wp-json\/wp\/v2\/pages"}],"about":[{"href":"https:\/\/www.unt.edu.ar\/expount\/wp-json\/wp\/v2\/types\/page"}],"author":[{"embeddable":true,"href":"https:\/\/www.unt.edu.ar\/expount\/wp-json\/wp\/v2\/users\/1"}],"replies":[{"embeddable":true,"href":"https:\/\/www.unt.edu.ar\/expount\/wp-json\/wp\/v2\/comments?post=1429"}],"version-history":[{"count":6,"href":"https:\/\/www.unt.edu.ar\/expount\/wp-json\/wp\/v2\/pages\/1429\/revisions"}],"predecessor-version":[{"id":1439,"href":"https:\/\/www.unt.edu.ar\/expount\/wp-json\/wp\/v2\/pages\/1429\/revisions\/1439"}],"up":[{"embeddable":true,"href":"https:\/\/www.unt.edu.ar\/expount\/wp-json\/wp\/v2\/pages\/472"}],"wp:attachment":[{"href":"https:\/\/www.unt.edu.ar\/expount\/wp-json\/wp\/v2\/media?parent=1429"}],"curies":[{"name":"wp","href":"https:\/\/api.w.org\/{rel}","templated":true}]}}