{"id":1081,"date":"2022-10-06T09:36:47","date_gmt":"2022-10-06T12:36:47","guid":{"rendered":"http:\/\/www.unt.edu.ar\/expount\/?page_id=1081"},"modified":"2022-10-06T10:11:54","modified_gmt":"2022-10-06T13:11:54","slug":"profesorado-en-musica-con-orientacion-en-instrumento","status":"publish","type":"page","link":"https:\/\/www.unt.edu.ar\/expount\/facultades-y-escuelas\/instituto-superior-de-musica\/profesorado-en-musica-con-orientacion-en-instrumento\/","title":{"rendered":"Profesorado en M\u00fasica con Orientaci\u00f3n en Instrumento"},"content":{"rendered":"<div class=\"wpb-content-wrapper\"><p>[vc_row wrap_container=&#8221;yes&#8221; conditional_render=&#8221;%5B%7B%22value_role%22%3A%22administrator%22%7D%5D&#8221;][vc_column width=&#8221;2\/3&#8243; conditional_render=&#8221;%5B%7B%22value_role%22%3A%22administrator%22%7D%5D&#8221;][vc_column_text]Profesorado en M\u00fasica con Orientaci\u00f3n en Instrumento, el cual permite desempe\u00f1arse como profesor de Instrumento elegido como orientaci\u00f3n y de otras asignaturas musicales en Instituciones Educativas y de Formaci\u00f3n Art\u00edstica y como Profesor de M\u00fasica en Instituciones de Educaci\u00f3n Primaria, Secundaria y Nivel Superior.<\/p>\n<p><strong>Duraci\u00f3n:<\/strong> 4 a\u00f1os<\/p>\n<p><strong>Incumbencias:<\/strong><\/p>\n<p>Conocer y ejecutar el repertorio musical de su especialidad instrumental.<\/p>\n<p>Desempe\u00f1arse como solista e integrar agrupaciones musicales de diferentes conformaciones.<\/p>\n<p>Transcribir, arreglar, y producir obras musicales.<\/p>\n<p>Componer obras did\u00e1cticas de f\u00e1cil interpretaci\u00f3n.<\/p>\n<p>Evaluar representaciones musicales con profesionalidad y esp\u00edritu constructivo.<\/p>\n<p>Participar en la gesti\u00f3n y producci\u00f3n de espect\u00e1culos musicales.<\/p>\n<p>Participar en investigaciones, elaborar planes y proyectos e integrar equipos interdisciplinarios que impliquen la generaci\u00f3n de nuevos conocimientos y la ampliaci\u00f3n y el desarrollo en el campo del conocimiento y la producci\u00f3n musical.<\/p>\n<p>Dictar cursos de capacitaci\u00f3n en \u00e1reas de su especialidad o formaci\u00f3n profesional, en instituciones oficiales, organizaciones no gubernamentales, fundaciones o empresas privadas de la cultura, arte, etc.<\/p>\n<p><strong>Materias<\/strong><\/p>\n<p><strong><em>Primer A\u00f1o:<br \/>\n<\/em><\/strong>Interpretaci\u00f3n Instrumental I<br \/>\nM\u00fasica de C\u00e1mara I<br \/>\nPr\u00e1ctica Instrumental I<br \/>\nContrapunto Modal<br \/>\nConciencia Corporal I<br \/>\nArmon\u00eda<br \/>\nPsicolog\u00eda del Ni\u00f1o<br \/>\nHistoria de la M\u00fasica I<br \/>\nPedagog\u00eda Musical<br \/>\nHistoria y Pol\u00edtica de la Educaci\u00f3n Argentina<br \/>\nDid\u00e1ctica General<br \/>\nTaller de Iniciaci\u00f3n a la Pr\u00e1ctica<br \/>\nOptativa I<em>\u00a0<\/em><\/p>\n<p><strong><em>Segundo A\u00f1o:<br \/>\n<\/em><\/strong>Interpretaci\u00f3n Instrumental II<br \/>\nM\u00fasica de C\u00e1mara II<br \/>\nPr\u00e1ctica Instrumental II<br \/>\nContrapunto Tonal<br \/>\nPsicolog\u00eda del Adolescente<br \/>\nDid\u00e1ctica de la M\u00fasica I<br \/>\nHistoria de la M\u00fasica II<br \/>\nObservaciones y Pr\u00e1cticas I<br \/>\nMetodolog\u00eda de la Investigaci\u00f3n Musical<br \/>\nConciencia Corporal II<br \/>\nT\u00e9cnicas Compositivas del Siglo XX<br \/>\nIniciaci\u00f3n a la Cr\u00edtica Musical<br \/>\nOptativa II<\/p>\n<p><strong><em>Tercer A\u00f1o:<br \/>\n<\/em><\/strong>Interpretaci\u00f3n Instrumental III<br \/>\nGesti\u00f3n de Espect\u00e1culos Musicales<br \/>\nM\u00fasica de C\u00e1mara III<br \/>\nTaller del Rol Docente<br \/>\nTranscripci\u00f3n y Arreglos Musicales<br \/>\nInform\u00e1tica de la M\u00fasica<br \/>\nHistoria de la M\u00fasica III<br \/>\nDid\u00e1ctica del Instrumento<br \/>\nMorfolog\u00eda Musical<br \/>\nOptativa III<br \/>\nObservaciones y Pr\u00e1cticas II<br \/>\nSociolog\u00eda de la M\u00fasica<br \/>\nPsicolog\u00eda de la M\u00fasica<\/p>\n<p><strong><em>Cuarto A\u00f1o:<br \/>\n<\/em><\/strong>Interpretaci\u00f3n Instrumental IV<br \/>\nM\u00fasica de C\u00e1mara IV<br \/>\nImprovisaci\u00f3n y Acompa\u00f1amiento<br \/>\nAc\u00fastica y Organolog\u00eda<br \/>\nLectura e Interpretaci\u00f3n de la M\u00fasica Contempor\u00e1nea<br \/>\nResidencia<br \/>\nHistoria de la M\u00fasica Argentina y Latinoamericana<br \/>\nIntegraci\u00f3n de los Lenguajes Art\u00edsticos<br \/>\nEst\u00e9tica de la M\u00fasica<br \/>\nResidencia<br \/>\nOptativa IV<br \/>\nProyecto de Graduaci\u00f3n[\/vc_column_text][\/vc_column][vc_column][\/vc_column][\/vc_row]<\/p>\n<\/div>","protected":false},"excerpt":{"rendered":"<p>[vc_row wrap_container=&#8221;yes&#8221; conditional_render=&#8221;%5B%7B%22value_role%22%3A%22administrator%22%7D%5D&#8221;][vc_column width=&#8221;2\/3&#8243; conditional_render=&#8221;%5B%7B%22value_role%22%3A%22administrator%22%7D%5D&#8221;][vc_column_text]Profesorado en M\u00fasica con Orientaci\u00f3n en Instrumento, el cual permite desempe\u00f1arse como profesor de Instrumento elegido como orientaci\u00f3n y de otras asignaturas musicales en Instituciones Educativas y de Formaci\u00f3n Art\u00edstica y como Profesor de M\u00fasica en Instituciones de Educaci\u00f3n Primaria, Secundaria y Nivel Superior. Duraci\u00f3n: 4 a\u00f1os Incumbencias: Conocer y ejecutar [&hellip;]<\/p>\n","protected":false},"author":1,"featured_media":0,"parent":665,"menu_order":0,"comment_status":"closed","ping_status":"closed","template":"","meta":{"footnotes":""},"class_list":["post-1081","page","type-page","status-publish","hentry"],"_links":{"self":[{"href":"https:\/\/www.unt.edu.ar\/expount\/wp-json\/wp\/v2\/pages\/1081","targetHints":{"allow":["GET"]}}],"collection":[{"href":"https:\/\/www.unt.edu.ar\/expount\/wp-json\/wp\/v2\/pages"}],"about":[{"href":"https:\/\/www.unt.edu.ar\/expount\/wp-json\/wp\/v2\/types\/page"}],"author":[{"embeddable":true,"href":"https:\/\/www.unt.edu.ar\/expount\/wp-json\/wp\/v2\/users\/1"}],"replies":[{"embeddable":true,"href":"https:\/\/www.unt.edu.ar\/expount\/wp-json\/wp\/v2\/comments?post=1081"}],"version-history":[{"count":3,"href":"https:\/\/www.unt.edu.ar\/expount\/wp-json\/wp\/v2\/pages\/1081\/revisions"}],"predecessor-version":[{"id":1090,"href":"https:\/\/www.unt.edu.ar\/expount\/wp-json\/wp\/v2\/pages\/1081\/revisions\/1090"}],"up":[{"embeddable":true,"href":"https:\/\/www.unt.edu.ar\/expount\/wp-json\/wp\/v2\/pages\/665"}],"wp:attachment":[{"href":"https:\/\/www.unt.edu.ar\/expount\/wp-json\/wp\/v2\/media?parent=1081"}],"curies":[{"name":"wp","href":"https:\/\/api.w.org\/{rel}","templated":true}]}}