{"id":657,"date":"2022-09-22T16:01:40","date_gmt":"2022-09-22T19:01:40","guid":{"rendered":"https:\/\/www.unt.edu.ar\/expoposgrado\/?page_id=657"},"modified":"2023-08-08T19:28:15","modified_gmt":"2023-08-08T22:28:15","slug":"facultad-de-psicologia","status":"publish","type":"page","link":"https:\/\/www.unt.edu.ar\/expoposgrado\/facultades\/facultad-de-psicologia\/","title":{"rendered":"Facultad de Psicolog\u00eda"},"content":{"rendered":"<div class=\"wpb-content-wrapper\"><p>[vc_row][vc_column width=&#8221;1\/6&#8243;][\/vc_column][vc_column width=&#8221;2\/3&#8243;][vc_video link=&#8221;https:\/\/youtu.be\/Z5YVgFmQSmE&#8221;][\/vc_column][vc_column width=&#8221;1\/6&#8243;][\/vc_column][\/vc_row][vc_row wrap_container=&#8221;yes&#8221; conditional_render=&#8221;%5B%7B%22value_role%22%3A%22administrator%22%7D%5D&#8221;][vc_column width=&#8221;1\/3&#8243;][vc_custom_heading text=&#8221;Secretar\u00eda de Posgrado e Investigaci\u00f3n&#8221; font_container=&#8221;tag:h3|font_size:26|text_align:left|line_height:1&#8243; use_theme_fonts=&#8221;yes&#8221; font_weight=&#8221;700&#8243; letter_spacing=&#8221;-0.05&#8243; el_class=&#8221;zigzag pb-3 mb-4&#8243;][vc_custom_heading text=&#8221;La Facultad de Psicolog\u00eda cuenta, desde 1997, con carreras de Posgrado acreditadas seg\u00fan los est\u00e1ndares establecidos por el Ministerio de Educaci\u00f3n de la Naci\u00f3n. De esta manera, asegura la calidad de la oferta educativa que se brinda en un proceso de formaci\u00f3n continua.&#8221; font_container=&#8221;tag:p|font_size:16|text_align:left&#8221; use_theme_fonts=&#8221;yes&#8221; letter_spacing=&#8221;0&#8243; animation_delay=&#8221;1000&#8243; el_class=&#8221;mb-4&#8243; animation_type=&#8221;fadeIn&#8221;][vc_custom_heading text=&#8221;Actualmente dicta seis carreras: un Doctorado en Psicolog\u00eda; dos Maestr\u00edas y tres Especializaciones. Adem\u00e1s, ofrece Diplomaturas Superiores Universitarias que profundizan el estudio en \u00e1reas espec\u00edficas, cuyas propuestas se renuevan peri\u00f3dicamente.&#8221; font_container=&#8221;tag:p|font_size:16|text_align:left&#8221; use_theme_fonts=&#8221;yes&#8221; letter_spacing=&#8221;0&#8243; animation_delay=&#8221;1000&#8243; el_class=&#8221;mb-4&#8243; animation_type=&#8221;fadeIn&#8221;][\/vc_column][vc_column width=&#8221;1\/3&#8243;][vc_custom_heading text=&#8221;Posgrados&#8221; font_container=&#8221;tag:h3|font_size:26|text_align:left|line_height:1&#8243; use_theme_fonts=&#8221;yes&#8221; font_weight=&#8221;700&#8243; letter_spacing=&#8221;-0.05&#8243; el_class=&#8221;zigzag pb-3 mb-4&#8243;][vc_custom_heading text=&#8221;Doctorado en Psicolog\u00eda&#8221; font_container=&#8221;tag:p|font_size:16|text_align:left|line_height:1.5&#8243; use_theme_fonts=&#8221;yes&#8221; font_weight=&#8221;500&#8243; animation_delay=&#8221;200&#8243; animation_type=&#8221;fadeIn&#8221; el_class=&#8221;mb-4 list-unstyled&#8221; link=&#8221;url:https%3A%2F%2Ffacultad-psicologia.ideconsultora.com.ar%2Fposgrado-carreras%2Fcarrera-doctorado%2F|target:_blank&#8221;][vc_custom_heading text=&#8221;Maestr\u00eda en Psicolog\u00eda Educacional&#8221; font_container=&#8221;tag:p|font_size:16|text_align:left|line_height:1.5&#8243; use_theme_fonts=&#8221;yes&#8221; font_weight=&#8221;500&#8243; animation_delay=&#8221;200&#8243; animation_type=&#8221;fadeIn&#8221; el_class=&#8221;mb-4 list-unstyled&#8221; link=&#8221;url:https%3A%2F%2Ffacultad-psicologia.ideconsultora.com.ar%2Fmaestria-en-psicologia-educacional%2F|target:_blank&#8221;][vc_custom_heading text=&#8221;Maestr\u00eda en Psicolog\u00eda Social&#8221; font_container=&#8221;tag:p|font_size:16|text_align:left|line_height:1.5&#8243; use_theme_fonts=&#8221;yes&#8221; font_weight=&#8221;500&#8243; animation_delay=&#8221;200&#8243; animation_type=&#8221;fadeIn&#8221; el_class=&#8221;mb-4 list-unstyled&#8221; link=&#8221;url:https%3A%2F%2Ffacultad-psicologia.ideconsultora.com.ar%2Fmaestria-en-psicologia-social%2F|target:_blank&#8221;][vc_custom_heading text=&#8221;Especializaci\u00f3n en Evaluaci\u00f3n y Diagn\u00f3stico Psicol\u00f3gico&#8221; font_container=&#8221;tag:p|font_size:16|text_align:left|line_height:1.5&#8243; use_theme_fonts=&#8221;yes&#8221; font_weight=&#8221;500&#8243; animation_delay=&#8221;200&#8243; animation_type=&#8221;fadeIn&#8221; el_class=&#8221;mb-4 list-unstyled&#8221;][vc_custom_heading text=&#8221;Especializaci\u00f3n en Psicolog\u00eda Cl\u00ednica de Ni\u00f1os y Adolescentes con Orientaci\u00f3n Psicoanal\u00edtica&#8221; font_container=&#8221;tag:p|font_size:16|text_align:left|line_height:1.5&#8243; use_theme_fonts=&#8221;yes&#8221; font_weight=&#8221;500&#8243; animation_delay=&#8221;200&#8243; animation_type=&#8221;fadeIn&#8221; el_class=&#8221;mb-4 list-unstyled&#8221;][vc_custom_heading text=&#8221;Especializaci\u00f3n en Psicolog\u00eda Jur\u00eddico-Forense&#8221; font_container=&#8221;tag:p|font_size:16|text_align:left|line_height:1.5&#8243; use_theme_fonts=&#8221;yes&#8221; font_weight=&#8221;500&#8243; animation_delay=&#8221;200&#8243; animation_type=&#8221;fadeIn&#8221; el_class=&#8221;mb-4 list-unstyled&#8221; link=&#8221;url:https%3A%2F%2Ffacultad-psicologia.ideconsultora.com.ar%2Fespecializacion-en-psicologia-juridico-forense%2F|target:_blank&#8221;][\/vc_column][vc_column width=&#8221;1\/3&#8243;][vc_custom_heading text=&#8221;Contacto&#8221; font_container=&#8221;tag:h3|font_size:26|text_align:left|line_height:1&#8243; use_theme_fonts=&#8221;yes&#8221; font_weight=&#8221;700&#8243; letter_spacing=&#8221;-0.05&#8243; el_class=&#8221;zigzag pb-3 mb-4&#8243;][vc_column_text]<strong>Direcci\u00f3n:<\/strong> Av. Benjam\u00edn Ar\u00e1oz 800 &#8211; San Miguel de Tucum\u00e1n &#8211; Tucum\u00e1n &#8211; Argentina<\/p>\n<p><strong>Tel:<\/strong> 381- 4847335<\/p>\n<p><strong>Mails:<\/strong> posgrados@psicologia.unt.edu.ar \/ posgrado.inscripciones@psicologia.unt.edu.ar<\/p>\n<p><strong>Web:<\/strong> <a href=\"https:\/\/facultad-psicologia.ideconsultora.com.ar\/institucional\/secretarias\/secretaria-posgrado-investigacion\/\" target=\"_blank\" rel=\"noopener\">psicologia.unt.edu.ar\/posgrado<\/a>[\/vc_column_text][vc_single_image image=&#8221;1274&#8243; img_size=&#8221;full&#8221;]<div class=\"porto-u-icons\"><a class=\"porto-icon fab fa-facebook \"  style=\"color:#1e73be;font-size:32px;margin-right:5px;\" href=\"https:\/\/www.facebook.com\/Facultad-de-Psicologia-UNT-204770209544818\/\" target='_blank'><\/a><a class=\"porto-icon fab fa-instagram \"  style=\"color:#dd3333;font-size:32px;margin-right:5px;\" href=\"https:\/\/instagram.com\/facultaddepsicologiaunt?igshid=YmMyMTA2M2Y=\" target='_blank'><\/a><\/div>[\/vc_column][\/vc_row]<\/p>\n<\/div>","protected":false},"excerpt":{"rendered":"<p>[vc_row][vc_column width=&#8221;1\/6&#8243;][\/vc_column][vc_column width=&#8221;2\/3&#8243;][vc_video link=&#8221;https:\/\/youtu.be\/Z5YVgFmQSmE&#8221;][\/vc_column][vc_column width=&#8221;1\/6&#8243;][\/vc_column][\/vc_row][vc_row wrap_container=&#8221;yes&#8221; conditional_render=&#8221;%5B%7B%22value_role%22%3A%22administrator%22%7D%5D&#8221;][vc_column width=&#8221;1\/3&#8243;][vc_custom_heading text=&#8221;Secretar\u00eda de Posgrado e Investigaci\u00f3n&#8221; font_container=&#8221;tag:h3|font_size:26|text_align:left|line_height:1&#8243; use_theme_fonts=&#8221;yes&#8221; font_weight=&#8221;700&#8243; letter_spacing=&#8221;-0.05&#8243; el_class=&#8221;zigzag pb-3 mb-4&#8243;][vc_custom_heading text=&#8221;La Facultad de Psicolog\u00eda cuenta, desde 1997, con carreras de Posgrado acreditadas seg\u00fan los est\u00e1ndares establecidos por el Ministerio de Educaci\u00f3n de la Naci\u00f3n. De esta manera, asegura la calidad de la oferta educativa que [&hellip;]<\/p>\n","protected":false},"author":1,"featured_media":0,"parent":10,"menu_order":0,"comment_status":"closed","ping_status":"closed","template":"","meta":{"footnotes":""},"class_list":["post-657","page","type-page","status-publish","hentry"],"_links":{"self":[{"href":"https:\/\/www.unt.edu.ar\/expoposgrado\/wp-json\/wp\/v2\/pages\/657","targetHints":{"allow":["GET"]}}],"collection":[{"href":"https:\/\/www.unt.edu.ar\/expoposgrado\/wp-json\/wp\/v2\/pages"}],"about":[{"href":"https:\/\/www.unt.edu.ar\/expoposgrado\/wp-json\/wp\/v2\/types\/page"}],"author":[{"embeddable":true,"href":"https:\/\/www.unt.edu.ar\/expoposgrado\/wp-json\/wp\/v2\/users\/1"}],"replies":[{"embeddable":true,"href":"https:\/\/www.unt.edu.ar\/expoposgrado\/wp-json\/wp\/v2\/comments?post=657"}],"version-history":[{"count":20,"href":"https:\/\/www.unt.edu.ar\/expoposgrado\/wp-json\/wp\/v2\/pages\/657\/revisions"}],"predecessor-version":[{"id":1581,"href":"https:\/\/www.unt.edu.ar\/expoposgrado\/wp-json\/wp\/v2\/pages\/657\/revisions\/1581"}],"up":[{"embeddable":true,"href":"https:\/\/www.unt.edu.ar\/expoposgrado\/wp-json\/wp\/v2\/pages\/10"}],"wp:attachment":[{"href":"https:\/\/www.unt.edu.ar\/expoposgrado\/wp-json\/wp\/v2\/media?parent=657"}],"curies":[{"name":"wp","href":"https:\/\/api.w.org\/{rel}","templated":true}]}}