{"id":653,"date":"2022-09-22T15:48:08","date_gmt":"2022-09-22T18:48:08","guid":{"rendered":"https:\/\/www.unt.edu.ar\/expoposgrado\/?page_id=653"},"modified":"2023-08-08T19:27:47","modified_gmt":"2023-08-08T22:27:47","slug":"facultad-de-medicina","status":"publish","type":"page","link":"https:\/\/www.unt.edu.ar\/expoposgrado\/facultades\/facultad-de-medicina\/","title":{"rendered":"Facultad de Medicina"},"content":{"rendered":"<div class=\"wpb-content-wrapper\"><p>[vc_row][vc_column width=&#8221;1\/6&#8243;][\/vc_column][vc_column width=&#8221;2\/3&#8243;][vc_video link=&#8221;https:\/\/youtu.be\/FBGb5fUWM5o&#8221;][\/vc_column][vc_column width=&#8221;1\/6&#8243;][\/vc_column][\/vc_row][vc_row wrap_container=&#8221;yes&#8221; conditional_render=&#8221;%5B%7B%22value_role%22%3A%22administrator%22%7D%5D&#8221;][vc_column width=&#8221;1\/3&#8243;][vc_custom_heading text=&#8221;Secretar\u00eda de Posgrado&#8221; font_container=&#8221;tag:h3|font_size:26|text_align:left|line_height:1&#8243; use_theme_fonts=&#8221;yes&#8221; font_weight=&#8221;700&#8243; letter_spacing=&#8221;-0.05&#8243; el_class=&#8221;zigzag pb-3 mb-4&#8243;][vc_custom_heading text=&#8221;Las exigencias de actualizaci\u00f3n, renovaci\u00f3n y especializaci\u00f3n de los conocimientos de grado, de cara al vertiginoso ritmo de cambio y transformaciones que vivimos, se vuelven una necesidad ineludible para los profesionales, docentes y investigadores.<br \/>\nLa Facultad de Medicina como proveedora de capital humano, ofrece en la instancia de posgrado una producci\u00f3n de conocimiento de alta calidad acad\u00e9mica adecuados a las demandas sociales de formaci\u00f3n y puesto al servicio de las necesidades reales de la comunidad.&#8221; font_container=&#8221;tag:p|font_size:16|text_align:left&#8221; use_theme_fonts=&#8221;yes&#8221; letter_spacing=&#8221;0&#8243; animation_delay=&#8221;1000&#8243; el_class=&#8221;mb-4&#8243; animation_type=&#8221;fadeIn&#8221;][\/vc_column][vc_column width=&#8221;1\/3&#8243;][vc_custom_heading text=&#8221;Posgrados&#8221; font_container=&#8221;tag:h3|font_size:26|text_align:left|line_height:1&#8243; use_theme_fonts=&#8221;yes&#8221; font_weight=&#8221;700&#8243; letter_spacing=&#8221;-0.05&#8243; el_class=&#8221;zigzag pb-3 mb-4&#8243;][vc_custom_heading text=&#8221;Doctorado en Medicina&#8221; font_container=&#8221;tag:p|font_size:16|text_align:left|line_height:1.5&#8243; use_theme_fonts=&#8221;yes&#8221; font_weight=&#8221;500&#8243; animation_delay=&#8221;200&#8243; animation_type=&#8221;fadeIn&#8221; el_class=&#8221;mb-4 list-unstyled&#8221;][vc_custom_heading text=&#8221;Doctorado en Ciencias Biol\u00f3gicas&#8221; font_container=&#8221;tag:p|font_size:16|text_align:left|line_height:1.5&#8243; use_theme_fonts=&#8221;yes&#8221; font_weight=&#8221;500&#8243; animation_delay=&#8221;200&#8243; animation_type=&#8221;fadeIn&#8221; el_class=&#8221;mb-4 list-unstyled&#8221;][vc_custom_heading text=&#8221;Maestr\u00eda en Hipertensi\u00f3n Arterial&#8221; font_container=&#8221;tag:p|font_size:16|text_align:left|line_height:1.5&#8243; use_theme_fonts=&#8221;yes&#8221; font_weight=&#8221;500&#8243; animation_delay=&#8221;200&#8243; animation_type=&#8221;fadeIn&#8221; el_class=&#8221;mb-4 list-unstyled&#8221;][vc_custom_heading text=&#8221;Maestr\u00eda en Educaci\u00f3n M\u00e9dica&#8221; font_container=&#8221;tag:p|font_size:16|text_align:left|line_height:1.5&#8243; use_theme_fonts=&#8221;yes&#8221; font_weight=&#8221;500&#8243; animation_delay=&#8221;200&#8243; animation_type=&#8221;fadeIn&#8221; el_class=&#8221;mb-4 list-unstyled&#8221;][vc_custom_heading text=&#8221;Maestr\u00eda en Investigaci\u00f3n de Ciencias de la Salud&#8221; font_container=&#8221;tag:p|font_size:16|text_align:left|line_height:1.5&#8243; use_theme_fonts=&#8221;yes&#8221; font_weight=&#8221;500&#8243; animation_delay=&#8221;200&#8243; animation_type=&#8221;fadeIn&#8221; el_class=&#8221;mb-4 list-unstyled&#8221;][vc_custom_heading text=&#8221;Especializaci\u00f3n en Direcci\u00f3n de Sistema de Salud&#8221; font_container=&#8221;tag:p|font_size:16|text_align:left|line_height:1.5&#8243; use_theme_fonts=&#8221;yes&#8221; font_weight=&#8221;500&#8243; animation_delay=&#8221;200&#8243; animation_type=&#8221;fadeIn&#8221; el_class=&#8221;mb-4 list-unstyled&#8221;][vc_custom_heading text=&#8221;Carreras modalidad residencia: Cardiolog\u00eda, Tocoginecolog\u00eda, Anatom\u00eda Patol\u00f3gica, Neonatolog\u00eda, Anestesia&#8221; font_container=&#8221;tag:p|font_size:16|text_align:left|line_height:1.5&#8243; use_theme_fonts=&#8221;yes&#8221; font_weight=&#8221;500&#8243; animation_delay=&#8221;200&#8243; animation_type=&#8221;fadeIn&#8221; el_class=&#8221;mb-4 list-unstyled&#8221;][vc_custom_heading text=&#8221;Diplomaturas orientadas hacia Medicina, Enfermer\u00eda y Kinesiolog\u00eda.&#8221; font_container=&#8221;tag:p|font_size:16|text_align:left|line_height:1.5&#8243; use_theme_fonts=&#8221;yes&#8221; font_weight=&#8221;500&#8243; animation_delay=&#8221;200&#8243; animation_type=&#8221;fadeIn&#8221; el_class=&#8221;mb-4 list-unstyled&#8221;][\/vc_column][vc_column width=&#8221;1\/3&#8243;][vc_custom_heading text=&#8221;Contacto&#8221; font_container=&#8221;tag:h3|font_size:26|text_align:left|line_height:1&#8243; use_theme_fonts=&#8221;yes&#8221; font_weight=&#8221;700&#8243; letter_spacing=&#8221;-0.05&#8243; el_class=&#8221;zigzag pb-3 mb-4&#8243;][vc_column_text]<strong>Direcci\u00f3n:<\/strong> Lamadrid 875 &#8211; PB &#8211; San Miguel de Tucum\u00e1n<br \/>\nTucum\u00e1n &#8211; Argentina<\/p>\n<p>Tel: 381 -4247752 (Int. 7231)<\/p>\n<p><strong>Mail:<\/strong> posgrado@fm.unt.edu.ar<\/p>\n<p><strong>Web:<\/strong> <a href=\"https:\/\/www.fm.unt.edu.ar\/Dependencias\/posgrado\/\" target=\"_blank\" rel=\"noopener\">fm.unt.edu.ar\/posgrado<\/a>[\/vc_column_text][vc_single_image image=&#8221;1387&#8243; img_size=&#8221;full&#8221;]<div class=\"porto-u-icons\"><a class=\"porto-icon fab fa-facebook \"  style=\"color:#1e73be;font-size:32px;margin-right:5px;\" href=\"https:\/\/www.facebook.com\/fmtucuman\" target='_blank'><\/a><a class=\"porto-icon fab fa-instagram \"  style=\"color:#dd3333;font-size:32px;margin-right:5px;\" href=\"https:\/\/www.instagram.com\/fmtucuman\/\" target='_blank'><\/a><\/div>[\/vc_column][\/vc_row]<\/p>\n<\/div>","protected":false},"excerpt":{"rendered":"<p>[vc_row][vc_column width=&#8221;1\/6&#8243;][\/vc_column][vc_column width=&#8221;2\/3&#8243;][vc_video link=&#8221;https:\/\/youtu.be\/FBGb5fUWM5o&#8221;][\/vc_column][vc_column width=&#8221;1\/6&#8243;][\/vc_column][\/vc_row][vc_row wrap_container=&#8221;yes&#8221; conditional_render=&#8221;%5B%7B%22value_role%22%3A%22administrator%22%7D%5D&#8221;][vc_column width=&#8221;1\/3&#8243;][vc_custom_heading text=&#8221;Secretar\u00eda de Posgrado&#8221; font_container=&#8221;tag:h3|font_size:26|text_align:left|line_height:1&#8243; use_theme_fonts=&#8221;yes&#8221; font_weight=&#8221;700&#8243; letter_spacing=&#8221;-0.05&#8243; el_class=&#8221;zigzag pb-3 mb-4&#8243;][vc_custom_heading text=&#8221;Las exigencias de actualizaci\u00f3n, renovaci\u00f3n y especializaci\u00f3n de los conocimientos de grado, de cara al vertiginoso ritmo de cambio y transformaciones que vivimos, se vuelven una necesidad ineludible para los profesionales, docentes y investigadores. La Facultad de [&hellip;]<\/p>\n","protected":false},"author":1,"featured_media":0,"parent":10,"menu_order":0,"comment_status":"closed","ping_status":"closed","template":"","meta":{"footnotes":""},"class_list":["post-653","page","type-page","status-publish","hentry"],"_links":{"self":[{"href":"https:\/\/www.unt.edu.ar\/expoposgrado\/wp-json\/wp\/v2\/pages\/653","targetHints":{"allow":["GET"]}}],"collection":[{"href":"https:\/\/www.unt.edu.ar\/expoposgrado\/wp-json\/wp\/v2\/pages"}],"about":[{"href":"https:\/\/www.unt.edu.ar\/expoposgrado\/wp-json\/wp\/v2\/types\/page"}],"author":[{"embeddable":true,"href":"https:\/\/www.unt.edu.ar\/expoposgrado\/wp-json\/wp\/v2\/users\/1"}],"replies":[{"embeddable":true,"href":"https:\/\/www.unt.edu.ar\/expoposgrado\/wp-json\/wp\/v2\/comments?post=653"}],"version-history":[{"count":31,"href":"https:\/\/www.unt.edu.ar\/expoposgrado\/wp-json\/wp\/v2\/pages\/653\/revisions"}],"predecessor-version":[{"id":1576,"href":"https:\/\/www.unt.edu.ar\/expoposgrado\/wp-json\/wp\/v2\/pages\/653\/revisions\/1576"}],"up":[{"embeddable":true,"href":"https:\/\/www.unt.edu.ar\/expoposgrado\/wp-json\/wp\/v2\/pages\/10"}],"wp:attachment":[{"href":"https:\/\/www.unt.edu.ar\/expoposgrado\/wp-json\/wp\/v2\/media?parent=653"}],"curies":[{"name":"wp","href":"https:\/\/api.w.org\/{rel}","templated":true}]}}