{"id":651,"date":"2022-09-22T15:47:54","date_gmt":"2022-09-22T18:47:54","guid":{"rendered":"https:\/\/www.unt.edu.ar\/expoposgrado\/?page_id=651"},"modified":"2023-08-08T19:26:52","modified_gmt":"2023-08-08T22:26:52","slug":"filosofia-y-letras","status":"publish","type":"page","link":"https:\/\/www.unt.edu.ar\/expoposgrado\/facultades\/filosofia-y-letras\/","title":{"rendered":"Facultad de Filosof\u00eda y Letras"},"content":{"rendered":"<div class=\"wpb-content-wrapper\"><p>[vc_row][vc_column width=&#8221;1\/6&#8243;][\/vc_column][vc_column width=&#8221;2\/3&#8243;][vc_video link=&#8221;https:\/\/www.youtube.com\/watch?v=itNcbf86QyU&#8221;][\/vc_column][vc_column width=&#8221;1\/6&#8243;][\/vc_column][\/vc_row][vc_row wrap_container=&#8221;yes&#8221; conditional_render=&#8221;%5B%7B%22value_role%22%3A%22administrator%22%7D%5D&#8221;][vc_column width=&#8221;1\/3&#8243;][vc_custom_heading text=&#8221;Secretar\u00eda de Posgrado e Investigaci\u00f3n&#8221; font_container=&#8221;tag:h3|font_size:26|text_align:left|line_height:1&#8243; use_theme_fonts=&#8221;yes&#8221; font_weight=&#8221;700&#8243; letter_spacing=&#8221;-0.05&#8243; el_class=&#8221;zigzag pb-3 mb-4&#8243;][vc_column_text]Nuestra Secretar\u00eda fue creada el 20 de octubre de 1989 y nace como Departamento de Posgrado.<br \/>\nSu oferta se consolid\u00f3 con egresados que concretaron su formaci\u00f3n y que, convencidos de la necesidad de contar con especialistas formados en el \u00e1rea de Humanidades y de Ciencias Sociales, impulsaron la creaci\u00f3n de varias carreras en nuestra Facultad: doctorados, maestr\u00edas, especializaciones, conjunto de cursos que conforman un trayecto curricular orientados en un \u00e1rea espec\u00edfica y cursos individuales.[\/vc_column_text][vc_column_text]Desde la Secretar\u00eda se gestionan cinco doctorados (tres con la m\u00e1xima categor\u00eda de CONEAU) otro cogestionado con otras universidades del NOA y uno restante que cubre un \u00e1rea de vacancia de demanda creciente. Dicta una maestr\u00eda \u00fanica en su tipo en Latinoam\u00e9rica, tres especializaciones (una que aborda cuestiones de g\u00e9nero y otras que rescatan la relevancia de la regi\u00f3n y la importancia de la formaci\u00f3n de especialistas en la ense\u00f1anza del espa\u00f1ol para extranjeros) y una diplomatura universitaria en el campo de las humanidades y las ciencias sociales.<\/p>\n<p>Todas estas carreras ofrecidas son cursadas por estudiantes de la provincia y de la regi\u00f3n. Actualmente se est\u00e1 proyectando la creaci\u00f3n de dos maestr\u00edas y una especializaci\u00f3n m\u00e1s que se sumar\u00edan a las ya existentes y que vendr\u00edan a cubrir otros espacios de demanda social destinados a fomentar la investigaci\u00f3n, la actualizaci\u00f3n continua y el perfeccionamiento de los graduados universitarios.[\/vc_column_text][\/vc_column][vc_column width=&#8221;1\/3&#8243;][vc_custom_heading text=&#8221;Posgrados&#8221; font_container=&#8221;tag:h3|font_size:26|text_align:left|line_height:1&#8243; use_theme_fonts=&#8221;yes&#8221; font_weight=&#8221;700&#8243; letter_spacing=&#8221;-0.05&#8243; el_class=&#8221;zigzag pb-3 mb-4&#8243;][vc_custom_heading text=&#8221;Doctorado en Ciencias Sociales&#8221; font_container=&#8221;tag:p|font_size:16|text_align:left|line_height:1.5&#8243; use_theme_fonts=&#8221;yes&#8221; font_weight=&#8221;500&#8243; animation_delay=&#8221;200&#8243; animation_type=&#8221;fadeIn&#8221; el_class=&#8221;mb-4 list-unstyled&#8221; link=&#8221;url:http%3A%2F%2Ffilo.unt.edu.ar%2Fdoctorado-en-ciencias-sociales%2F|target:_blank&#8221;][vc_custom_heading text=&#8221;Doctorado en Humanidades&#8221; font_container=&#8221;tag:p|font_size:16|text_align:left|line_height:1.5&#8243; use_theme_fonts=&#8221;yes&#8221; font_weight=&#8221;500&#8243; animation_delay=&#8221;200&#8243; animation_type=&#8221;fadeIn&#8221; el_class=&#8221;mb-4 list-unstyled&#8221; link=&#8221;url:http%3A%2F%2Ffilo.unt.edu.ar%2Fdoctorado-en-humanidades%2F|target:_blank&#8221;][vc_custom_heading text=&#8221;Doctorado en Educaci\u00f3n&#8221; font_container=&#8221;tag:p|font_size:16|text_align:left|line_height:1.5&#8243; use_theme_fonts=&#8221;yes&#8221; font_weight=&#8221;500&#8243; animation_delay=&#8221;200&#8243; animation_type=&#8221;fadeIn&#8221; el_class=&#8221;mb-4 list-unstyled&#8221; link=&#8221;url:http%3A%2F%2Ffilo.unt.edu.ar%2Fdoctorado-en-educacion%2F|target:_blank&#8221;][vc_custom_heading text=&#8221;Doctorado en Estudios Sociales y Pol\u00edticos Regionales&#8221; font_container=&#8221;tag:p|font_size:16|text_align:left|line_height:1.5&#8243; use_theme_fonts=&#8221;yes&#8221; font_weight=&#8221;500&#8243; animation_delay=&#8221;200&#8243; animation_type=&#8221;fadeIn&#8221; el_class=&#8221;mb-4 list-unstyled&#8221; link=&#8221;url:http%3A%2F%2Ffilo.unt.edu.ar%2Fdoctorado-en-estudios-sociales-y-politicos-regionales%2F|target:_blank&#8221;][vc_custom_heading text=&#8221;Doctorado en Letras&#8221; font_container=&#8221;tag:p|font_size:16|text_align:left|line_height:1.5&#8243; use_theme_fonts=&#8221;yes&#8221; font_weight=&#8221;500&#8243; animation_delay=&#8221;200&#8243; animation_type=&#8221;fadeIn&#8221; el_class=&#8221;mb-4 list-unstyled&#8221; link=&#8221;url:http%3A%2F%2Ffilo.unt.edu.ar%2Fdoctorado-en-letras%2F|target:_blank&#8221;][vc_custom_heading text=&#8221;Maestr\u00eda en Ret\u00f3rica y Argumentaci\u00f3n&#8221; font_container=&#8221;tag:p|font_size:16|text_align:left|line_height:1.5&#8243; use_theme_fonts=&#8221;yes&#8221; font_weight=&#8221;500&#8243; animation_delay=&#8221;200&#8243; animation_type=&#8221;fadeIn&#8221; el_class=&#8221;mb-4 list-unstyled&#8221; link=&#8221;url:http%3A%2F%2Ffilo.unt.edu.ar%2Fmaestria-en-retorica%2F|target:_blank&#8221;][vc_custom_heading text=&#8221;Especializaci\u00f3n en Culturas del Noroeste Argentino&#8221; font_container=&#8221;tag:p|font_size:16|text_align:left|line_height:1.5&#8243; use_theme_fonts=&#8221;yes&#8221; font_weight=&#8221;500&#8243; animation_delay=&#8221;200&#8243; animation_type=&#8221;fadeIn&#8221; el_class=&#8221;mb-4 list-unstyled&#8221; link=&#8221;url:http%3A%2F%2Ffilo.unt.edu.ar%2Fespecializacion-en-culturas-del-noa%2F|target:_blank&#8221;][vc_custom_heading text=&#8221;Especializaci\u00f3n en Estudios de Mujeres y de G\u00e9neros&#8221; font_container=&#8221;tag:p|font_size:16|text_align:left|line_height:1.5&#8243; use_theme_fonts=&#8221;yes&#8221; font_weight=&#8221;500&#8243; animation_delay=&#8221;200&#8243; animation_type=&#8221;fadeIn&#8221; el_class=&#8221;mb-4 list-unstyled&#8221; link=&#8221;url:http%3A%2F%2Ffilo.unt.edu.ar%2Fespecializacion-mujeres-generos%2F|target:_blank&#8221;][vc_custom_heading text=&#8221;Especializaci\u00f3n en la Ense\u00f1anza del Espa\u00f1ol como Lengua Extranjera&#8221; font_container=&#8221;tag:p|font_size:16|text_align:left|line_height:1.5&#8243; use_theme_fonts=&#8221;yes&#8221; font_weight=&#8221;500&#8243; animation_delay=&#8221;200&#8243; animation_type=&#8221;fadeIn&#8221; el_class=&#8221;mb-4 list-unstyled&#8221; link=&#8221;url:http%3A%2F%2Ffilo.unt.edu.ar%2Fespecializacion-en-la-ensenanza-del-espanol-como-lengua-extranjera%2F|target:_blank&#8221;][vc_custom_heading text=&#8221;Maestr\u00eda en escritura creativa (carrera nueva pendiente de aprobaci\u00f3n)&#8221; font_container=&#8221;tag:p|font_size:16|text_align:left|line_height:1.5&#8243; use_theme_fonts=&#8221;yes&#8221; font_weight=&#8221;500&#8243; animation_delay=&#8221;200&#8243; animation_type=&#8221;fadeIn&#8221; el_class=&#8221;mb-4 list-unstyled&#8221;][vc_custom_heading text=&#8221;Maestr\u00eda en Planificaci\u00f3n e Intervenci\u00f3n desde la Comunicaci\u00f3n (carrera nueva pendiente de aprobaci\u00f3n)&#8221; font_container=&#8221;tag:p|font_size:16|text_align:left|line_height:1.5&#8243; use_theme_fonts=&#8221;yes&#8221; font_weight=&#8221;500&#8243; animation_delay=&#8221;200&#8243; animation_type=&#8221;fadeIn&#8221; el_class=&#8221;mb-4 list-unstyled&#8221;][vc_custom_heading text=&#8221;Especializaci\u00f3n en Planificaci\u00f3n e Intervenci\u00f3n desde la Comunicaci\u00f3n (carrera nueva pendiente de aprobaci\u00f3n)&#8221; font_container=&#8221;tag:p|font_size:16|text_align:left|line_height:1.5&#8243; use_theme_fonts=&#8221;yes&#8221; font_weight=&#8221;500&#8243; animation_delay=&#8221;200&#8243; animation_type=&#8221;fadeIn&#8221; el_class=&#8221;mb-4 list-unstyled&#8221;][vc_custom_heading text=&#8221;Trayecto sistem\u00e1tico curricular\/Diplomatura en Intervenci\u00f3n Social: herramientas para una praxis transformadora&#8221; font_container=&#8221;tag:p|font_size:16|text_align:left|line_height:1.5&#8243; use_theme_fonts=&#8221;yes&#8221; font_weight=&#8221;500&#8243; animation_delay=&#8221;200&#8243; animation_type=&#8221;fadeIn&#8221; el_class=&#8221;mb-4 list-unstyled&#8221;][\/vc_column][vc_column width=&#8221;1\/3&#8243;][vc_custom_heading text=&#8221;Contacto&#8221; font_container=&#8221;tag:h3|font_size:26|text_align:left|line_height:1&#8243; use_theme_fonts=&#8221;yes&#8221; font_weight=&#8221;700&#8243; letter_spacing=&#8221;-0.05&#8243; el_class=&#8221;zigzag pb-3 mb-4&#8243;][vc_column_text]<strong>Direcci\u00f3n:<\/strong> Centro Julio Prebisch. Facultad de Filosof\u00eda y Letras &#8211; Av. Benjam\u00edn Ar\u00e1oz 800 &#8211; San Miguel de Tucum\u00e1n &#8211; Tucum\u00e1n &#8211; Argentina<\/p>\n<p><strong>Tel: <\/strong>+54- 381- 484 7358<strong><br \/>\n<\/strong><\/p>\n<p><strong>Mail:\u00a0<\/strong>posgradofilo@filo.unt.edu.ar<\/p>\n<p><strong>Web:<\/strong> <a href=\"http:\/\/filo.unt.edu.ar\/posgrado\/\" target=\"_blank\" rel=\"noopener\">filo.unt.edu.ar\/posgrado<\/a>[\/vc_column_text][vc_single_image image=&#8221;1288&#8243; img_size=&#8221;full&#8221;]<div class=\"porto-u-icons\"><a class=\"porto-icon fab fa-facebook \"  style=\"color:#1e73be;font-size:32px;margin-right:5px;\" href=\"https:\/\/es-la.facebook.com\/filount\/\" target='_blank'><\/a><a class=\"porto-icon fab fa-instagram \"  style=\"color:#dd3333;font-size:32px;margin-right:5px;\" href=\"https:\/\/www.instagram.com\/filoyletrasunt\" target='_blank'><\/a><a class=\"porto-icon fab fa-twitter \"  style=\"color:#32d3d3;font-size:32px;margin-right:5px;\" href=\"https:\/\/twitter.com\/filount\" target='_blank'><\/a><\/div>[\/vc_column][\/vc_row]<\/p>\n<\/div>","protected":false},"excerpt":{"rendered":"<p>[vc_row][vc_column width=&#8221;1\/6&#8243;][\/vc_column][vc_column width=&#8221;2\/3&#8243;][vc_video link=&#8221;https:\/\/www.youtube.com\/watch?v=itNcbf86QyU&#8221;][\/vc_column][vc_column width=&#8221;1\/6&#8243;][\/vc_column][\/vc_row][vc_row wrap_container=&#8221;yes&#8221; conditional_render=&#8221;%5B%7B%22value_role%22%3A%22administrator%22%7D%5D&#8221;][vc_column width=&#8221;1\/3&#8243;][vc_custom_heading text=&#8221;Secretar\u00eda de Posgrado e Investigaci\u00f3n&#8221; font_container=&#8221;tag:h3|font_size:26|text_align:left|line_height:1&#8243; use_theme_fonts=&#8221;yes&#8221; font_weight=&#8221;700&#8243; letter_spacing=&#8221;-0.05&#8243; el_class=&#8221;zigzag pb-3 mb-4&#8243;][vc_column_text]Nuestra Secretar\u00eda fue creada el 20 de octubre de 1989 y nace como Departamento de Posgrado. Su oferta se consolid\u00f3 con egresados que concretaron su formaci\u00f3n y que, convencidos de la necesidad de contar con especialistas [&hellip;]<\/p>\n","protected":false},"author":1,"featured_media":0,"parent":10,"menu_order":0,"comment_status":"closed","ping_status":"closed","template":"","meta":{"footnotes":""},"class_list":["post-651","page","type-page","status-publish","hentry"],"_links":{"self":[{"href":"https:\/\/www.unt.edu.ar\/expoposgrado\/wp-json\/wp\/v2\/pages\/651","targetHints":{"allow":["GET"]}}],"collection":[{"href":"https:\/\/www.unt.edu.ar\/expoposgrado\/wp-json\/wp\/v2\/pages"}],"about":[{"href":"https:\/\/www.unt.edu.ar\/expoposgrado\/wp-json\/wp\/v2\/types\/page"}],"author":[{"embeddable":true,"href":"https:\/\/www.unt.edu.ar\/expoposgrado\/wp-json\/wp\/v2\/users\/1"}],"replies":[{"embeddable":true,"href":"https:\/\/www.unt.edu.ar\/expoposgrado\/wp-json\/wp\/v2\/comments?post=651"}],"version-history":[{"count":32,"href":"https:\/\/www.unt.edu.ar\/expoposgrado\/wp-json\/wp\/v2\/pages\/651\/revisions"}],"predecessor-version":[{"id":1012,"href":"https:\/\/www.unt.edu.ar\/expoposgrado\/wp-json\/wp\/v2\/pages\/651\/revisions\/1012"}],"up":[{"embeddable":true,"href":"https:\/\/www.unt.edu.ar\/expoposgrado\/wp-json\/wp\/v2\/pages\/10"}],"wp:attachment":[{"href":"https:\/\/www.unt.edu.ar\/expoposgrado\/wp-json\/wp\/v2\/media?parent=651"}],"curies":[{"name":"wp","href":"https:\/\/api.w.org\/{rel}","templated":true}]}}