{"id":649,"date":"2022-09-22T15:47:23","date_gmt":"2022-09-22T18:47:23","guid":{"rendered":"https:\/\/www.unt.edu.ar\/expoposgrado\/?page_id=649"},"modified":"2023-08-08T19:28:12","modified_gmt":"2023-08-08T22:28:12","slug":"facultad-de-educacion-fisica","status":"publish","type":"page","link":"https:\/\/www.unt.edu.ar\/expoposgrado\/facultades\/facultad-de-educacion-fisica\/","title":{"rendered":"Facultad de Educaci\u00f3n F\u00edsica"},"content":{"rendered":"<div class=\"wpb-content-wrapper\"><p>[vc_row][vc_column width=&#8221;1\/6&#8243;][\/vc_column][vc_column width=&#8221;2\/3&#8243;][vc_video link=&#8221;https:\/\/www.youtube.com\/watch?v=ZXEltS-qJmA&#8221;][\/vc_column][vc_column width=&#8221;1\/6&#8243;][\/vc_column][\/vc_row][vc_row wrap_container=&#8221;yes&#8221; conditional_render=&#8221;%5B%7B%22value_role%22%3A%22administrator%22%7D%5D&#8221;][vc_column width=&#8221;1\/3&#8243;][vc_custom_heading text=&#8221;Secretar\u00eda de Posgrado e Investigaci\u00f3n&#8221; font_container=&#8221;tag:h3|font_size:26|text_align:left|line_height:1&#8243; use_theme_fonts=&#8221;yes&#8221; font_weight=&#8221;700&#8243; letter_spacing=&#8221;-0.05&#8243; el_class=&#8221;zigzag pb-3 mb-4&#8243;][vc_custom_heading text=&#8221;La Secretar\u00eda de Posgrado e Investigaci\u00f3n contribuye a la formaci\u00f3n acad\u00e9mica y al desarrollo de la investigaci\u00f3n con propuestas de acciones pertinentes, de calidad y excelencia profesional. Tiene como objetivo revalorizar el posgrado en la perspectiva de construcci\u00f3n del cuarto nivel institucional.&#8221; font_container=&#8221;tag:p|font_size:16|text_align:left&#8221; use_theme_fonts=&#8221;yes&#8221; letter_spacing=&#8221;0&#8243; animation_delay=&#8221;1000&#8243; el_class=&#8221;mb-4&#8243; animation_type=&#8221;fadeIn&#8221;][vc_custom_heading text=&#8221;Se propone integrar e incrementar los equipos de investigaci\u00f3n, adem\u00e1s de alentar la formaci\u00f3n de docentes posgraduados dentro de su plantel docente. Tambi\u00e9n reconoce la formaci\u00f3n en Educaci\u00f3n F\u00edsica, acad\u00e9mica y profesional, como alternativa de trayectos de profundizaci\u00f3n.&#8221; font_container=&#8221;tag:p|font_size:16|text_align:left&#8221; use_theme_fonts=&#8221;yes&#8221; letter_spacing=&#8221;0&#8243; animation_delay=&#8221;1000&#8243; el_class=&#8221;mb-4&#8243; animation_type=&#8221;fadeIn&#8221;][\/vc_column][vc_column width=&#8221;1\/3&#8243;][vc_custom_heading text=&#8221;Posgrados&#8221; font_container=&#8221;tag:h3|font_size:26|text_align:left|line_height:1&#8243; use_theme_fonts=&#8221;yes&#8221; font_weight=&#8221;700&#8243; letter_spacing=&#8221;-0.05&#8243; el_class=&#8221;zigzag pb-3 mb-4&#8243;][vc_custom_heading text=&#8221;Diplomatura Superior Universitaria Actividad F\u00edsica para la Calidad de Vida&#8221; font_container=&#8221;tag:p|font_size:16|text_align:left|line_height:1.5&#8243; use_theme_fonts=&#8221;yes&#8221; font_weight=&#8221;500&#8243; animation_delay=&#8221;200&#8243; animation_type=&#8221;fadeIn&#8221; el_class=&#8221;mb-4 list-unstyled&#8221;][vc_custom_heading text=&#8221;Maestr\u00eda en Educaci\u00f3n F\u00edsica para la Salud&#8221; font_container=&#8221;tag:p|font_size:16|text_align:left|line_height:1.5&#8243; use_theme_fonts=&#8221;yes&#8221; font_weight=&#8221;500&#8243; animation_delay=&#8221;200&#8243; animation_type=&#8221;fadeIn&#8221; el_class=&#8221;mb-4 list-unstyled&#8221;][\/vc_column][vc_column width=&#8221;1\/3&#8243;][vc_custom_heading text=&#8221;Contacto&#8221; font_container=&#8221;tag:h3|font_size:26|text_align:left|line_height:1&#8243; use_theme_fonts=&#8221;yes&#8221; font_weight=&#8221;700&#8243; letter_spacing=&#8221;-0.05&#8243; el_class=&#8221;zigzag pb-3 mb-4&#8243;][vc_column_text]<strong>Direcci\u00f3n:<\/strong> Avda. Benjam\u00edn Ar\u00e1oz 751 &#8211; San Miguel de Tucum\u00e1n &#8211; Tucum\u00e1n &#8211; Argentina<\/p>\n<p><strong>Tel:<\/strong> 381 484-7372 \/ Fax: 381 4303727<\/p>\n<p><strong>Mails: <\/strong>facdefposgradoeinvestigacion@gmail.com \/ posgrado@facdef.unt.edu.ar<\/p>\n<p><strong>Web: <a href=\"https:\/\/www.facdef.unt.edu.ar\/posgrado.html\" target=\"_blank\" rel=\"noopener\">www.facdef.unt.edu.ar\/posgrado<\/a><\/strong>[\/vc_column_text][vc_single_image image=&#8221;1416&#8243; img_size=&#8221;full&#8221;][\/vc_column][\/vc_row]<\/p>\n<\/div>","protected":false},"excerpt":{"rendered":"<p>[vc_row][vc_column width=&#8221;1\/6&#8243;][\/vc_column][vc_column width=&#8221;2\/3&#8243;][vc_video link=&#8221;https:\/\/www.youtube.com\/watch?v=ZXEltS-qJmA&#8221;][\/vc_column][vc_column width=&#8221;1\/6&#8243;][\/vc_column][\/vc_row][vc_row wrap_container=&#8221;yes&#8221; conditional_render=&#8221;%5B%7B%22value_role%22%3A%22administrator%22%7D%5D&#8221;][vc_column width=&#8221;1\/3&#8243;][vc_custom_heading text=&#8221;Secretar\u00eda de Posgrado e Investigaci\u00f3n&#8221; font_container=&#8221;tag:h3|font_size:26|text_align:left|line_height:1&#8243; use_theme_fonts=&#8221;yes&#8221; font_weight=&#8221;700&#8243; letter_spacing=&#8221;-0.05&#8243; el_class=&#8221;zigzag pb-3 mb-4&#8243;][vc_custom_heading text=&#8221;La Secretar\u00eda de Posgrado e Investigaci\u00f3n contribuye a la formaci\u00f3n acad\u00e9mica y al desarrollo de la investigaci\u00f3n con propuestas de acciones pertinentes, de calidad y excelencia profesional. Tiene como objetivo revalorizar el posgrado en la [&hellip;]<\/p>\n","protected":false},"author":1,"featured_media":0,"parent":10,"menu_order":0,"comment_status":"closed","ping_status":"closed","template":"","meta":{"footnotes":""},"class_list":["post-649","page","type-page","status-publish","hentry"],"_links":{"self":[{"href":"https:\/\/www.unt.edu.ar\/expoposgrado\/wp-json\/wp\/v2\/pages\/649","targetHints":{"allow":["GET"]}}],"collection":[{"href":"https:\/\/www.unt.edu.ar\/expoposgrado\/wp-json\/wp\/v2\/pages"}],"about":[{"href":"https:\/\/www.unt.edu.ar\/expoposgrado\/wp-json\/wp\/v2\/types\/page"}],"author":[{"embeddable":true,"href":"https:\/\/www.unt.edu.ar\/expoposgrado\/wp-json\/wp\/v2\/users\/1"}],"replies":[{"embeddable":true,"href":"https:\/\/www.unt.edu.ar\/expoposgrado\/wp-json\/wp\/v2\/comments?post=649"}],"version-history":[{"count":21,"href":"https:\/\/www.unt.edu.ar\/expoposgrado\/wp-json\/wp\/v2\/pages\/649\/revisions"}],"predecessor-version":[{"id":1580,"href":"https:\/\/www.unt.edu.ar\/expoposgrado\/wp-json\/wp\/v2\/pages\/649\/revisions\/1580"}],"up":[{"embeddable":true,"href":"https:\/\/www.unt.edu.ar\/expoposgrado\/wp-json\/wp\/v2\/pages\/10"}],"wp:attachment":[{"href":"https:\/\/www.unt.edu.ar\/expoposgrado\/wp-json\/wp\/v2\/media?parent=649"}],"curies":[{"name":"wp","href":"https:\/\/api.w.org\/{rel}","templated":true}]}}