{"id":647,"date":"2022-09-22T15:47:03","date_gmt":"2022-09-22T18:47:03","guid":{"rendered":"https:\/\/www.unt.edu.ar\/expoposgrado\/?page_id=647"},"modified":"2023-08-08T19:27:57","modified_gmt":"2023-08-08T22:27:57","slug":"facultad-de-derecho","status":"publish","type":"page","link":"https:\/\/www.unt.edu.ar\/expoposgrado\/facultades\/facultad-de-derecho\/","title":{"rendered":"Facultad de Derecho y Ciencias Sociales"},"content":{"rendered":"<div class=\"wpb-content-wrapper\"><p>[vc_row][vc_column width=&#8221;1\/6&#8243;][\/vc_column][vc_column width=&#8221;2\/3&#8243;][vc_video link=&#8221;https:\/\/youtu.be\/fW_KEnBL29Y&#8221;][\/vc_column][vc_column width=&#8221;1\/6&#8243;][\/vc_column][\/vc_row][vc_row wrap_container=&#8221;yes&#8221; conditional_render=&#8221;%5B%7B%22value_role%22%3A%22administrator%22%7D%5D&#8221;][vc_column width=&#8221;1\/3&#8243;][vc_custom_heading text=&#8221;Secretar\u00eda de Posgrado&#8221; font_container=&#8221;tag:h3|font_size:26|text_align:left|line_height:1&#8243; use_theme_fonts=&#8221;yes&#8221; font_weight=&#8221;700&#8243; letter_spacing=&#8221;-0.05&#8243; el_class=&#8221;zigzag pb-3 mb-4&#8243;][vc_custom_heading text=&#8221;Nuestra instituci\u00f3n, cuya trayectoria se remonta al a\u00f1o1938, forma el mayor n\u00famero de abogados y escribanos del NOA, lo que nos compromete a proporcionar estudios de nivel superior con pol\u00edticas de gesti\u00f3n que logren satisfacer los est\u00e1ndares exigidos por el Ministerio de Educaci\u00f3n de la Naci\u00f3n y acreditaciones ante CONEAU.<br \/>\nSuperamos satisfactoriamente esas exigencias y desde hace 15 a\u00f1os nuestra oferta de Posgrado se nutre de numerosas carreras, cursos y diplomaturas que por su contenido y los profesores que las dictan, consolidan a esta Unidad Acad\u00e9mica como el centro de formaci\u00f3n de posgrado m\u00e1s importante del NOA.&#8221; font_container=&#8221;tag:p|font_size:16|text_align:left&#8221; use_theme_fonts=&#8221;yes&#8221; letter_spacing=&#8221;0&#8243; animation_delay=&#8221;1000&#8243; el_class=&#8221;mb-4&#8243; animation_type=&#8221;fadeIn&#8221;][vc_custom_heading text=&#8221;Brindamos a la comunidad jur\u00eddica nuestro Doctorado en Derecho; carreras de Especializaci\u00f3n y Diplomaturas que abarcan derechos personalismos, actos jur\u00eddicos, derecho de empresa, de familia, de ni\u00f1ez, de innovaci\u00f3n, derecho privado en general, derecho parlamentario, derechos humanos y derecho a la salud. Adem\u00e1s de cursos que vamos renovando en funci\u00f3n a las \u00e1reas de vacancia.<br \/>\nEn pleno proceso de acreditaci\u00f3n de carreras ante CONEAU tambi\u00e9n hemos presentado la Maestr\u00eda en Derecho Administrativo que se halla en evaluaci\u00f3n como una nueva propuesta, procurando brindar la mejor calidad educativa en la formaci\u00f3n posgradual.&#8221; font_container=&#8221;tag:p|font_size:16|text_align:left&#8221; use_theme_fonts=&#8221;yes&#8221; letter_spacing=&#8221;0&#8243; animation_delay=&#8221;1000&#8243; el_class=&#8221;mb-4&#8243; animation_type=&#8221;fadeIn&#8221;][\/vc_column][vc_column width=&#8221;1\/3&#8243;][vc_custom_heading text=&#8221;Posgrados&#8221; font_container=&#8221;tag:h3|font_size:26|text_align:left|line_height:1&#8243; use_theme_fonts=&#8221;yes&#8221; font_weight=&#8221;700&#8243; letter_spacing=&#8221;-0.05&#8243; el_class=&#8221;zigzag pb-3 mb-4&#8243;][vc_custom_heading text=&#8221;Doctorado en Derecho&#8221; font_container=&#8221;tag:p|font_size:16|text_align:left|line_height:1.5&#8243; use_theme_fonts=&#8221;yes&#8221; font_weight=&#8221;500&#8243; animation_delay=&#8221;200&#8243; animation_type=&#8221;fadeIn&#8221; el_class=&#8221;mb-4 list-unstyled&#8221; link=&#8221;url:https%3A%2F%2Fwww.derecho.unt.edu.ar%2Fcontenido.php%3Ftipo%3Dposgrado%26subtipo%3Ddoctorado|target:_blank&#8221;][vc_custom_heading text=&#8221;Especializaci\u00f3n en Derecho Penal&#8221; font_container=&#8221;tag:p|font_size:16|text_align:left|line_height:1.5&#8243; use_theme_fonts=&#8221;yes&#8221; font_weight=&#8221;500&#8243; animation_delay=&#8221;200&#8243; animation_type=&#8221;fadeIn&#8221; el_class=&#8221;mb-4 list-unstyled&#8221; link=&#8221;url:https%3A%2F%2Fwww.derecho.unt.edu.ar%2Fcontenido.php%3Ftipo%3Dposgrado%26subtipo%3Despecializaciones%26microtipo%3Despecializacionpenal|target:_blank&#8221;][vc_custom_heading text=&#8221;Especializaci\u00f3n en Derecho de Da\u00f1os&#8221; font_container=&#8221;tag:p|font_size:16|text_align:left|line_height:1.5&#8243; use_theme_fonts=&#8221;yes&#8221; font_weight=&#8221;500&#8243; animation_delay=&#8221;200&#8243; animation_type=&#8221;fadeIn&#8221; el_class=&#8221;mb-4 list-unstyled&#8221; link=&#8221;url:https%3A%2F%2Fwww.derecho.unt.edu.ar%2Fcontenido.php%3Ftipo%3Dposgrado%26subtipo%3Despecializaciones%26microtipo%3Despecializacionda%25C3%25B1os|target:_blank&#8221;][vc_custom_heading text=&#8221;Especializaci\u00f3n en Derecho Procesal&#8221; font_container=&#8221;tag:p|font_size:16|text_align:left|line_height:1.5&#8243; use_theme_fonts=&#8221;yes&#8221; font_weight=&#8221;500&#8243; animation_delay=&#8221;200&#8243; animation_type=&#8221;fadeIn&#8221; el_class=&#8221;mb-4 list-unstyled&#8221; link=&#8221;url:https%3A%2F%2Fwww.derecho.unt.edu.ar%2Fcontenido.php%3Ftipo%3Dposgrado%26subtipo%3Despecializaciones%26microtipo%3Despecializacionprocesal|target:_blank&#8221;][vc_custom_heading text=&#8221;Especializaci\u00f3n en Derecho Administrativo&#8221; font_container=&#8221;tag:p|font_size:16|text_align:left|line_height:1.5&#8243; use_theme_fonts=&#8221;yes&#8221; font_weight=&#8221;500&#8243; animation_delay=&#8221;200&#8243; animation_type=&#8221;fadeIn&#8221; el_class=&#8221;mb-4 list-unstyled&#8221; link=&#8221;url:https%3A%2F%2Fwww.derecho.unt.edu.ar%2Fcontenido.php%3Ftipo%3Dposgrado%26subtipo%3Despecializaciones%26microtipo%3Despecializacionadministrativo|target:_blank&#8221;][vc_custom_heading text=&#8221;Diplomatura Derecho a la Salud&#8221; font_container=&#8221;tag:p|font_size:16|text_align:left|line_height:1.5&#8243; use_theme_fonts=&#8221;yes&#8221; font_weight=&#8221;500&#8243; animation_delay=&#8221;200&#8243; animation_type=&#8221;fadeIn&#8221; el_class=&#8221;mb-4 list-unstyled&#8221; link=&#8221;url:https%3A%2F%2Fwww.derecho.unt.edu.ar%2Fcontenido.php%3Ftipo%3Dposgrado%26subtipo%3Ddiplomaturas|target:_blank&#8221;][vc_custom_heading text=&#8221;Diplomatura La Reforma del Proceso Civil y Comercial de Tucum\u00e1n&#8221; font_container=&#8221;tag:p|font_size:16|text_align:left|line_height:1.5&#8243; use_theme_fonts=&#8221;yes&#8221; font_weight=&#8221;500&#8243; animation_delay=&#8221;200&#8243; animation_type=&#8221;fadeIn&#8221; el_class=&#8221;mb-4 list-unstyled&#8221; link=&#8221;url:https%3A%2F%2Fwww.derecho.unt.edu.ar%2Fcontenido.php%3Ftipo%3Dposgrado%26subtipo%3Ddiplomaturas|target:_blank&#8221;][vc_custom_heading text=&#8221;Diplomatura Nuevos Derechos en materia de Ni\u00f1ez y Adolescencia&#8221; font_container=&#8221;tag:p|font_size:16|text_align:left|line_height:1.5&#8243; use_theme_fonts=&#8221;yes&#8221; font_weight=&#8221;500&#8243; animation_delay=&#8221;200&#8243; animation_type=&#8221;fadeIn&#8221; el_class=&#8221;mb-4 list-unstyled&#8221; link=&#8221;url:https%3A%2F%2Fwww.derecho.unt.edu.ar%2Fcontenido.php%3Ftipo%3Dposgrado%26subtipo%3Ddiplomaturas|target:_blank&#8221;][vc_custom_heading text=&#8221;Diplomatura Asesoramiento jur\u00eddico de la Empresa y el Mercado&#8221; font_container=&#8221;tag:p|font_size:16|text_align:left|line_height:1.5&#8243; use_theme_fonts=&#8221;yes&#8221; font_weight=&#8221;500&#8243; animation_delay=&#8221;200&#8243; animation_type=&#8221;fadeIn&#8221; el_class=&#8221;mb-4 list-unstyled&#8221; link=&#8221;url:https%3A%2F%2Fwww.derecho.unt.edu.ar%2Fcontenido.php%3Ftipo%3Dposgrado%26subtipo%3Ddiplomaturas|target:_blank&#8221;][vc_custom_heading text=&#8221;Diplomatura Ineficacia de los Actos Jur\u00eddicos&#8221; font_container=&#8221;tag:p|font_size:16|text_align:left|line_height:1.5&#8243; use_theme_fonts=&#8221;yes&#8221; font_weight=&#8221;500&#8243; animation_delay=&#8221;200&#8243; animation_type=&#8221;fadeIn&#8221; el_class=&#8221;mb-4 list-unstyled&#8221; link=&#8221;url:https%3A%2F%2Fwww.derecho.unt.edu.ar%2Fcontenido.php%3Ftipo%3Dposgrado%26subtipo%3Ddiplomaturas|target:_blank&#8221;][vc_custom_heading text=&#8221;Diplomatura Derecho &amp; innovaci\u00f3n&#8221; font_container=&#8221;tag:p|font_size:16|text_align:left|line_height:1.5&#8243; use_theme_fonts=&#8221;yes&#8221; font_weight=&#8221;500&#8243; animation_delay=&#8221;200&#8243; animation_type=&#8221;fadeIn&#8221; el_class=&#8221;mb-4 list-unstyled&#8221; link=&#8221;url:https%3A%2F%2Fwww.derecho.unt.edu.ar%2Fcontenido.php%3Ftipo%3Dposgrado%26subtipo%3Ddiplomaturas|target:_blank&#8221;][vc_custom_heading text=&#8221;Posdoctorado&#8221; font_container=&#8221;tag:p|font_size:16|text_align:left|line_height:1.5&#8243; use_theme_fonts=&#8221;yes&#8221; font_weight=&#8221;500&#8243; animation_delay=&#8221;200&#8243; animation_type=&#8221;fadeIn&#8221; el_class=&#8221;mb-4 list-unstyled&#8221; link=&#8221;url:https%3A%2F%2Fdrive.google.com%2Fdrive%2Ffolders%2F11UUSCgRO5QdwoZ9uzErTIPOaNjkaqY35%3Fusp%3Ddrive_link|target:_blank&#8221;][vc_custom_heading text=&#8221;Cursos de Posgrado&#8221; font_container=&#8221;tag:p|font_size:16|text_align:left|line_height:1.5&#8243; use_theme_fonts=&#8221;yes&#8221; font_weight=&#8221;500&#8243; animation_delay=&#8221;200&#8243; animation_type=&#8221;fadeIn&#8221; el_class=&#8221;mb-4 list-unstyled&#8221; link=&#8221;url:https%3A%2F%2Fwww.derecho.unt.edu.ar%2Fcontenido.php%3Ftipo%3Dposgrado%26subtipo%3Dcursosdeposgrado|target:_blank&#8221;][\/vc_column][vc_column width=&#8221;1\/3&#8243;][vc_custom_heading text=&#8221;Contacto&#8221; font_container=&#8221;tag:h3|font_size:26|text_align:left|line_height:1&#8243; use_theme_fonts=&#8221;yes&#8221; font_weight=&#8221;700&#8243; letter_spacing=&#8221;-0.05&#8243; el_class=&#8221;zigzag pb-3 mb-4&#8243;][vc_column_text]<strong>Direcci\u00f3n:<\/strong> 25 de Mayo 471 &#8211; San Miguel de Tucum\u00e1n &#8211; Tucum\u00e1n &#8211; Argentina<\/p>\n<p><strong>Tel<\/strong> <strong>WhatsApp:<\/strong> +54 9 3816468721<\/p>\n<p><strong>Mail:<\/strong> secretaria.posgrado@derecho.unt.edu.ar<\/p>\n<p><strong>Web:<\/strong> <a href=\"https:\/\/www.derecho.unt.edu.ar\/contenido.php?tipo=posgrado\" target=\"_blank\" rel=\"noopener\">www.derecho.unt.edu.ar\/posgrado<\/a>[\/vc_column_text][vc_single_image image=&#8221;1254&#8243; img_size=&#8221;full&#8221;]<div class=\"porto-u-icons\"><a class=\"porto-icon fab fa-facebook \"  style=\"color:#1e73be;font-size:32px;margin-right:5px;\" href=\"https:\/\/www.facebook.com\/profile.php?id=100005949195316\" target='_blank'><\/a><a class=\"porto-icon fab fa-instagram \"  style=\"color:#dd3333;font-size:32px;margin-right:5px;\" href=\"https:\/\/www.instagram.com\/posgradosderechount\/?hl=es\" target='_blank'><\/a><\/div>[\/vc_column][\/vc_row]<\/p>\n<\/div>","protected":false},"excerpt":{"rendered":"<p>[vc_row][vc_column width=&#8221;1\/6&#8243;][\/vc_column][vc_column width=&#8221;2\/3&#8243;][vc_video link=&#8221;https:\/\/youtu.be\/fW_KEnBL29Y&#8221;][\/vc_column][vc_column width=&#8221;1\/6&#8243;][\/vc_column][\/vc_row][vc_row wrap_container=&#8221;yes&#8221; conditional_render=&#8221;%5B%7B%22value_role%22%3A%22administrator%22%7D%5D&#8221;][vc_column width=&#8221;1\/3&#8243;][vc_custom_heading text=&#8221;Secretar\u00eda de Posgrado&#8221; font_container=&#8221;tag:h3|font_size:26|text_align:left|line_height:1&#8243; use_theme_fonts=&#8221;yes&#8221; font_weight=&#8221;700&#8243; letter_spacing=&#8221;-0.05&#8243; el_class=&#8221;zigzag pb-3 mb-4&#8243;][vc_custom_heading text=&#8221;Nuestra instituci\u00f3n, cuya trayectoria se remonta al a\u00f1o1938, forma el mayor n\u00famero de abogados y escribanos del NOA, lo que nos compromete a proporcionar estudios de nivel superior con pol\u00edticas de gesti\u00f3n que logren satisfacer los est\u00e1ndares [&hellip;]<\/p>\n","protected":false},"author":1,"featured_media":0,"parent":10,"menu_order":0,"comment_status":"closed","ping_status":"closed","template":"","meta":{"footnotes":""},"class_list":["post-647","page","type-page","status-publish","hentry"],"_links":{"self":[{"href":"https:\/\/www.unt.edu.ar\/expoposgrado\/wp-json\/wp\/v2\/pages\/647","targetHints":{"allow":["GET"]}}],"collection":[{"href":"https:\/\/www.unt.edu.ar\/expoposgrado\/wp-json\/wp\/v2\/pages"}],"about":[{"href":"https:\/\/www.unt.edu.ar\/expoposgrado\/wp-json\/wp\/v2\/types\/page"}],"author":[{"embeddable":true,"href":"https:\/\/www.unt.edu.ar\/expoposgrado\/wp-json\/wp\/v2\/users\/1"}],"replies":[{"embeddable":true,"href":"https:\/\/www.unt.edu.ar\/expoposgrado\/wp-json\/wp\/v2\/comments?post=647"}],"version-history":[{"count":36,"href":"https:\/\/www.unt.edu.ar\/expoposgrado\/wp-json\/wp\/v2\/pages\/647\/revisions"}],"predecessor-version":[{"id":1578,"href":"https:\/\/www.unt.edu.ar\/expoposgrado\/wp-json\/wp\/v2\/pages\/647\/revisions\/1578"}],"up":[{"embeddable":true,"href":"https:\/\/www.unt.edu.ar\/expoposgrado\/wp-json\/wp\/v2\/pages\/10"}],"wp:attachment":[{"href":"https:\/\/www.unt.edu.ar\/expoposgrado\/wp-json\/wp\/v2\/media?parent=647"}],"curies":[{"name":"wp","href":"https:\/\/api.w.org\/{rel}","templated":true}]}}