{"id":645,"date":"2022-09-22T15:46:45","date_gmt":"2022-09-22T18:46:45","guid":{"rendered":"https:\/\/www.unt.edu.ar\/expoposgrado\/?page_id=645"},"modified":"2023-08-08T19:27:44","modified_gmt":"2023-08-08T22:27:44","slug":"facultad-de-ciencias-naturales_eiml","status":"publish","type":"page","link":"https:\/\/www.unt.edu.ar\/expoposgrado\/facultades\/facultad-de-ciencias-naturales_eiml\/","title":{"rendered":"Facultad de Ciencias Naturales e IML"},"content":{"rendered":"<div class=\"wpb-content-wrapper\"><p>[vc_row][vc_column width=&#8221;1\/6&#8243;][\/vc_column][vc_column width=&#8221;2\/3&#8243;][vc_video link=&#8221;https:\/\/youtu.be\/bQ8ALZd8aMs&#8221;][\/vc_column][vc_column width=&#8221;1\/6&#8243;][\/vc_column][\/vc_row][vc_row wrap_container=&#8221;yes&#8221; conditional_render=&#8221;%5B%7B%22value_role%22%3A%22administrator%22%7D%5D&#8221;][vc_column width=&#8221;1\/3&#8243;][vc_custom_heading text=&#8221;Secretar\u00eda de Posgrado&#8221; font_container=&#8221;tag:h3|font_size:26|text_align:left|line_height:1&#8243; use_theme_fonts=&#8221;yes&#8221; font_weight=&#8221;700&#8243; letter_spacing=&#8221;-0.05&#8243; el_class=&#8221;zigzag pb-3 mb-4&#8243;][vc_custom_heading text=&#8221;La Secretar\u00eda de Posgrado de la Facultad de Ciencias Naturales e Instituto Miguel Lillo tiene como misi\u00f3n impulsar el desarrollo y consolidaci\u00f3n de estudios de cuarto nivel, coordinando actividades tendientes a generar y fortalecer la formaci\u00f3n de posgraduandos, mediante la oferta de diferentes l\u00edneas de posgrado y de cursos de formaci\u00f3n y actualizaci\u00f3n que se correlacionan de manera directa con las distintas carreras de grado de nuestra Facultad y en concordancia con los objetivos y pol\u00edticas de la Secretar\u00eda de Posgrado de la UNT.<br \/>\nLa oferta educativa propuesta es considerada de excelencia y con un alto impacto social que privilegia el desarrollo cient\u00edfico, tecnol\u00f3gico y human\u00edstico.&#8221; font_container=&#8221;tag:p|font_size:16|text_align:left&#8221; use_theme_fonts=&#8221;yes&#8221; letter_spacing=&#8221;0&#8243; animation_delay=&#8221;1000&#8243; el_class=&#8221;mb-4&#8243; animation_type=&#8221;fadeIn&#8221;][\/vc_column][vc_column width=&#8221;1\/3&#8243;][vc_custom_heading text=&#8221;Posgrados&#8221; font_container=&#8221;tag:h3|font_size:26|text_align:left|line_height:1&#8243; use_theme_fonts=&#8221;yes&#8221; font_weight=&#8221;700&#8243; letter_spacing=&#8221;-0.05&#8243; el_class=&#8221;zigzag pb-3 mb-4&#8243;][vc_custom_heading text=&#8221;Doctorado en Ciencias Biol\u00f3gicas&#8221; font_container=&#8221;tag:p|font_size:16|text_align:left|line_height:1.5&#8243; use_theme_fonts=&#8221;yes&#8221; font_weight=&#8221;500&#8243; animation_delay=&#8221;200&#8243; animation_type=&#8221;fadeIn&#8221; el_class=&#8221;mb-4 list-unstyled&#8221; link=&#8221;url:https%3A%2F%2Fwww.csnat.unt.edu.ar%2Fsecretarias%2Fposgrado%2Fdoctorado%2Fbiologia|target:_blank&#8221;][vc_custom_heading text=&#8221;Doctorado en Arqueolog\u00eda&#8221; font_container=&#8221;tag:p|font_size:16|text_align:left|line_height:1.5&#8243; use_theme_fonts=&#8221;yes&#8221; font_weight=&#8221;500&#8243; animation_delay=&#8221;200&#8243; animation_type=&#8221;fadeIn&#8221; el_class=&#8221;mb-4 list-unstyled&#8221; link=&#8221;url:https%3A%2F%2Fwww.csnat.unt.edu.ar%2Fsecretarias%2Fposgrado%2Fdoctorado%2Farqueologia|target:_blank&#8221;][vc_custom_heading text=&#8221;Doctorado en Geolog\u00eda&#8221; font_container=&#8221;tag:p|font_size:16|text_align:left|line_height:1.5&#8243; use_theme_fonts=&#8221;yes&#8221; font_weight=&#8221;500&#8243; animation_delay=&#8221;200&#8243; animation_type=&#8221;fadeIn&#8221; el_class=&#8221;mb-4 list-unstyled&#8221; link=&#8221;url:https%3A%2F%2Fwww.csnat.unt.edu.ar%2Fsecretarias%2Fposgrado%2Fdoctorado%2Fgeologia%2F2015-09-30-13-46-04|target:_blank&#8221;][vc_custom_heading text=&#8221;Doctorado en Riesgos Naturales y Estudios Geol\u00f3gicos de Campo&#8221; font_container=&#8221;tag:p|font_size:16|text_align:left|line_height:1.5&#8243; use_theme_fonts=&#8221;yes&#8221; font_weight=&#8221;500&#8243; animation_delay=&#8221;200&#8243; animation_type=&#8221;fadeIn&#8221; el_class=&#8221;mb-4 list-unstyled&#8221; link=&#8221;url:https%3A%2F%2Fwww.csnat.unt.edu.ar%2Fsecretarias%2Fposgrado%2Fdoctorado%2Friesgosnaturales|target:_blank&#8221;][vc_custom_heading text=&#8221;Maestr\u00eda en Entomolog\u00eda&#8221; font_container=&#8221;tag:p|font_size:16|text_align:left|line_height:1.5&#8243; use_theme_fonts=&#8221;yes&#8221; font_weight=&#8221;500&#8243; animation_delay=&#8221;200&#8243; animation_type=&#8221;fadeIn&#8221; el_class=&#8221;mb-4 list-unstyled&#8221; link=&#8221;url:https%3A%2F%2Fwww.csnat.unt.edu.ar%2Fsecretarias%2Fposgrado%2Fmaestria%2Fentomologia|target:_blank&#8221;][vc_custom_heading text=&#8221;Maestr\u00eda en Gesti\u00f3n Ambiental&#8221; font_container=&#8221;tag:p|font_size:16|text_align:left|line_height:1.5&#8243; use_theme_fonts=&#8221;yes&#8221; font_weight=&#8221;500&#8243; animation_delay=&#8221;200&#8243; animation_type=&#8221;fadeIn&#8221; el_class=&#8221;mb-4 list-unstyled&#8221; link=&#8221;url:https%3A%2F%2Fwww.csnat.unt.edu.ar%2Fsecretarias%2Fposgrado%2Fmaestria%2Fgestionambiental|target:_blank&#8221;][vc_custom_heading text=&#8221;Maestr\u00eda en Museolog\u00eda&#8221; font_container=&#8221;tag:p|font_size:16|text_align:left|line_height:1.5&#8243; use_theme_fonts=&#8221;yes&#8221; font_weight=&#8221;500&#8243; animation_delay=&#8221;200&#8243; animation_type=&#8221;fadeIn&#8221; el_class=&#8221;mb-4 list-unstyled&#8221; link=&#8221;url:https%3A%2F%2Fwww.csnat.unt.edu.ar%2Fsecretarias%2Fposgrado%2Fmaestria%2Fmuseologia|target:_blank&#8221;][\/vc_column][vc_column width=&#8221;1\/3&#8243;][vc_custom_heading text=&#8221;Contacto&#8221; font_container=&#8221;tag:h3|font_size:26|text_align:left|line_height:1&#8243; use_theme_fonts=&#8221;yes&#8221; font_weight=&#8221;700&#8243; letter_spacing=&#8221;-0.05&#8243; el_class=&#8221;zigzag pb-3 mb-4&#8243;][vc_column_text]<strong>Direcci\u00f3n: <\/strong>Facultad de Ciencias Naturales e IML &#8211; Anexo San Mart\u00edn &#8211; San Mart\u00edn 1545 &#8211; San Miguel de Tucum\u00e1n &#8211; Tucum\u00e1n &#8211; Argentina<\/p>\n<p><strong>Tel:<\/strong> 0381 &#8211; 4330633 Int. 1009<\/p>\n<p><strong>Mail: <\/strong>posgrado@csnat.unt.edu.ar<\/p>\n<p><strong>Web:<\/strong> <a href=\"https:\/\/www.csnat.unt.edu.ar\/secretarias\/posgrado\" target=\"_blank\" rel=\"noopener\">csnat.unt.edu.ar\/secretarias\/posgrado<\/a>[\/vc_column_text][vc_single_image image=&#8221;1267&#8243; img_size=&#8221;full&#8221;]<div class=\"porto-u-icons\"><a class=\"porto-icon fab fa-instagram \"  style=\"color:#dd3333;font-size:32px;margin-right:5px;\" href=\"https:\/\/www.instagram.com\/facultadcienciasnaturalesiml\/\" target='_blank'><\/a><\/div>[\/vc_column][\/vc_row]<\/p>\n<\/div>","protected":false},"excerpt":{"rendered":"<p>[vc_row][vc_column width=&#8221;1\/6&#8243;][\/vc_column][vc_column width=&#8221;2\/3&#8243;][vc_video link=&#8221;https:\/\/youtu.be\/bQ8ALZd8aMs&#8221;][\/vc_column][vc_column width=&#8221;1\/6&#8243;][\/vc_column][\/vc_row][vc_row wrap_container=&#8221;yes&#8221; conditional_render=&#8221;%5B%7B%22value_role%22%3A%22administrator%22%7D%5D&#8221;][vc_column width=&#8221;1\/3&#8243;][vc_custom_heading text=&#8221;Secretar\u00eda de Posgrado&#8221; font_container=&#8221;tag:h3|font_size:26|text_align:left|line_height:1&#8243; use_theme_fonts=&#8221;yes&#8221; font_weight=&#8221;700&#8243; letter_spacing=&#8221;-0.05&#8243; el_class=&#8221;zigzag pb-3 mb-4&#8243;][vc_custom_heading text=&#8221;La Secretar\u00eda de Posgrado de la Facultad de Ciencias Naturales e Instituto Miguel Lillo tiene como misi\u00f3n impulsar el desarrollo y consolidaci\u00f3n de estudios de cuarto nivel, coordinando actividades tendientes a generar y fortalecer la formaci\u00f3n de [&hellip;]<\/p>\n","protected":false},"author":1,"featured_media":0,"parent":10,"menu_order":0,"comment_status":"closed","ping_status":"closed","template":"","meta":{"footnotes":""},"class_list":["post-645","page","type-page","status-publish","hentry"],"_links":{"self":[{"href":"https:\/\/www.unt.edu.ar\/expoposgrado\/wp-json\/wp\/v2\/pages\/645","targetHints":{"allow":["GET"]}}],"collection":[{"href":"https:\/\/www.unt.edu.ar\/expoposgrado\/wp-json\/wp\/v2\/pages"}],"about":[{"href":"https:\/\/www.unt.edu.ar\/expoposgrado\/wp-json\/wp\/v2\/types\/page"}],"author":[{"embeddable":true,"href":"https:\/\/www.unt.edu.ar\/expoposgrado\/wp-json\/wp\/v2\/users\/1"}],"replies":[{"embeddable":true,"href":"https:\/\/www.unt.edu.ar\/expoposgrado\/wp-json\/wp\/v2\/comments?post=645"}],"version-history":[{"count":27,"href":"https:\/\/www.unt.edu.ar\/expoposgrado\/wp-json\/wp\/v2\/pages\/645\/revisions"}],"predecessor-version":[{"id":1575,"href":"https:\/\/www.unt.edu.ar\/expoposgrado\/wp-json\/wp\/v2\/pages\/645\/revisions\/1575"}],"up":[{"embeddable":true,"href":"https:\/\/www.unt.edu.ar\/expoposgrado\/wp-json\/wp\/v2\/pages\/10"}],"wp:attachment":[{"href":"https:\/\/www.unt.edu.ar\/expoposgrado\/wp-json\/wp\/v2\/media?parent=645"}],"curies":[{"name":"wp","href":"https:\/\/api.w.org\/{rel}","templated":true}]}}