{"id":643,"date":"2022-09-22T15:46:23","date_gmt":"2022-09-22T18:46:23","guid":{"rendered":"https:\/\/www.unt.edu.ar\/expoposgrado\/?page_id=643"},"modified":"2023-08-08T19:27:34","modified_gmt":"2023-08-08T22:27:34","slug":"facultad-de-ciencias-exactas-y-tecnologia","status":"publish","type":"page","link":"https:\/\/www.unt.edu.ar\/expoposgrado\/facultades\/facultad-de-ciencias-exactas-y-tecnologia\/","title":{"rendered":"Facultad de Ciencias Exactas y Tecnolog\u00eda"},"content":{"rendered":"<div class=\"wpb-content-wrapper\"><p>[vc_row][vc_column width=&#8221;1\/6&#8243;][\/vc_column][vc_column width=&#8221;2\/3&#8243;][vc_video link=&#8221;https:\/\/youtu.be\/8ve7koEe45A&#8221;][\/vc_column][vc_column width=&#8221;1\/6&#8243;][\/vc_column][\/vc_row][vc_row wrap_container=&#8221;yes&#8221; conditional_render=&#8221;%5B%7B%22value_role%22%3A%22administrator%22%7D%5D&#8221;][vc_column width=&#8221;1\/3&#8243;][vc_custom_heading text=&#8221;Departamento de Posgrado&#8221; font_container=&#8221;tag:h3|font_size:26|text_align:left|line_height:1&#8243; use_theme_fonts=&#8221;yes&#8221; font_weight=&#8221;700&#8243; letter_spacing=&#8221;-0.05&#8243; el_class=&#8221;zigzag pb-3 mb-4&#8243;][vc_custom_heading text=&#8221;El Departamento de Posgrado promueve, gestiona y coordina todas las actividades de posgrado dentro del \u00e1mbito de nuestra facultad y tiene como principal objetivo la formaci\u00f3n de docentes y egresados en el m\u00e1s alto nivel acad\u00e9mico, a trav\u00e9s de carreras de doctorado, maestr\u00edas, especializaciones y distintas actividades curriculares de formaci\u00f3n y de actualizaci\u00f3n profesional.<br \/>\nCuenta con carreras de Doctorado, que tienen por objeto la formaci\u00f3n de posgraduados que puedan lograr aportes originales en un marco de excelencia acad\u00e9mica. Esa formaci\u00f3n debe centrarse fundamentalmente en torno a la investigaci\u00f3n desde la que se procurar\u00e1 obtener los aportes buscados.&#8221; font_container=&#8221;tag:p|font_size:16|text_align:left&#8221; use_theme_fonts=&#8221;yes&#8221; letter_spacing=&#8221;0&#8243; animation_delay=&#8221;1000&#8243; el_class=&#8221;mb-4&#8243; animation_type=&#8221;fadeIn&#8221;][vc_custom_heading text=&#8221;Dicta Maestr\u00edas que proporcionan una formaci\u00f3n acad\u00e9mica y\/o profesional; profundizan el conocimiento te\u00f3rico, metodol\u00f3gico, tecnol\u00f3gico, de gesti\u00f3n o art\u00edstico, en funci\u00f3n del estado de desarrollo correspondiente a una disciplina, \u00e1rea interdisciplinaria o campo profesional de una o m\u00e1s profesiones.<br \/>\nTambi\u00e9n brinda Especializaciones, dictadas para profundizar el dominio de un tema o \u00e1rea determinada dentro de un campo profesional o de diferentes profesiones; incluyendo un componente de pr\u00e1ctica intensiva.<br \/>\nAdem\u00e1s, se dictan diplomaturas y numerosos cursos de postgrado.&#8221; font_container=&#8221;tag:p|font_size:16|text_align:left&#8221; use_theme_fonts=&#8221;yes&#8221; letter_spacing=&#8221;0&#8243; animation_delay=&#8221;1000&#8243; el_class=&#8221;mb-4&#8243; animation_type=&#8221;fadeIn&#8221;][\/vc_column][vc_column width=&#8221;1\/3&#8243;][vc_custom_heading text=&#8221;Posgrados&#8221; font_container=&#8221;tag:h3|font_size:26|text_align:left|line_height:1&#8243; use_theme_fonts=&#8221;yes&#8221; font_weight=&#8221;700&#8243; letter_spacing=&#8221;-0.05&#8243; el_class=&#8221;zigzag pb-3 mb-4&#8243;][vc_custom_heading text=&#8221;Doctorado en Ciencias Exactas e Ingenier\u00eda&#8221; font_container=&#8221;tag:p|font_size:16|text_align:left|line_height:1.5&#8243; use_theme_fonts=&#8221;yes&#8221; font_weight=&#8221;500&#8243; animation_delay=&#8221;200&#8243; animation_type=&#8221;fadeIn&#8221; el_class=&#8221;mb-4 list-unstyled&#8221; link=&#8221;url:https%3A%2F%2Fwww.facet.unt.edu.ar%2Fposgrado%2Fdoctorado-en-ciencias-exactas-e-ingenieria%2F|target:_blank&#8221;][vc_custom_heading text=&#8221;Doctorado en Ingenier\u00eda&#8221; font_container=&#8221;tag:p|font_size:16|text_align:left|line_height:1.5&#8243; use_theme_fonts=&#8221;yes&#8221; font_weight=&#8221;500&#8243; animation_delay=&#8221;200&#8243; animation_type=&#8221;fadeIn&#8221; el_class=&#8221;mb-4 list-unstyled&#8221; link=&#8221;url:https%3A%2F%2Fwww.facet.unt.edu.ar%2Fposgrado%2Fdoctorado-en-ingenieria%2F|target:_blank&#8221;][vc_custom_heading text=&#8221;Doctorado en Ciencias y Tecnolog\u00edas de la Luz&#8221; font_container=&#8221;tag:p|font_size:16|text_align:left|line_height:1.5&#8243; use_theme_fonts=&#8221;yes&#8221; font_weight=&#8221;500&#8243; animation_delay=&#8221;200&#8243; animation_type=&#8221;fadeIn&#8221; el_class=&#8221;mb-4 list-unstyled&#8221; link=&#8221;url:https%3A%2F%2Fwww.facet.unt.edu.ar%2Fposgrado%2Fdoctorado-en-ciencias-y-tecnologias-de-la-luz%2F|target:_blank&#8221;][vc_custom_heading text=&#8221;Doctorado en Ciencia y Tecnolog\u00eda de Alimentos&#8221; font_container=&#8221;tag:p|font_size:16|text_align:left|line_height:1.5&#8243; use_theme_fonts=&#8221;yes&#8221; font_weight=&#8221;500&#8243; animation_delay=&#8221;200&#8243; animation_type=&#8221;fadeIn&#8221; el_class=&#8221;mb-4 list-unstyled&#8221; link=&#8221;url:https%3A%2F%2Fwww.facet.unt.edu.ar%2Fposgrado%2Fdoctorado-en-ciencia-y-tecnologia-de-alimentos%2F|target:_blank&#8221;][vc_custom_heading text=&#8221;Doctorado en Ingenier\u00eda Industrial&#8221; font_container=&#8221;tag:p|font_size:16|text_align:left|line_height:1.5&#8243; use_theme_fonts=&#8221;yes&#8221; font_weight=&#8221;500&#8243; animation_delay=&#8221;200&#8243; animation_type=&#8221;fadeIn&#8221; el_class=&#8221;mb-4 list-unstyled&#8221; link=&#8221;url:https%3A%2F%2Fwww.facet.unt.edu.ar%2Fposgrado%2Fdoctorado-en-ingenieria-industrial%2F|target:_blank&#8221;][vc_custom_heading text=&#8221;Doctorado en Ciencias Biol\u00f3gicas&#8221; font_container=&#8221;tag:p|font_size:16|text_align:left|line_height:1.5&#8243; use_theme_fonts=&#8221;yes&#8221; font_weight=&#8221;500&#8243; animation_delay=&#8221;200&#8243; animation_type=&#8221;fadeIn&#8221; el_class=&#8221;mb-4 list-unstyled&#8221; link=&#8221;url:https%3A%2F%2Fwww.facet.unt.edu.ar%2Fposgrado%2Fdoctorado-en-ciencias-biologicas%2F|target:_blank&#8221;][vc_custom_heading text=&#8221;Maestr\u00eda en Ingenier\u00eda Estructural&#8221; font_container=&#8221;tag:p|font_size:16|text_align:left|line_height:1.5&#8243; use_theme_fonts=&#8221;yes&#8221; font_weight=&#8221;500&#8243; animation_delay=&#8221;200&#8243; animation_type=&#8221;fadeIn&#8221; el_class=&#8221;mb-4 list-unstyled&#8221; link=&#8221;url:https%3A%2F%2Fwww.facet.unt.edu.ar%2Fposgrado%2Fmaestria-en-ingenieria-estructural%2F|target:_blank&#8221;][vc_custom_heading text=&#8221;Maestr\u00eda en Ingenier\u00eda Geot\u00e9cnica&#8221; font_container=&#8221;tag:p|font_size:16|text_align:left|line_height:1.5&#8243; use_theme_fonts=&#8221;yes&#8221; font_weight=&#8221;500&#8243; animation_delay=&#8221;200&#8243; animation_type=&#8221;fadeIn&#8221; el_class=&#8221;mb-4 list-unstyled&#8221; link=&#8221;url:https%3A%2F%2Fwww.facet.unt.edu.ar%2Fposgrado%2Fmaestria-en-ingenieria-geotecnica%2F%20|target:_blank&#8221;][vc_custom_heading text=&#8221;Maestr\u00eda en Luminotecnia&#8221; font_container=&#8221;tag:p|font_size:16|text_align:left|line_height:1.5&#8243; use_theme_fonts=&#8221;yes&#8221; font_weight=&#8221;500&#8243; animation_delay=&#8221;200&#8243; animation_type=&#8221;fadeIn&#8221; el_class=&#8221;mb-4 list-unstyled&#8221; link=&#8221;url:https%3A%2F%2Fwww.facet.unt.edu.ar%2Fposgrado%2Fmaestria-en-luminotecnia%2F|target:_blank&#8221;][vc_custom_heading text=&#8221;Maestr\u00eda en Matem\u00e1tica&#8221; font_container=&#8221;tag:p|font_size:16|text_align:left|line_height:1.5&#8243; use_theme_fonts=&#8221;yes&#8221; font_weight=&#8221;500&#8243; animation_delay=&#8221;200&#8243; animation_type=&#8221;fadeIn&#8221; el_class=&#8221;mb-4 list-unstyled&#8221; link=&#8221;url:https%3A%2F%2Fwww.facet.unt.edu.ar%2Fposgrado%2Fmaestria-en-matematica%2F|target:_blank&#8221;][vc_custom_heading text=&#8221;Maestr\u00eda en M\u00e9todos Num\u00e9ricos y Computacionales en Ingenier\u00eda&#8221; font_container=&#8221;tag:p|font_size:16|text_align:left|line_height:1.5&#8243; use_theme_fonts=&#8221;yes&#8221; font_weight=&#8221;500&#8243; animation_delay=&#8221;200&#8243; animation_type=&#8221;fadeIn&#8221; el_class=&#8221;mb-4 list-unstyled&#8221; link=&#8221;url:https%3A%2F%2Fwww.facet.unt.edu.ar%2Fposgrado%2Fmaestria-en-metodos-numericos-y-computacionales-en-ingenieria%2F|target:_blank&#8221;][vc_custom_heading text=&#8221;Maestr\u00eda en Proyectos de Ingenier\u00eda&#8221; font_container=&#8221;tag:p|font_size:16|text_align:left|line_height:1.5&#8243; use_theme_fonts=&#8221;yes&#8221; font_weight=&#8221;500&#8243; animation_delay=&#8221;200&#8243; animation_type=&#8221;fadeIn&#8221; el_class=&#8221;mb-4 list-unstyled&#8221; link=&#8221;url:https%3A%2F%2Fwww.facet.unt.edu.ar%2Fposgrado%2Fmaestria-en-proyectos-de-ingenieria%2F|target:_blank&#8221;][vc_custom_heading text=&#8221;Maestr\u00eda en Gesti\u00f3n de la Tecnolog\u00eda y la Innovaci\u00f3n&#8221; font_container=&#8221;tag:p|font_size:16|text_align:left|line_height:1.5&#8243; use_theme_fonts=&#8221;yes&#8221; font_weight=&#8221;500&#8243; animation_delay=&#8221;200&#8243; animation_type=&#8221;fadeIn&#8221; el_class=&#8221;mb-4 list-unstyled&#8221; link=&#8221;url:https%3A%2F%2Fwww.facet.unt.edu.ar%2Fposgrado%2Fmaestria-en-gestion-de-la-tecnologia-y-la-innovacion%2F|target:_blank&#8221;][vc_custom_heading text=&#8221;Especializaci\u00f3n en Integraci\u00f3n de Tecnolog\u00edas Inform\u00e1ticas&#8221; font_container=&#8221;tag:p|font_size:16|text_align:left|line_height:1.5&#8243; use_theme_fonts=&#8221;yes&#8221; font_weight=&#8221;500&#8243; animation_delay=&#8221;200&#8243; animation_type=&#8221;fadeIn&#8221; el_class=&#8221;mb-4 list-unstyled&#8221; link=&#8221;url:https%3A%2F%2Fwww.facet.unt.edu.ar%2Fposgrado%2Fespecializacion-en-integracion-de-tecnologias-informaticas%2F|target:_blank&#8221;][vc_custom_heading text=&#8221;Especializaci\u00f3n en Medio Ambiente Visual e Iluminaci\u00f3n Eficiente&#8221; font_container=&#8221;tag:p|font_size:16|text_align:left|line_height:1.5&#8243; use_theme_fonts=&#8221;yes&#8221; font_weight=&#8221;500&#8243; animation_delay=&#8221;200&#8243; animation_type=&#8221;fadeIn&#8221; el_class=&#8221;mb-4 list-unstyled&#8221; link=&#8221;url:https%3A%2F%2Fwww.facet.unt.edu.ar%2Fposgrado%2Fesp-en-medio-ambiente-visual-e-iluminacion-eficiente%2F|target:_blank&#8221;][vc_custom_heading text=&#8221;Especializaci\u00f3n en Gesti\u00f3n Industrial&#8221; font_container=&#8221;tag:p|font_size:16|text_align:left|line_height:1.5&#8243; use_theme_fonts=&#8221;yes&#8221; font_weight=&#8221;500&#8243; animation_delay=&#8221;200&#8243; animation_type=&#8221;fadeIn&#8221; el_class=&#8221;mb-4 list-unstyled&#8221; link=&#8221;url:https%3A%2F%2Fwww.facet.unt.edu.ar%2Fposgrado%2Fespecializacion-en-gestion-industrial%2F|target:_blank&#8221;][\/vc_column][vc_column width=&#8221;1\/3&#8243;][vc_custom_heading text=&#8221;Contacto&#8221; font_container=&#8221;tag:h3|font_size:26|text_align:left|line_height:1&#8243; use_theme_fonts=&#8221;yes&#8221; font_weight=&#8221;700&#8243; letter_spacing=&#8221;-0.05&#8243; el_class=&#8221;zigzag pb-3 mb-4&#8243;][vc_column_text]<strong>Direcci\u00f3n:<\/strong> Centro Universitario Ing. R. Herrera &#8211; Av. Independencia 1800, Block 3, 2\u00b0 Piso &#8211; San Miguel de Tucum\u00e1n &#8211; Tucum\u00e1n &#8211; Argentina<\/p>\n<p><strong>Tel:<\/strong> 0381- 4364093, interno 7580<\/p>\n<p><strong>Mail:<\/strong> postgrado_facet@herrera.unt.edu.ar<\/p>\n<p><strong>Web:<\/strong> <a href=\"https:\/\/www.facet.unt.edu.ar\/posgrado\/\" target=\"_blank\" rel=\"noopener\">facet.unt.edu.ar\/posgrado<\/a>[\/vc_column_text][vc_single_image image=&#8221;1247&#8243; img_size=&#8221;full&#8221;]<div class=\"porto-u-icons\"><a class=\"porto-icon fab fa-facebook \"  style=\"color:#1e73be;font-size:32px;margin-right:5px;\" href=\"https:\/\/www.facebook.com\/facet.unt\/\" target='_blank'><\/a><a class=\"porto-icon fab fa-twitter \"  style=\"color:#32d3d3;font-size:32px;margin-right:5px;\" href=\"https:\/\/twitter.com\/facetuntoficial\" target='_blank'><\/a><a class=\"porto-icon fab fa-instagram \"  style=\"color:#dd3333;font-size:32px;margin-right:5px;\" href=\"https:\/\/www.instagram.com\/facetoficial.unt\/\" target='_blank'><\/a><\/div>[\/vc_column][\/vc_row]<\/p>\n<\/div>","protected":false},"excerpt":{"rendered":"<p>[vc_row][vc_column width=&#8221;1\/6&#8243;][\/vc_column][vc_column width=&#8221;2\/3&#8243;][vc_video link=&#8221;https:\/\/youtu.be\/8ve7koEe45A&#8221;][\/vc_column][vc_column width=&#8221;1\/6&#8243;][\/vc_column][\/vc_row][vc_row wrap_container=&#8221;yes&#8221; conditional_render=&#8221;%5B%7B%22value_role%22%3A%22administrator%22%7D%5D&#8221;][vc_column width=&#8221;1\/3&#8243;][vc_custom_heading text=&#8221;Departamento de Posgrado&#8221; font_container=&#8221;tag:h3|font_size:26|text_align:left|line_height:1&#8243; use_theme_fonts=&#8221;yes&#8221; font_weight=&#8221;700&#8243; letter_spacing=&#8221;-0.05&#8243; el_class=&#8221;zigzag pb-3 mb-4&#8243;][vc_custom_heading text=&#8221;El Departamento de Posgrado promueve, gestiona y coordina todas las actividades de posgrado dentro del \u00e1mbito de nuestra facultad y tiene como principal objetivo la formaci\u00f3n de docentes y egresados en el m\u00e1s alto nivel acad\u00e9mico, a [&hellip;]<\/p>\n","protected":false},"author":1,"featured_media":0,"parent":10,"menu_order":0,"comment_status":"closed","ping_status":"closed","template":"","meta":{"footnotes":""},"class_list":["post-643","page","type-page","status-publish","hentry"],"_links":{"self":[{"href":"https:\/\/www.unt.edu.ar\/expoposgrado\/wp-json\/wp\/v2\/pages\/643","targetHints":{"allow":["GET"]}}],"collection":[{"href":"https:\/\/www.unt.edu.ar\/expoposgrado\/wp-json\/wp\/v2\/pages"}],"about":[{"href":"https:\/\/www.unt.edu.ar\/expoposgrado\/wp-json\/wp\/v2\/types\/page"}],"author":[{"embeddable":true,"href":"https:\/\/www.unt.edu.ar\/expoposgrado\/wp-json\/wp\/v2\/users\/1"}],"replies":[{"embeddable":true,"href":"https:\/\/www.unt.edu.ar\/expoposgrado\/wp-json\/wp\/v2\/comments?post=643"}],"version-history":[{"count":28,"href":"https:\/\/www.unt.edu.ar\/expoposgrado\/wp-json\/wp\/v2\/pages\/643\/revisions"}],"predecessor-version":[{"id":1573,"href":"https:\/\/www.unt.edu.ar\/expoposgrado\/wp-json\/wp\/v2\/pages\/643\/revisions\/1573"}],"up":[{"embeddable":true,"href":"https:\/\/www.unt.edu.ar\/expoposgrado\/wp-json\/wp\/v2\/pages\/10"}],"wp:attachment":[{"href":"https:\/\/www.unt.edu.ar\/expoposgrado\/wp-json\/wp\/v2\/media?parent=643"}],"curies":[{"name":"wp","href":"https:\/\/api.w.org\/{rel}","templated":true}]}}