{"id":641,"date":"2022-09-22T15:45:46","date_gmt":"2022-09-22T18:45:46","guid":{"rendered":"https:\/\/www.unt.edu.ar\/expoposgrado\/?page_id=641"},"modified":"2023-08-09T00:26:57","modified_gmt":"2023-08-09T03:26:57","slug":"facultad-de-ciencias-economicas","status":"publish","type":"page","link":"https:\/\/www.unt.edu.ar\/expoposgrado\/facultades\/facultad-de-ciencias-economicas\/","title":{"rendered":"Facultad de Ciencias Econ\u00f3micas"},"content":{"rendered":"<div class=\"wpb-content-wrapper\"><p>[vc_row][vc_column width=&#8221;1\/6&#8243;][\/vc_column][vc_column width=&#8221;2\/3&#8243;][vc_video link=&#8221;https:\/\/youtu.be\/tpbMDpwd9vo&#8221;][\/vc_column][vc_column width=&#8221;1\/6&#8243;][\/vc_column][\/vc_row][vc_row wrap_container=&#8221;yes&#8221; conditional_render=&#8221;%5B%7B%22value_role%22%3A%22administrator%22%7D%5D&#8221;][vc_column width=&#8221;1\/3&#8243;][vc_custom_heading text=&#8221;Secretar\u00eda de Ciencia, T\u00e9cnica y Posgrado&#8221; font_container=&#8221;tag:h3|font_size:26|text_align:left|line_height:1&#8243; use_theme_fonts=&#8221;yes&#8221; font_weight=&#8221;700&#8243; letter_spacing=&#8221;-0.05&#8243; el_class=&#8221;zigzag pb-3 mb-4&#8243;][vc_custom_heading text=&#8221;Desde nuestra Facultad, en el af\u00e1n de formar graduados universitarios con el m\u00e1s alto nivel acad\u00e9mico, surge Econ\u00f3micas Posgrados, una actual y moderna oferta acad\u00e9mica.&#8221; font_container=&#8221;tag:p|font_size:16|text_align:left&#8221; use_theme_fonts=&#8221;yes&#8221; letter_spacing=&#8221;0&#8243; animation_delay=&#8221;&#8221; el_class=&#8221;mb-4&#8243; animation_type=&#8221;fadeIn&#8221;][vc_custom_heading text=&#8221;Con una mirada centrada en los profesionales del futuro, Econ\u00f3micas Posgrados, brinda un servicio de excelencia educativa, con tecnolog\u00eda de punta en cuanto a infraestructura y el aval de prestigiosos docentes de reconocida trayectoria nacional e internacional. Todo esto respaldado por la Facultad de Ciencias Econ\u00f3micas, instituci\u00f3n de prestigio y pionera en la formaci\u00f3n acad\u00e9mica de posgrados.&#8221; font_container=&#8221;tag:p|font_size:16|text_align:left&#8221; use_theme_fonts=&#8221;yes&#8221; letter_spacing=&#8221;0&#8243; animation_delay=&#8221;&#8221; el_class=&#8221;mb-4&#8243; animation_type=&#8221;fadeIn&#8221;][vc_custom_heading text=&#8221;Esta pol\u00edtica educativa se orienta a la formaci\u00f3n de recursos humanos para la docencia universitaria, la investigaci\u00f3n cient\u00edfica, la especializaci\u00f3n, el mejoramiento de la pr\u00e1ctica profesional y la actualizaci\u00f3n de conocimientos en los distintos campos disciplinares. Todos los programas que se ofrecen en tal sentido, est\u00e1n dirigidos a profesionales de diversas disciplinas, aportando una visi\u00f3n global y \u00e9tica.&#8221; font_container=&#8221;tag:p|font_size:16|text_align:left&#8221; use_theme_fonts=&#8221;yes&#8221; letter_spacing=&#8221;0&#8243; animation_delay=&#8221;&#8221; el_class=&#8221;mb-4&#8243; animation_type=&#8221;fadeIn&#8221;][vc_custom_heading text=&#8221;La idea de esta oferta acad\u00e9mica de posgrado es contemplar las exigencias del mercado laboral actual, como as\u00ed tambi\u00e9n ofrecer a los estudiantes una constante actualizaci\u00f3n profesional que les permita adaptarse continuamente a un entorno din\u00e1mico, complejo y global; potenciando sus habilidades, desarrollando la reflexi\u00f3n cr\u00edtica e impulsando la creatividad. De esta manera, este proyecto educativo se convierte en un elemento transversal diferenciador.&#8221; font_container=&#8221;tag:p|font_size:16|text_align:left&#8221; use_theme_fonts=&#8221;yes&#8221; letter_spacing=&#8221;0&#8243; animation_delay=&#8221;&#8221; el_class=&#8221;mb-4&#8243; animation_type=&#8221;fadeIn&#8221;][vc_custom_heading text=&#8221;Adem\u00e1s, los programas de estudio basados en los est\u00e1ndares internacionales de posgrados, ofrecen una rigurosa formaci\u00f3n que incluye el an\u00e1lisis exhaustivo del material te\u00f3rico, combinado con el an\u00e1lisis de casos, role-playing, simulaciones, y experiencias fuera y dentro del aula. Una formaci\u00f3n integral que genera excelencia acad\u00e9mica y competitividad profesional.&#8221; font_container=&#8221;tag:p|font_size:16|text_align:left&#8221; use_theme_fonts=&#8221;yes&#8221; letter_spacing=&#8221;0&#8243; animation_delay=&#8221;&#8221; el_class=&#8221;mb-4&#8243; animation_type=&#8221;fadeIn&#8221;][vc_custom_heading text=&#8221;Econ\u00f3micas Posgrados, presenta una excelente combinaci\u00f3n de tradici\u00f3n educativa y vanguardia del conocimiento.&#8221; font_container=&#8221;tag:p|font_size:16|text_align:left&#8221; use_theme_fonts=&#8221;yes&#8221; letter_spacing=&#8221;0&#8243; animation_delay=&#8221;&#8221; el_class=&#8221;mb-4&#8243; animation_type=&#8221;fadeIn&#8221;][\/vc_column][vc_column width=&#8221;1\/3&#8243;][vc_custom_heading text=&#8221;Posgrados&#8221; font_container=&#8221;tag:h3|font_size:26|text_align:left|line_height:1&#8243; use_theme_fonts=&#8221;yes&#8221; font_weight=&#8221;700&#8243; letter_spacing=&#8221;-0.05&#8243; el_class=&#8221;zigzag pb-3 mb-4&#8243;][vc_custom_heading text=&#8221;Maestr\u00eda en Administraci\u00f3n&#8221; font_container=&#8221;tag:p|font_size:16|text_align:left|line_height:1.5&#8243; use_theme_fonts=&#8221;yes&#8221; font_weight=&#8221;500&#8243; animation_delay=&#8221;200&#8243; animation_type=&#8221;fadeIn&#8221; el_class=&#8221;mb-4 list-unstyled&#8221; link=&#8221;url:https%3A%2F%2Fface.unt.edu.ar%2Fweb%2Fposgrados%2Fposgrados%2Fmaestria-en-administracion%2F|target:_blank&#8221;][vc_custom_heading text=&#8221;Maestr\u00eda en Estad\u00edstica Aplicada&#8221; font_container=&#8221;tag:p|font_size:16|text_align:left|line_height:1.5&#8243; use_theme_fonts=&#8221;yes&#8221; font_weight=&#8221;500&#8243; animation_delay=&#8221;200&#8243; animation_type=&#8221;fadeIn&#8221; el_class=&#8221;mb-4 list-unstyled&#8221; link=&#8221;url:https%3A%2F%2Fface.unt.edu.ar%2Fweb%2Fposgrados%2Fposgrados%2Fmaestria-en-estadistica-aplicada%2F|target:_blank&#8221;][vc_custom_heading text=&#8221;Maestr\u00eda en Econom\u00eda. \u00c1rea: pol\u00edticas econ\u00f3micas y sociales&#8221; font_container=&#8221;tag:p|font_size:16|text_align:left|line_height:1.5&#8243; use_theme_fonts=&#8221;yes&#8221; font_weight=&#8221;500&#8243; animation_delay=&#8221;200&#8243; animation_type=&#8221;fadeIn&#8221; el_class=&#8221;mb-4 list-unstyled&#8221; link=&#8221;url:https%3A%2F%2Fface.unt.edu.ar%2Fweb%2Fposgrados%2Fmaestria-en-economia-area-politicas-economicas-y-sociales%2F|target:_blank&#8221;][vc_custom_heading text=&#8221;Especializaci\u00f3n en Finanzas&#8221; font_container=&#8221;tag:p|font_size:16|text_align:left|line_height:1.5&#8243; use_theme_fonts=&#8221;yes&#8221; font_weight=&#8221;500&#8243; animation_delay=&#8221;200&#8243; animation_type=&#8221;fadeIn&#8221; el_class=&#8221;mb-4 list-unstyled&#8221; link=&#8221;url:https%3A%2F%2Fface.unt.edu.ar%2Fweb%2Fposgrados%2Fespecializacion-en-finanzas%2F|target:_blank&#8221;][vc_custom_heading text=&#8221;Especializaci\u00f3n en Costos y Gesti\u00f3n Empresarial&#8221; font_container=&#8221;tag:p|font_size:16|text_align:left|line_height:1.5&#8243; use_theme_fonts=&#8221;yes&#8221; font_weight=&#8221;500&#8243; animation_delay=&#8221;200&#8243; animation_type=&#8221;fadeIn&#8221; el_class=&#8221;mb-4 list-unstyled&#8221; link=&#8221;url:https%3A%2F%2Fface.unt.edu.ar%2Fweb%2Fposgrados%2Fposgrados%2Fespecializacion-en-costos-y-gestion-empresarial%2F|target:_blank&#8221;][vc_custom_heading text=&#8221;Especializaci\u00f3n en Auditor\u00eda y Contabilidad&#8221; font_container=&#8221;tag:p|font_size:16|text_align:left|line_height:1.5&#8243; use_theme_fonts=&#8221;yes&#8221; font_weight=&#8221;500&#8243; animation_delay=&#8221;200&#8243; animation_type=&#8221;fadeIn&#8221; el_class=&#8221;mb-4 list-unstyled&#8221; link=&#8221;url:https%3A%2F%2Fface.unt.edu.ar%2Fweb%2Fposgrados%2Fespecializacion-en-auditoria-y-contabilidad%2F|target:_blank&#8221;][vc_custom_heading text=&#8221;Especializaci\u00f3n en Tributaci\u00f3n&#8221; font_container=&#8221;tag:p|font_size:16|text_align:left|line_height:1.5&#8243; use_theme_fonts=&#8221;yes&#8221; font_weight=&#8221;500&#8243; animation_delay=&#8221;200&#8243; animation_type=&#8221;fadeIn&#8221; el_class=&#8221;mb-4 list-unstyled&#8221; link=&#8221;url:https%3A%2F%2Fface.unt.edu.ar%2Fweb%2Fposgrados%2Fposgrados%2Fespecializacion-en-tributacion%2F|target:_blank&#8221;][vc_custom_heading text=&#8221;Especializaci\u00f3n en Comercio Internacional&#8221; font_container=&#8221;tag:p|font_size:16|text_align:left|line_height:1.5&#8243; use_theme_fonts=&#8221;yes&#8221; font_weight=&#8221;500&#8243; animation_delay=&#8221;200&#8243; animation_type=&#8221;fadeIn&#8221; el_class=&#8221;mb-4 list-unstyled&#8221; link=&#8221;url:https%3A%2F%2Fface.unt.edu.ar%2Fweb%2Fposgrados%2Fespecializacion-en-comercio-internacional%2F|target:_blank&#8221;][vc_custom_heading text=&#8221;Especializaci\u00f3n en Direcci\u00f3n de Recursos Humanos&#8221; font_container=&#8221;tag:p|font_size:16|text_align:left|line_height:1.5&#8243; use_theme_fonts=&#8221;yes&#8221; font_weight=&#8221;500&#8243; animation_delay=&#8221;200&#8243; animation_type=&#8221;fadeIn&#8221; el_class=&#8221;mb-4 list-unstyled&#8221; link=&#8221;url:https%3A%2F%2Fface.unt.edu.ar%2Fweb%2Fposgrados%2Fposgrados%2Fespecializacion-en-direccion-de-recursos-humanos%2F|target:_blank&#8221;][vc_custom_heading text=&#8221;Especializaci\u00f3n en Administraci\u00f3n y Pol\u00edticas P\u00fablicas&#8221; font_container=&#8221;tag:p|font_size:16|text_align:left|line_height:1.5&#8243; use_theme_fonts=&#8221;yes&#8221; font_weight=&#8221;500&#8243; animation_delay=&#8221;200&#8243; animation_type=&#8221;fadeIn&#8221; el_class=&#8221;mb-4 list-unstyled&#8221; link=&#8221;url:https%3A%2F%2Fface.unt.edu.ar%2Fweb%2Fposgrados%2Fespecializacion-en-administracion-y-politicas-publicas%2F|target:_blank&#8221;][\/vc_column][vc_column width=&#8221;1\/3&#8243;][vc_custom_heading text=&#8221;Contacto&#8221; font_container=&#8221;tag:h3|font_size:26|text_align:left|line_height:1&#8243; use_theme_fonts=&#8221;yes&#8221; font_weight=&#8221;700&#8243; letter_spacing=&#8221;-0.05&#8243; el_class=&#8221;zigzag pb-3 mb-4&#8243;][vc_column_text]<strong>Direcci\u00f3n:<\/strong> Oficina 86 &#8211; Centro Universitario Ing. R. Herrera &#8211; Avda. Pte. N. Kirchner 1900 &#8211; San Miguel de Tucum\u00e1n \u2013 Tucum\u00e1n \u2013 Argentina<\/p>\n<p><strong>Tels:<\/strong> (54381) 4364093 interno 7678<\/p>\n<p>Lunes a Viernes de 8:30 a 12:30 hs.<\/p>\n<p><strong>Mail:<\/strong> posgrado@face.unt.edu.ar<\/p>\n<p><strong>Web: <\/strong><a href=\"https:\/\/face.unt.edu.ar\/web\/posgrados\/\" target=\"_blank\" rel=\"noopener\">face.unt.edu.ar\/posgrado<\/a>[\/vc_column_text][vc_single_image image=&#8221;1422&#8243; img_size=&#8221;full&#8221;]<div class=\"porto-u-icons\"><a class=\"porto-icon fab fa-facebook \"  style=\"color:#1e73be;font-size:32px;margin-right:5px;\" href=\"https:\/\/www.facebook.com\/Posgradoface\" target='_blank'><\/a><a class=\"porto-icon fab fa-instagram \"  style=\"color:#dd3333;font-size:32px;margin-right:5px;\" href=\"https:\/\/www.instagram.com\/posgradofaceunt\/\" target='_blank'><\/a><\/div>[\/vc_column][\/vc_row]<\/p>\n<\/div>","protected":false},"excerpt":{"rendered":"<p>[vc_row][vc_column width=&#8221;1\/6&#8243;][\/vc_column][vc_column width=&#8221;2\/3&#8243;][vc_video link=&#8221;https:\/\/youtu.be\/tpbMDpwd9vo&#8221;][\/vc_column][vc_column width=&#8221;1\/6&#8243;][\/vc_column][\/vc_row][vc_row wrap_container=&#8221;yes&#8221; conditional_render=&#8221;%5B%7B%22value_role%22%3A%22administrator%22%7D%5D&#8221;][vc_column width=&#8221;1\/3&#8243;][vc_custom_heading text=&#8221;Secretar\u00eda de Ciencia, T\u00e9cnica y Posgrado&#8221; font_container=&#8221;tag:h3|font_size:26|text_align:left|line_height:1&#8243; use_theme_fonts=&#8221;yes&#8221; font_weight=&#8221;700&#8243; letter_spacing=&#8221;-0.05&#8243; el_class=&#8221;zigzag pb-3 mb-4&#8243;][vc_custom_heading text=&#8221;Desde nuestra Facultad, en el af\u00e1n de formar graduados universitarios con el m\u00e1s alto nivel acad\u00e9mico, surge Econ\u00f3micas Posgrados, una actual y moderna oferta acad\u00e9mica.&#8221; font_container=&#8221;tag:p|font_size:16|text_align:left&#8221; use_theme_fonts=&#8221;yes&#8221; letter_spacing=&#8221;0&#8243; animation_delay=&#8221;&#8221; el_class=&#8221;mb-4&#8243; animation_type=&#8221;fadeIn&#8221;][vc_custom_heading text=&#8221;Con una mirada [&hellip;]<\/p>\n","protected":false},"author":1,"featured_media":0,"parent":10,"menu_order":0,"comment_status":"closed","ping_status":"closed","template":"","meta":{"footnotes":""},"class_list":["post-641","page","type-page","status-publish","hentry"],"_links":{"self":[{"href":"https:\/\/www.unt.edu.ar\/expoposgrado\/wp-json\/wp\/v2\/pages\/641","targetHints":{"allow":["GET"]}}],"collection":[{"href":"https:\/\/www.unt.edu.ar\/expoposgrado\/wp-json\/wp\/v2\/pages"}],"about":[{"href":"https:\/\/www.unt.edu.ar\/expoposgrado\/wp-json\/wp\/v2\/types\/page"}],"author":[{"embeddable":true,"href":"https:\/\/www.unt.edu.ar\/expoposgrado\/wp-json\/wp\/v2\/users\/1"}],"replies":[{"embeddable":true,"href":"https:\/\/www.unt.edu.ar\/expoposgrado\/wp-json\/wp\/v2\/comments?post=641"}],"version-history":[{"count":33,"href":"https:\/\/www.unt.edu.ar\/expoposgrado\/wp-json\/wp\/v2\/pages\/641\/revisions"}],"predecessor-version":[{"id":1597,"href":"https:\/\/www.unt.edu.ar\/expoposgrado\/wp-json\/wp\/v2\/pages\/641\/revisions\/1597"}],"up":[{"embeddable":true,"href":"https:\/\/www.unt.edu.ar\/expoposgrado\/wp-json\/wp\/v2\/pages\/10"}],"wp:attachment":[{"href":"https:\/\/www.unt.edu.ar\/expoposgrado\/wp-json\/wp\/v2\/media?parent=641"}],"curies":[{"name":"wp","href":"https:\/\/api.w.org\/{rel}","templated":true}]}}