{"id":639,"date":"2022-09-22T15:45:22","date_gmt":"2022-09-22T18:45:22","guid":{"rendered":"https:\/\/www.unt.edu.ar\/expoposgrado\/?page_id=639"},"modified":"2023-08-08T19:26:38","modified_gmt":"2023-08-08T22:26:38","slug":"facultad-de-bioquimica-quimica-y-farmacia","status":"publish","type":"page","link":"https:\/\/www.unt.edu.ar\/expoposgrado\/facultades\/facultad-de-bioquimica-quimica-y-farmacia\/","title":{"rendered":"Facultad de Bioqu\u00edmica, Qu\u00edmica y Farmacia"},"content":{"rendered":"<div class=\"wpb-content-wrapper\"><p>[vc_row][vc_column width=&#8221;1\/6&#8243;][\/vc_column][vc_column width=&#8221;2\/3&#8243;][vc_video link=&#8221;https:\/\/www.youtube.com\/watch?v=9DfK19QtC5w&#8221;][\/vc_column][vc_column width=&#8221;1\/6&#8243;][\/vc_column][\/vc_row][vc_row wrap_container=&#8221;yes&#8221; conditional_render=&#8221;%5B%7B%22value_role%22%3A%22administrator%22%7D%5D&#8221;][vc_column width=&#8221;1\/3&#8243;][vc_custom_heading text=&#8221;Secretar\u00eda de Posgrado e Investigaci\u00f3n&#8221; font_container=&#8221;tag:h3|font_size:26|text_align:left|line_height:1&#8243; use_theme_fonts=&#8221;yes&#8221; font_weight=&#8221;700&#8243; letter_spacing=&#8221;-0.05&#8243; el_class=&#8221;zigzag pb-3 mb-4&#8243;][vc_custom_heading text=&#8221;Los primeros datos de la actividad de posgrado en la Facultad de Bioqu\u00edmica, Qu\u00edmica y Farmacia se registran en el a\u00f1o 1942, quedando, de este modo, inaugurada la instancia de estudios de cuarto nivel, que ocupan un lugar muy importante dentro de esta casa de altos estudios y que no ha dejado de crecer y de renovarse.<br \/>\nEn este sentido se crea la Secretar\u00eda de Posgrado e Investigaci\u00f3n para promover todo lo concerniente a la formaci\u00f3n del posgraduado en tres \u00e1reas principales: investigaci\u00f3n cient\u00edfica y tecnol\u00f3gica, docencia universitaria de posgrado y ejercicio profesional.&#8221; font_container=&#8221;tag:p|font_size:16|text_align:left&#8221; use_theme_fonts=&#8221;yes&#8221; letter_spacing=&#8221;0&#8243; animation_delay=&#8221;1000&#8243; el_class=&#8221;mb-4&#8243; animation_type=&#8221;fadeIn&#8221;][vc_custom_heading text=&#8221;La Facultad ofrece un abanico de propuestas acad\u00e9micas para la formaci\u00f3n continua, de trayectoria destacada en la UNT, muy bien categorizadas por la CONEAU y que cubren la formaci\u00f3n en todas las \u00e1reas de incumbencia de esta instituci\u00f3n.<br \/>\nCabe destacar que los alumnos graduados de las carreras de doctorado y especializaciones de nuestra Unidad Acad\u00e9mica se han insertado en la UNT o en centros de investigaci\u00f3n de doble o triple dependencia, nacionales e internacionales y en diversos hospitales de la provincia y del pa\u00eds.&#8221; font_container=&#8221;tag:p|font_size:16|text_align:left&#8221; use_theme_fonts=&#8221;yes&#8221; letter_spacing=&#8221;0&#8243; animation_delay=&#8221;1000&#8243; el_class=&#8221;mb-4&#8243; animation_type=&#8221;fadeIn&#8221;][\/vc_column][vc_column width=&#8221;1\/3&#8243;][vc_custom_heading text=&#8221;Carreras&#8221; font_container=&#8221;tag:h3|font_size:26|text_align:left|line_height:1&#8243; use_theme_fonts=&#8221;yes&#8221; font_weight=&#8221;700&#8243; letter_spacing=&#8221;-0.05&#8243; el_class=&#8221;zigzag pb-3 mb-4&#8243;][vc_custom_heading text=&#8221;Doctorado en Bioqu\u00edmica&#8221; font_container=&#8221;tag:p|font_size:16|text_align:left|line_height:1.5&#8243; use_theme_fonts=&#8221;yes&#8221; font_weight=&#8221;500&#8243; animation_delay=&#8221;200&#8243; animation_type=&#8221;fadeIn&#8221; el_class=&#8221;mb-4 list-unstyled&#8221; link=&#8221;url:http%3A%2F%2Fwww.fbqf.unt.edu.ar%2FpaginaNueva%2Fpaginas%2Fcarreras%2Fdoctorado%2Fdoctorado-bioquimica.html|target:_blank&#8221;][vc_custom_heading text=&#8221;Doctorado en Ciencias Qu\u00edmicas&#8221; font_container=&#8221;tag:p|font_size:16|text_align:left|line_height:1.5&#8243; use_theme_fonts=&#8221;yes&#8221; font_weight=&#8221;500&#8243; animation_delay=&#8221;200&#8243; animation_type=&#8221;fadeIn&#8221; el_class=&#8221;mb-4 list-unstyled&#8221; link=&#8221;url:http%3A%2F%2Fwww.fbqf.unt.edu.ar%2FpaginaNueva%2Fpaginas%2Fcarreras%2Fdoctorado%2Fdoctorado-ciencias-quimicas.html|target:_blank&#8221;][vc_custom_heading text=&#8221;Doctorado en Ciencias Biol\u00f3gicas&#8221; font_container=&#8221;tag:p|font_size:16|text_align:left|line_height:1.5&#8243; use_theme_fonts=&#8221;yes&#8221; font_weight=&#8221;500&#8243; animation_delay=&#8221;200&#8243; animation_type=&#8221;fadeIn&#8221; el_class=&#8221;mb-4 list-unstyled&#8221; link=&#8221;url:http%3A%2F%2Fwww.fbqf.unt.edu.ar%2FpaginaNueva%2Fpaginas%2Fcarreras%2Fdoctorado%2Fdoctorado-ciencias-biologicas.html|target:_blank&#8221;][vc_custom_heading text=&#8221;Doctorado en Farmacia&#8221; font_container=&#8221;tag:p|font_size:16|text_align:left|line_height:1.5&#8243; use_theme_fonts=&#8221;yes&#8221; font_weight=&#8221;500&#8243; animation_delay=&#8221;200&#8243; animation_type=&#8221;fadeIn&#8221; el_class=&#8221;mb-4 list-unstyled&#8221; link=&#8221;url:http%3A%2F%2Fwww.fbqf.unt.edu.ar%2FpaginaNueva%2Fpaginas%2Fcarreras%2Fdoctorado%2Fdoctorado-farmacia.html|target:_blank&#8221;][vc_custom_heading text=&#8221;Doctorado en Biotecnolog\u00eda&#8221; font_container=&#8221;tag:p|font_size:16|text_align:left|line_height:1.5&#8243; use_theme_fonts=&#8221;yes&#8221; font_weight=&#8221;500&#8243; animation_delay=&#8221;200&#8243; animation_type=&#8221;fadeIn&#8221; el_class=&#8221;mb-4 list-unstyled&#8221; link=&#8221;url:http%3A%2F%2Fwww.fbqf.unt.edu.ar%2FpaginaNueva%2Fpaginas%2Fcarreras%2Fdoctorado%2Fdoctorado-biotecnolog%25C3%25ADa.html|target:_blank&#8221;][vc_custom_heading text=&#8221;Doctorado en Ciencia y Tecnolog\u00eda de los Alimentos&#8221; font_container=&#8221;tag:p|font_size:16|text_align:left|line_height:1.5&#8243; use_theme_fonts=&#8221;yes&#8221; font_weight=&#8221;500&#8243; animation_delay=&#8221;200&#8243; animation_type=&#8221;fadeIn&#8221; el_class=&#8221;mb-4 list-unstyled&#8221; link=&#8221;url:http%3A%2F%2Fwww.fbqf.unt.edu.ar%2FpaginaNueva%2Fpaginas%2Fcarreras%2Fdoctorado%2Fdoctorado-ciencia-tecnologia-alimentos.html|target:_blank&#8221;][vc_custom_heading text=&#8221;Especializaci\u00f3n en Bioqu\u00edmica Cl\u00ednica&#8221; font_container=&#8221;tag:p|font_size:16|text_align:left|line_height:1.5&#8243; use_theme_fonts=&#8221;yes&#8221; font_weight=&#8221;500&#8243; animation_delay=&#8221;200&#8243; animation_type=&#8221;fadeIn&#8221; el_class=&#8221;mb-4 list-unstyled&#8221; link=&#8221;url:http%3A%2F%2Fwww.fbqf.unt.edu.ar%2FpaginaNueva%2Fpaginas%2Fcarreras%2Fespecializacion%2Fespecialista-en-bioquimica-clinica.html|target:_blank&#8221;][vc_custom_heading text=&#8221;Especializaci\u00f3n en Bioqu\u00edmica Cl\u00ednica \u00c1rea Hematolog\u00eda&#8221; font_container=&#8221;tag:p|font_size:16|text_align:left|line_height:1.5&#8243; use_theme_fonts=&#8221;yes&#8221; font_weight=&#8221;500&#8243; animation_delay=&#8221;200&#8243; animation_type=&#8221;fadeIn&#8221; el_class=&#8221;mb-4 list-unstyled&#8221; link=&#8221;url:http%3A%2F%2Fwww.fbqf.unt.edu.ar%2FpaginaNueva%2Fpaginas%2Fcarreras%2Fespecializacion%2Fespecialista-bioquimica-cl%25C3%25ADnica-area-hematologia.html|target:_blank&#8221;][vc_custom_heading text=&#8221;Especializaci\u00f3n en Esterilizaci\u00f3n&#8221; font_container=&#8221;tag:p|font_size:16|text_align:left|line_height:1.5&#8243; use_theme_fonts=&#8221;yes&#8221; font_weight=&#8221;500&#8243; animation_delay=&#8221;200&#8243; animation_type=&#8221;fadeIn&#8221; el_class=&#8221;mb-4 list-unstyled&#8221; link=&#8221;url:http%3A%2F%2Fwww.fbqf.unt.edu.ar%2FpaginaNueva%2Fpaginas%2Fcarreras%2Fespecializacion%2Fespecialista-esterilizacion-farmaceuticos.html|target:_blank&#8221;][vc_custom_heading text=&#8221;Cursos \/ Diplomaturas&#8221; font_container=&#8221;tag:p|font_size:16|text_align:left|line_height:1.5&#8243; use_theme_fonts=&#8221;yes&#8221; font_weight=&#8221;500&#8243; animation_delay=&#8221;200&#8243; animation_type=&#8221;fadeIn&#8221; el_class=&#8221;mb-4 list-unstyled&#8221; link=&#8221;url:https%3A%2F%2Fwww.unt.edu.ar\/expoposgrado%2Ffacultades%2Ffacultad-de-bioquimica-quimica-y-farmacia%2Fcursos-bioquimica%2F|target:_blank&#8221;][\/vc_column][vc_column width=&#8221;1\/3&#8243;][vc_custom_heading text=&#8221;Contacto&#8221; font_container=&#8221;tag:h3|font_size:26|text_align:left|line_height:1&#8243; use_theme_fonts=&#8221;yes&#8221; font_weight=&#8221;700&#8243; letter_spacing=&#8221;-0.05&#8243; el_class=&#8221;zigzag pb-3 mb-4&#8243;][vc_column_text]<strong>Direcci\u00f3n:<\/strong> Batalla de Ayacucho 471 &#8211; San Miguel de Tucum\u00e1n &#8211; Tucum\u00e1n &#8211; Argentina<\/p>\n<p><strong>Tel.<\/strong> 0381-4247752 \u2013 interno 7219<\/p>\n<p><strong>Mail:<\/strong> posgrado.investigacion@fbqf.unt.edu.ar<\/p>\n<p><strong>Web:<\/strong> <a href=\"https:\/\/www.fbqf.unt.edu.ar\/paginaNueva\/paginas\/institucional\/autoridades.html\" target=\"_blank\" rel=\"noopener\">fbqf.unt.edu.ar\/autoridades<\/a>[\/vc_column_text][vc_single_image image=&#8221;1467&#8243; img_size=&#8221;full&#8221;]<div class=\"porto-u-icons\"><a class=\"porto-icon fab fa-instagram \"  style=\"color:#dd3333;font-size:32px;margin-right:5px;\" href=\"https:\/\/www.instagram.com\/fbqf.unt\/?hl=es\" target='_blank'><\/a><\/div>[\/vc_column][\/vc_row]<\/p>\n<\/div>","protected":false},"excerpt":{"rendered":"<p>[vc_row][vc_column width=&#8221;1\/6&#8243;][\/vc_column][vc_column width=&#8221;2\/3&#8243;][vc_video link=&#8221;https:\/\/www.youtube.com\/watch?v=9DfK19QtC5w&#8221;][\/vc_column][vc_column width=&#8221;1\/6&#8243;][\/vc_column][\/vc_row][vc_row wrap_container=&#8221;yes&#8221; conditional_render=&#8221;%5B%7B%22value_role%22%3A%22administrator%22%7D%5D&#8221;][vc_column width=&#8221;1\/3&#8243;][vc_custom_heading text=&#8221;Secretar\u00eda de Posgrado e Investigaci\u00f3n&#8221; font_container=&#8221;tag:h3|font_size:26|text_align:left|line_height:1&#8243; use_theme_fonts=&#8221;yes&#8221; font_weight=&#8221;700&#8243; letter_spacing=&#8221;-0.05&#8243; el_class=&#8221;zigzag pb-3 mb-4&#8243;][vc_custom_heading text=&#8221;Los primeros datos de la actividad de posgrado en la Facultad de Bioqu\u00edmica, Qu\u00edmica y Farmacia se registran en el a\u00f1o 1942, quedando, de este modo, inaugurada la instancia de estudios de cuarto nivel, que [&hellip;]<\/p>\n","protected":false},"author":1,"featured_media":0,"parent":10,"menu_order":0,"comment_status":"closed","ping_status":"closed","template":"","meta":{"footnotes":""},"class_list":["post-639","page","type-page","status-publish","hentry"],"_links":{"self":[{"href":"https:\/\/www.unt.edu.ar\/expoposgrado\/wp-json\/wp\/v2\/pages\/639","targetHints":{"allow":["GET"]}}],"collection":[{"href":"https:\/\/www.unt.edu.ar\/expoposgrado\/wp-json\/wp\/v2\/pages"}],"about":[{"href":"https:\/\/www.unt.edu.ar\/expoposgrado\/wp-json\/wp\/v2\/types\/page"}],"author":[{"embeddable":true,"href":"https:\/\/www.unt.edu.ar\/expoposgrado\/wp-json\/wp\/v2\/users\/1"}],"replies":[{"embeddable":true,"href":"https:\/\/www.unt.edu.ar\/expoposgrado\/wp-json\/wp\/v2\/comments?post=639"}],"version-history":[{"count":23,"href":"https:\/\/www.unt.edu.ar\/expoposgrado\/wp-json\/wp\/v2\/pages\/639\/revisions"}],"predecessor-version":[{"id":1572,"href":"https:\/\/www.unt.edu.ar\/expoposgrado\/wp-json\/wp\/v2\/pages\/639\/revisions\/1572"}],"up":[{"embeddable":true,"href":"https:\/\/www.unt.edu.ar\/expoposgrado\/wp-json\/wp\/v2\/pages\/10"}],"wp:attachment":[{"href":"https:\/\/www.unt.edu.ar\/expoposgrado\/wp-json\/wp\/v2\/media?parent=639"}],"curies":[{"name":"wp","href":"https:\/\/api.w.org\/{rel}","templated":true}]}}