{"id":637,"date":"2022-09-22T15:44:03","date_gmt":"2022-09-22T18:44:03","guid":{"rendered":"https:\/\/www.unt.edu.ar\/expoposgrado\/?page_id=637"},"modified":"2023-08-09T00:24:49","modified_gmt":"2023-08-09T03:24:49","slug":"facultad-de-artes","status":"publish","type":"page","link":"https:\/\/www.unt.edu.ar\/expoposgrado\/facultades\/facultad-de-artes\/","title":{"rendered":"Facultad de Artes"},"content":{"rendered":"<div class=\"wpb-content-wrapper\"><p>[vc_row][vc_column width=&#8221;1\/6&#8243;][\/vc_column][vc_column width=&#8221;2\/3&#8243;][vc_video link=&#8221;https:\/\/youtu.be\/TBUqHyrbosQ&#8221;][\/vc_column][vc_column width=&#8221;1\/6&#8243;][\/vc_column][\/vc_row][vc_row wrap_container=&#8221;yes&#8221; conditional_render=&#8221;%5B%7B%22value_role%22%3A%22administrator%22%7D%5D&#8221;][vc_column width=&#8221;1\/3&#8243;][vc_custom_heading text=&#8221;Secretar\u00eda de Posgrado e Investigaci\u00f3n&#8221; font_container=&#8221;tag:h3|font_size:26|text_align:left|line_height:1&#8243; use_theme_fonts=&#8221;yes&#8221; font_weight=&#8221;700&#8243; letter_spacing=&#8221;-0.05&#8243; el_class=&#8221;zigzag pb-3 mb-4&#8243;][vc_custom_heading text=&#8221;En esta Secretar\u00eda de la Facultad de Artes se dictan cursos a los graduados de distintas \u00e1reas y cursos de perfeccionamiento, como as\u00ed tambi\u00e9n carreras de posgrado.<br \/>\nEstas \u00faltimas, poseen un car\u00e1cter innovador, atendiendo los cambios suscitados en la educaci\u00f3n, con evaluaciones peri\u00f3dicas, seguimiento continuo y promoviendo oportunidades de aprendizaje permanente para todos. Esto da forma a una alta calidad acad\u00e9mica, inclusiva y equitativa.&#8221; font_container=&#8221;tag:p|font_size:16|text_align:left&#8221; use_theme_fonts=&#8221;yes&#8221; letter_spacing=&#8221;0&#8243; animation_delay=&#8221;1000&#8243; el_class=&#8221;mb-4&#8243; animation_type=&#8221;fadeIn&#8221;][vc_custom_heading text=&#8221;La Facultad de Artes de la UNT cuenta con espacios adecuados para laboratorios, talleres, aulas; un campus virtual para trabajos pr\u00e1cticos, comunicaci\u00f3n, bibliograf\u00eda, videos y una biblioteca especializada adecuada a todas sus carreras.<br \/>\nEsta unidad acad\u00e9mica est\u00e1 comprometida con la educaci\u00f3n superior y con las necesidades no solo del sector laboral sino tambi\u00e9n de todos los sectores de la sociedad.&#8221; font_container=&#8221;tag:p|font_size:16|text_align:left&#8221; use_theme_fonts=&#8221;yes&#8221; letter_spacing=&#8221;0&#8243; animation_delay=&#8221;1000&#8243; el_class=&#8221;mb-4&#8243; animation_type=&#8221;fadeIn&#8221;][\/vc_column][vc_column width=&#8221;1\/3&#8243;][vc_custom_heading text=&#8221;Posgrados&#8221; font_container=&#8221;tag:h3|font_size:26|text_align:left|line_height:1&#8243; use_theme_fonts=&#8221;yes&#8221; font_weight=&#8221;700&#8243; letter_spacing=&#8221;-0.05&#8243; el_class=&#8221;zigzag pb-3 mb-4&#8243;][vc_custom_heading text=&#8221;Maestr\u00eda en Museolog\u00eda&#8221; font_container=&#8221;tag:p|font_size:16|text_align:left|line_height:1.5&#8243; use_theme_fonts=&#8221;yes&#8221; font_weight=&#8221;500&#8243; animation_delay=&#8221;200&#8243; animation_type=&#8221;fadeIn&#8221; el_class=&#8221;mb-4 list-unstyled&#8221; link=&#8221;url:https%3A%2F%2Fwww.artes.unt.edu.ar%2Fcursos-posgrado%2Fmaestria-en-museologia%2F|target:_blank&#8221;][vc_custom_heading text=&#8221;Especializaci\u00f3n en Historia Cultural de Tucum\u00e1n&#8221; font_container=&#8221;tag:p|font_size:16|text_align:left|line_height:1.5&#8243; use_theme_fonts=&#8221;yes&#8221; font_weight=&#8221;500&#8243; animation_delay=&#8221;200&#8243; animation_type=&#8221;fadeIn&#8221; el_class=&#8221;mb-4 list-unstyled&#8221; link=&#8221;url:https%3A%2F%2Fwww.artes.unt.edu.ar%2F%3Fs%3DEspecializaci%25C3%25B3n%2Ben%2BHistoria%2BCultural|target:_blank&#8221;][vc_custom_heading text=&#8221;Diplomatura en Arte y Tecnolog\u00eda&#8221; font_container=&#8221;tag:p|font_size:16|text_align:left|line_height:1.5&#8243; use_theme_fonts=&#8221;yes&#8221; font_weight=&#8221;500&#8243; animation_delay=&#8221;200&#8243; animation_type=&#8221;fadeIn&#8221; el_class=&#8221;mb-4 list-unstyled&#8221; link=&#8221;url:https%3A%2F%2Fwww.artes.unt.edu.ar%2Fdiplomatura-universitaria-en-arte-y-tecnologia%2F|target:_blank&#8221;][\/vc_column][vc_column width=&#8221;1\/3&#8243;][vc_custom_heading text=&#8221;Contacto&#8221; font_container=&#8221;tag:h3|font_size:26|text_align:left|line_height:1&#8243; use_theme_fonts=&#8221;yes&#8221; font_weight=&#8221;700&#8243; letter_spacing=&#8221;-0.05&#8243; el_class=&#8221;zigzag pb-3 mb-4&#8243;][vc_column_text]<strong>Direcci\u00f3n:<\/strong> Facultad de Artes &#8211; Primer Piso &#8211; Bol\u00edvar 700, San Miguel de Tucum\u00e1n &#8211; Tucum\u00e1n &#8211; Argentina<\/p>\n<p><strong>Tels<\/strong>: +54 (0381) 4 525 050 \/ 4 244 394 \/ Interno: 215<\/p>\n<p><strong>Mail:<\/strong> artes.posgrado@webmail.unt.edu.ar<\/p>\n<p><strong>Web: <\/strong><a href=\"https:\/\/www.artes.unt.edu.ar\/cursos-posgrado\/\" target=\"_blank\" rel=\"noopener\">https:\/\/www.artes.unt.edu.ar\/cursos-posgrado\/<\/a>[\/vc_column_text][vc_single_image image=&#8221;1223&#8243; img_size=&#8221;full&#8221;]<div class=\"porto-u-icons\"><a class=\"porto-icon fab fa-facebook \"  style=\"color:#1e73be;font-size:32px;margin-right:5px;\" href=\"https:\/\/www.facebook.com\/facultaddeartesunt\" target='_blank'><\/a><a class=\"porto-icon fab fa-youtube \"  style=\"color:#ff0000;font-size:32px;margin-right:5px;\" href=\"https:\/\/www.youtube.com\/user\/PrensaDifusionArtes\" target='_blank'><\/a><a class=\"porto-icon fab fa-instagram \"  style=\"color:#dd3333;font-size:32px;margin-right:5px;\" href=\"https:\/\/www.instagram.com\/facultad_artes_unt\/\" target='_blank'><\/a><\/div>[\/vc_column][\/vc_row]<\/p>\n<\/div>","protected":false},"excerpt":{"rendered":"<p>[vc_row][vc_column width=&#8221;1\/6&#8243;][\/vc_column][vc_column width=&#8221;2\/3&#8243;][vc_video link=&#8221;https:\/\/youtu.be\/TBUqHyrbosQ&#8221;][\/vc_column][vc_column width=&#8221;1\/6&#8243;][\/vc_column][\/vc_row][vc_row wrap_container=&#8221;yes&#8221; conditional_render=&#8221;%5B%7B%22value_role%22%3A%22administrator%22%7D%5D&#8221;][vc_column width=&#8221;1\/3&#8243;][vc_custom_heading text=&#8221;Secretar\u00eda de Posgrado e Investigaci\u00f3n&#8221; font_container=&#8221;tag:h3|font_size:26|text_align:left|line_height:1&#8243; use_theme_fonts=&#8221;yes&#8221; font_weight=&#8221;700&#8243; letter_spacing=&#8221;-0.05&#8243; el_class=&#8221;zigzag pb-3 mb-4&#8243;][vc_custom_heading text=&#8221;En esta Secretar\u00eda de la Facultad de Artes se dictan cursos a los graduados de distintas \u00e1reas y cursos de perfeccionamiento, como as\u00ed tambi\u00e9n carreras de posgrado. Estas \u00faltimas, poseen un car\u00e1cter innovador, atendiendo los [&hellip;]<\/p>\n","protected":false},"author":1,"featured_media":0,"parent":10,"menu_order":0,"comment_status":"closed","ping_status":"closed","template":"","meta":{"footnotes":""},"class_list":["post-637","page","type-page","status-publish","hentry"],"_links":{"self":[{"href":"https:\/\/www.unt.edu.ar\/expoposgrado\/wp-json\/wp\/v2\/pages\/637","targetHints":{"allow":["GET"]}}],"collection":[{"href":"https:\/\/www.unt.edu.ar\/expoposgrado\/wp-json\/wp\/v2\/pages"}],"about":[{"href":"https:\/\/www.unt.edu.ar\/expoposgrado\/wp-json\/wp\/v2\/types\/page"}],"author":[{"embeddable":true,"href":"https:\/\/www.unt.edu.ar\/expoposgrado\/wp-json\/wp\/v2\/users\/1"}],"replies":[{"embeddable":true,"href":"https:\/\/www.unt.edu.ar\/expoposgrado\/wp-json\/wp\/v2\/comments?post=637"}],"version-history":[{"count":27,"href":"https:\/\/www.unt.edu.ar\/expoposgrado\/wp-json\/wp\/v2\/pages\/637\/revisions"}],"predecessor-version":[{"id":1596,"href":"https:\/\/www.unt.edu.ar\/expoposgrado\/wp-json\/wp\/v2\/pages\/637\/revisions\/1596"}],"up":[{"embeddable":true,"href":"https:\/\/www.unt.edu.ar\/expoposgrado\/wp-json\/wp\/v2\/pages\/10"}],"wp:attachment":[{"href":"https:\/\/www.unt.edu.ar\/expoposgrado\/wp-json\/wp\/v2\/media?parent=637"}],"curies":[{"name":"wp","href":"https:\/\/api.w.org\/{rel}","templated":true}]}}