{"id":1350,"date":"2023-07-30T20:34:51","date_gmt":"2023-07-30T23:34:51","guid":{"rendered":"https:\/\/www.unt.edu.ar\/expoposgrado\/?page_id=1350"},"modified":"2023-08-05T17:52:48","modified_gmt":"2023-08-05T20:52:48","slug":"cursos-bioquimica","status":"publish","type":"page","link":"https:\/\/www.unt.edu.ar\/expoposgrado\/facultades\/facultad-de-bioquimica-quimica-y-farmacia\/cursos-bioquimica\/","title":{"rendered":"Cursos y Diplomaturas FBQF"},"content":{"rendered":"<div class=\"wpb-content-wrapper\"><p>[vc_row wrap_container=&#8221;yes&#8221; conditional_render=&#8221;%5B%7B%22value_role%22%3A%22administrator%22%7D%5D&#8221;][vc_column width=&#8221;1\/2&#8243;][vc_custom_heading text=&#8221;Esteroqu\u00edmica y S\u00edntesis Esteroselectiva&#8221; font_container=&#8221;tag:p|font_size:16|text_align:left|line_height:1.5&#8243; use_theme_fonts=&#8221;yes&#8221; font_weight=&#8221;500&#8243; animation_delay=&#8221;200&#8243; animation_type=&#8221;fadeIn&#8221; el_class=&#8221;mb-4 list-unstyled&#8221; link=&#8221;url:http%3A%2F%2Fwww.fbqf.unt.edu.ar%2FpaginaNueva%2Fpaginas%2Fcarreras%2Fdoctorado%2Fdoctorado-bioquimica.html|target:_blank&#8221;][vc_column_text]Directora: Dra. Margarita Beatriz Villecco<br \/>\nCoordinadora: Dra. Ana Carolina Muro<br \/>\nFecha: febrero &#8211; marzo 2023<br \/>\nContacto: Dra. Ana Carolina Muro (ana.muro@fbqf.unt.edu.ar)[\/vc_column_text][vc_custom_heading text=&#8221;Avances en Microbiolog\u00eda, Biolog\u00eda Molecular y Biotecnolog\u00eda&#8221; font_container=&#8221;tag:p|font_size:16|text_align:left|line_height:1.5&#8243; use_theme_fonts=&#8221;yes&#8221; font_weight=&#8221;500&#8243; animation_delay=&#8221;200&#8243; animation_type=&#8221;fadeIn&#8221; el_class=&#8221;mb-4 list-unstyled&#8221; link=&#8221;url:http%3A%2F%2Fwww.fbqf.unt.edu.ar%2FpaginaNueva%2Fpaginas%2Fcarreras%2Fdoctorado%2Fdoctorado-ciencias-biologicas.html|target:_blank&#8221;][vc_column_text]Directora: Dra. Josefina Mar\u00eda Villegas<br \/>\nCoordinadora: Dra. Mariana Grillo Puertas<br \/>\nFecha: 1\u00ba dictado de marzo a junio y 2\u00ba dictado de agosto a noviembre de 2023<br \/>\nContacto: Dra. Josefina Mar\u00eda Villegas (josefinamvillegas@gmail.com) 3816277941<br \/>\nDra. Mariana Grillo Puertas (marianagrillo24@gmail.com) 3815417156[\/vc_column_text][vc_custom_heading text=&#8221;T\u00e9cnicas Histol\u00f3gicas e Inmunohistoqu\u00edmicas. Fundamentos y aplicaciones&#8221; font_container=&#8221;tag:p|font_size:16|text_align:left|line_height:1.5&#8243; use_theme_fonts=&#8221;yes&#8221; font_weight=&#8221;500&#8243; animation_delay=&#8221;200&#8243; animation_type=&#8221;fadeIn&#8221; el_class=&#8221;mb-4 list-unstyled&#8221; link=&#8221;url:http%3A%2F%2Fwww.fbqf.unt.edu.ar%2FpaginaNueva%2Fpaginas%2Fcarreras%2Fespecializacion%2Fespecialista-esterilizacion-farmaceuticos.html|target:_blank&#8221;][vc_column_text]Directora: Dra. In\u00e9s del Carmen Ramos<br \/>\nCoordinadora: Dra. Claudia Alejandra Crespo<br \/>\nFecha: primer cuatrimestre 2023<br \/>\nContacto: Tel: 0381-4247752 int. 7005 (306), Cel: 381-4623402. Mail: Dra. In\u00e9s del Carmen Ramos (inramos10@gmail.com)<br \/>\nDra. Claudia Alejandra Crespo (ccrespo70@gmail.com)[\/vc_column_text][vc_custom_heading text=&#8221;La Citomorfolog\u00eda en el Diagnostico Hematol\u00f3gico&#8221; font_container=&#8221;tag:p|font_size:16|text_align:left|line_height:1.5&#8243; use_theme_fonts=&#8221;yes&#8221; font_weight=&#8221;500&#8243; animation_delay=&#8221;200&#8243; animation_type=&#8221;fadeIn&#8221; el_class=&#8221;mb-4 list-unstyled&#8221; link=&#8221;url:http%3A%2F%2Fwww.fbqf.unt.edu.ar%2FpaginaNueva%2Fpaginas%2Fcarreras%2Fespecializacion%2Fespecialista-esterilizacion-farmaceuticos.html|target:_blank&#8221;][vc_column_text]Directora: Dra. Sandra Stella Lazarte<br \/>\nCoordinadora: Dra. Ana Cecilia Haro<br \/>\nFecha: marzo 2023<br \/>\nContacto: Dra. Ana Cecilia Haro. Catedra de Bioqu\u00edmica Cl\u00ednica I. Lunes a jueves de 14 a 18 h. Telefono: 0381-2544833. Mail: hematologiatucuman@gmail.com[\/vc_column_text][vc_custom_heading text=&#8221;Diplomatura Universitaria en Cambio Clim\u00e1tico y Desarrollo Sostenible&#8221; font_container=&#8221;tag:p|font_size:16|text_align:left|line_height:1.5&#8243; use_theme_fonts=&#8221;yes&#8221; font_weight=&#8221;500&#8243; animation_delay=&#8221;200&#8243; animation_type=&#8221;fadeIn&#8221; el_class=&#8221;mb-4 list-unstyled&#8221; link=&#8221;url:http%3A%2F%2Fwww.fbqf.unt.edu.ar%2FpaginaNueva%2Fpaginas%2Fcarreras%2Fespecializacion%2Fespecialista-esterilizacion-farmaceuticos.html|target:_blank&#8221;][vc_column_text]Directora: Mag. Mar\u00eda Eugenia Manzur<br \/>\nCoordinadora: Mag. Rosa Magdalena Cruz<br \/>\nFecha: marzo \u2013 diciembre 2023 y marzo \u2013 julio 2024<br \/>\nContacto: Mag. Mar\u00eda Eugenia Manzur (maria.manzur@fbqf.unt.edu.ar)[\/vc_column_text][vc_custom_heading text=&#8221;Diplomatura Universitaria en Buenas Pr\u00e1cticas en Investigaci\u00f3n Biom\u00e9dica&#8221; font_container=&#8221;tag:p|font_size:16|text_align:left|line_height:1.5&#8243; use_theme_fonts=&#8221;yes&#8221; font_weight=&#8221;500&#8243; animation_delay=&#8221;200&#8243; animation_type=&#8221;fadeIn&#8221; el_class=&#8221;mb-4 list-unstyled&#8221; link=&#8221;url:http%3A%2F%2Fwww.fbqf.unt.edu.ar%2FpaginaNueva%2Fpaginas%2Fcarreras%2Fespecializacion%2Fespecialista-esterilizacion-farmaceuticos.html|target:_blank&#8221;][vc_column_text]Directora: Dra. Susana Carre\u00f1o Rimaudo<br \/>\nCoordinadora: Dra. Abigail Prchal<br \/>\nFecha: marzo \u2013 diciembre 2023<br \/>\nContacto: mail (diplomainvestigacionbiomed@gmail.com)[\/vc_column_text][vc_custom_heading text=&#8221;Dise\u00f1o y Preparaci\u00f3n de Formas Farmac\u00e9uticas L\u00edquidas&#8221; font_container=&#8221;tag:p|font_size:16|text_align:left|line_height:1.5&#8243; use_theme_fonts=&#8221;yes&#8221; font_weight=&#8221;500&#8243; animation_delay=&#8221;200&#8243; animation_type=&#8221;fadeIn&#8221; el_class=&#8221;mb-4 list-unstyled&#8221; link=&#8221;url:http%3A%2F%2Fwww.fbqf.unt.edu.ar%2FpaginaNueva%2Fpaginas%2Fcarreras%2Fespecializacion%2Fespecialista-esterilizacion-farmaceuticos.html|target:_blank&#8221;][vc_column_text]Directora y Coordinadora: Mag. Myriam Elizabeth Arias<br \/>\nFecha: abril 2023<br \/>\nContacto: Dra. Mar\u00eda In\u00e9s Nieva Moreno (minievamoreno@hotmail.com)<br \/>\nTel: 381-6807886<br \/>\nC\u00e1tedra de Tecnolog\u00eda Farmac\u00e9utica II, de lunes y viernes de 9 a 12 h.[\/vc_column_text][vc_custom_heading text=&#8221;Metagen\u00f3mica: Aplicaciones de las Tecnolog\u00edas de Secuenciaci\u00f3n Masiva&#8221; font_container=&#8221;tag:p|font_size:16|text_align:left|line_height:1.5&#8243; use_theme_fonts=&#8221;yes&#8221; font_weight=&#8221;500&#8243; animation_delay=&#8221;200&#8243; animation_type=&#8221;fadeIn&#8221; el_class=&#8221;mb-4 list-unstyled&#8221; link=&#8221;url:http%3A%2F%2Fwww.fbqf.unt.edu.ar%2FpaginaNueva%2Fpaginas%2Fcarreras%2Fespecializacion%2Fespecialista-esterilizacion-farmaceuticos.html|target:_blank&#8221;][vc_column_text]Director y Coordinador: Dr. Daniel Kurth<br \/>\nFecha: 17 al 22 de abril 2023<br \/>\nContacto: Dr. Daniel Kurth (dkurth@conicet.gov.ar)<br \/>\nTel: 543814344888 int. 22<br \/>\nPROIMI-CONICET. Av. Belgrano y Pje. Caseros S. M. de Tucum\u00e1n[\/vc_column_text][vc_custom_heading text=&#8221;Diagn\u00f3stico e Identificaci\u00f3n de Hongos Causantes de Micosis en Inmunodeprimidos&#8221; font_container=&#8221;tag:p|font_size:16|text_align:left|line_height:1.5&#8243; use_theme_fonts=&#8221;yes&#8221; font_weight=&#8221;500&#8243; animation_delay=&#8221;200&#8243; animation_type=&#8221;fadeIn&#8221; el_class=&#8221;mb-4 list-unstyled&#8221; link=&#8221;url:http%3A%2F%2Fwww.fbqf.unt.edu.ar%2FpaginaNueva%2Fpaginas%2Fcarreras%2Fespecializacion%2Fespecialista-esterilizacion-farmaceuticos.html|target:_blank&#8221;][vc_column_text]Director: Mag. Christian \u00c1lvarez<br \/>\nCoordinadora: Dra. Mar\u00eda Guadalupe Vizoso Pinto<br \/>\nFecha: 3 al 4 de abril 2023<br \/>\nContacto: C\u00e1tedra de Micolog\u00eda. Facultad de Bioqu\u00edmica Qu\u00edmica y Farmacia. Horarios: 9:30 a 11:00 y 15:00 a 17:00<br \/>\nMail: catedra.micologia.fbqf@gmail.com<br \/>\nTel: 3815027722[\/vc_column_text][vc_custom_heading text=&#8221;Tecnolog\u00eda Farmac\u00e9utica de Sistemas Dispersos&#8221; font_container=&#8221;tag:p|font_size:16|text_align:left|line_height:1.5&#8243; use_theme_fonts=&#8221;yes&#8221; font_weight=&#8221;500&#8243; animation_delay=&#8221;200&#8243; animation_type=&#8221;fadeIn&#8221; el_class=&#8221;mb-4 list-unstyled&#8221; link=&#8221;url:http%3A%2F%2Fwww.fbqf.unt.edu.ar%2FpaginaNueva%2Fpaginas%2Fcarreras%2Fespecializacion%2Fespecialista-esterilizacion-farmaceuticos.html|target:_blank&#8221;][vc_column_text]Directora y Coordinadora: Mag. Myriam Elizabeth Arias<br \/>\nFecha: mayo 2023<br \/>\nContacto: Dra. Mar\u00eda In\u00e9s Nieva Moreno (minievamoreno@hotmail.com)<br \/>\nTel: 381-6807886<br \/>\nC\u00e1tedra de Tecnolog\u00eda Farmac\u00e9utica II, lunes y viernes de 9 a 12 h.[\/vc_column_text][\/vc_column][vc_column width=&#8221;1\/2&#8243;][vc_custom_heading text=&#8221;Mecanismos de Oxidaci\u00f3n en la Atm\u00f3sfera: Degradaci\u00f3n de Compuestos Org\u00e1nicos, Formaci\u00f3n de Aerosoles e Implicancias Medioambientales&#8221; font_container=&#8221;tag:p|font_size:16|text_align:left|line_height:1.5&#8243; use_theme_fonts=&#8221;yes&#8221; font_weight=&#8221;500&#8243; animation_delay=&#8221;200&#8243; animation_type=&#8221;fadeIn&#8221; el_class=&#8221;mb-4 list-unstyled&#8221; link=&#8221;url:http%3A%2F%2Fwww.fbqf.unt.edu.ar%2FpaginaNueva%2Fpaginas%2Fcarreras%2Fdoctorado%2Fdoctorado-bioquimica.html|target:_blank&#8221;][vc_column_text]Directora: Dra. Mar\u00eda Bel\u00e9n Blanco<br \/>\nCoordinador: Dr. Rodrigo Gibilisco<br \/>\nFecha: 22 de mayo a 5 de junio de 2023<br \/>\nContacto: Dr. Rodrigo Gibilisco (rodrigogibilisco@gmail.com) \u2013 Dra. Mar\u00eda Bel\u00e9n Blanco (m.belen.blanco@unc.edu.ar)[\/vc_column_text][vc_custom_heading text=&#8221;Caracterizaci\u00f3n de Sistemas Moleculares y Materiales Mol-Mat 2023&#8243; font_container=&#8221;tag:p|font_size:16|text_align:left|line_height:1.5&#8243; use_theme_fonts=&#8221;yes&#8221; font_weight=&#8221;500&#8243; animation_delay=&#8221;200&#8243; animation_type=&#8221;fadeIn&#8221; el_class=&#8221;mb-4 list-unstyled&#8221; link=&#8221;url:http%3A%2F%2Fwww.fbqf.unt.edu.ar%2FpaginaNueva%2Fpaginas%2Fcarreras%2Fdoctorado%2Fdoctorado-ciencias-quimicas.html|target:_blank&#8221;][vc_column_text]Director: Dr. Mauricio Cattaneo<br \/>\nCoordinadora: Dra. Nadia Celeste Vega<br \/>\nFecha: 26 de Junio a 25 de agosto de 2023<br \/>\nContacto: Dr. Mauricio Cattaneo (mauricio.cattaneo@fbqf.unt.edu.ar) Dra. Nadia Vega (nvega@herrera.unt.edu.ar)[\/vc_column_text][vc_custom_heading text=&#8221;Dise\u00f1o y Preparaci\u00f3n de Formas Farmac\u00e9uticas Semis\u00f3lidas&#8221; font_container=&#8221;tag:p|font_size:16|text_align:left|line_height:1.5&#8243; use_theme_fonts=&#8221;yes&#8221; font_weight=&#8221;500&#8243; animation_delay=&#8221;200&#8243; animation_type=&#8221;fadeIn&#8221; el_class=&#8221;mb-4 list-unstyled&#8221; link=&#8221;url:http%3A%2F%2Fwww.fbqf.unt.edu.ar%2FpaginaNueva%2Fpaginas%2Fcarreras%2Fdoctorado%2Fdoctorado-ciencias-quimicas.html|target:_blank&#8221;][vc_column_text]Directora y Coordinadora: Mag. Myriam Elizabeth Arias<br \/>\nFecha: Junio 2023<br \/>\nContacto: Dra. Mar\u00eda In\u00e9s Nieva Moreno (minievamoreno@hotmail.com)<br \/>\nTel: 381-6807886<br \/>\nC\u00e1tedra de Tecnolog\u00eda Farmac\u00e9utica II, lunes y viernes de 9 a 12 h.[\/vc_column_text][vc_custom_heading text=&#8221;Avances en Microbiolog\u00eda Cl\u00ednica y Salud Humana&#8221; font_container=&#8221;tag:p|font_size:16|text_align:left|line_height:1.5&#8243; use_theme_fonts=&#8221;yes&#8221; font_weight=&#8221;500&#8243; animation_delay=&#8221;200&#8243; animation_type=&#8221;fadeIn&#8221; el_class=&#8221;mb-4 list-unstyled&#8221; link=&#8221;url:http%3A%2F%2Fwww.fbqf.unt.edu.ar%2FpaginaNueva%2Fpaginas%2Fcarreras%2Fdoctorado%2Fdoctorado-ciencias-quimicas.html|target:_blank&#8221;][vc_column_text]Directora: Dra. Fabiana Mar\u00eda Saguir<br \/>\nCoordinadora: Dra. Marcela Susana Medina<br \/>\nFecha: 26 al 30 de junio de 2023<br \/>\nContacto: Dra. Marcela Susana Medina (marce.s.medina@fbqf.unt.edu.ar &#8211; virologiafbqfunt@gmail.com) Tel: 0381-4247752 Ext 7065 \/ 7066[\/vc_column_text][vc_custom_heading text=&#8221;Dise\u00f1o y Preparaci\u00f3n de Formas Farmac\u00e9uticas S\u00f3lidas&#8221; font_container=&#8221;tag:p|font_size:16|text_align:left|line_height:1.5&#8243; use_theme_fonts=&#8221;yes&#8221; font_weight=&#8221;500&#8243; animation_delay=&#8221;200&#8243; animation_type=&#8221;fadeIn&#8221; el_class=&#8221;mb-4 list-unstyled&#8221; link=&#8221;url:http%3A%2F%2Fwww.fbqf.unt.edu.ar%2FpaginaNueva%2Fpaginas%2Fcarreras%2Fdoctorado%2Fdoctorado-ciencias-quimicas.html|target:_blank&#8221;][vc_column_text]Directora y Coordinadora: Mag. Myriam Elizabeth Arias<br \/>\nFecha: Julio 2023<br \/>\nContacto: Dra. Mar\u00eda In\u00e9s Nieva Moreno (minievamoreno@hotmail.com)<br \/>\nTel: 381-6807886<br \/>\nC\u00e1tedra de Tecnolog\u00eda Farmac\u00e9utica II, lunes y viernes de 9 a 12 h.[\/vc_column_text][vc_custom_heading text=&#8221;El An\u00e1lisis de Trazas en muestras de origen diverso mediante Espectrometr\u00edas At\u00f3micas \u00d3pticas y de Masas&#8221; font_container=&#8221;tag:p|font_size:16|text_align:left|line_height:1.5&#8243; use_theme_fonts=&#8221;yes&#8221; font_weight=&#8221;500&#8243; animation_delay=&#8221;200&#8243; animation_type=&#8221;fadeIn&#8221; el_class=&#8221;mb-4 list-unstyled&#8221; link=&#8221;url:http%3A%2F%2Fwww.fbqf.unt.edu.ar%2FpaginaNueva%2Fpaginas%2Fcarreras%2Fdoctorado%2Fdoctorado-ciencias-quimicas.html|target:_blank&#8221;][vc_column_text]Directora: Dra. Adriana Mar\u00eda Sales<br \/>\nCoordinadora: Dra. Mar\u00eda del Pilar Balverdi<br \/>\nFecha: 7 al 16 de agosto de 2023<br \/>\nContacto: Dra. Adriana Mar\u00eda Sales (Adriana.sales@fbqf.unt.edu.ar)<br \/>\nDra. Mar\u00eda Pilar Balverdi (maria.balverdi@fbqf.unt.edu.ar)[\/vc_column_text][vc_custom_heading text=&#8221;Detecci\u00f3n de Se\u00f1ales Qu\u00edmicas con potencial medicinal en matrices biodiversas mediante Espectrometr\u00eda de Masas&#8221; font_container=&#8221;tag:p|font_size:16|text_align:left|line_height:1.5&#8243; use_theme_fonts=&#8221;yes&#8221; font_weight=&#8221;500&#8243; animation_delay=&#8221;200&#8243; animation_type=&#8221;fadeIn&#8221; el_class=&#8221;mb-4 list-unstyled&#8221; link=&#8221;url:http%3A%2F%2Fwww.fbqf.unt.edu.ar%2FpaginaNueva%2Fpaginas%2Fcarreras%2Fdoctorado%2Fdoctorado-ciencias-quimicas.html|target:_blank&#8221;][vc_column_text]Directora: Dra. Elena Cartagena<br \/>\nCoordinador: Dr. Mario Eduardo Arena<br \/>\nFecha: agosto 2023<br \/>\nContacto: Dra. Carolina Mar\u00eda Viola (carolinamviola@gmail.com)[\/vc_column_text][vc_custom_heading text=&#8221;Quimiometr\u00eda: m\u00e9todos de calibraci\u00f3n multivariada de segundo orden&#8221; font_container=&#8221;tag:p|font_size:16|text_align:left|line_height:1.5&#8243; use_theme_fonts=&#8221;yes&#8221; font_weight=&#8221;500&#8243; animation_delay=&#8221;200&#8243; animation_type=&#8221;fadeIn&#8221; el_class=&#8221;mb-4 list-unstyled&#8221; link=&#8221;url:http%3A%2F%2Fwww.fbqf.unt.edu.ar%2FpaginaNueva%2Fpaginas%2Fcarreras%2Fdoctorado%2Fdoctorado-ciencias-quimicas.html|target:_blank&#8221;][vc_column_text]Director: Dr. Alejandro Olivieri<br \/>\nCoordinadora: Dra. Nora Mar\u00eda Urquiza<br \/>\nFecha: a\u00f1o acad\u00e9mico 2023<br \/>\nContacto: Dra. Nora Mar\u00eda Urquiza (nora.urquiza@fbqf.unt.edu.ar)[\/vc_column_text][vc_custom_heading text=&#8221;Determinaci\u00f3n de estructuras y propiedades moleculares aplicando M\u00e9todos de Qu\u00edmica Computacional&#8221; font_container=&#8221;tag:p|font_size:16|text_align:left|line_height:1.5&#8243; use_theme_fonts=&#8221;yes&#8221; font_weight=&#8221;500&#8243; animation_delay=&#8221;200&#8243; animation_type=&#8221;fadeIn&#8221; el_class=&#8221;mb-4 list-unstyled&#8221; link=&#8221;url:http%3A%2F%2Fwww.fbqf.unt.edu.ar%2FpaginaNueva%2Fpaginas%2Fcarreras%2Fdoctorado%2Fdoctorado-ciencias-quimicas.html|target:_blank&#8221;][vc_column_text]Directora: Dra. Elida Romano<br \/>\nCoordinadora: Dra. Ana Estela Ledesma<br \/>\nFecha: 16 al 27 de octubre de 2023<br \/>\nContacto: Dra. Ana Estela Ledesma (ana1ledesma@yahoo.com.ar) Tel: 3854126319[\/vc_column_text][vc_custom_heading text=&#8221;Diplomatura Universitaria en Farmacoterap\u00e9utica de Patolog\u00edas Prevalentes&#8221; font_container=&#8221;tag:p|font_size:16|text_align:left|line_height:1.5&#8243; use_theme_fonts=&#8221;yes&#8221; font_weight=&#8221;500&#8243; animation_delay=&#8221;200&#8243; animation_type=&#8221;fadeIn&#8221; el_class=&#8221;mb-4 list-unstyled&#8221; link=&#8221;url:http%3A%2F%2Fwww.fbqf.unt.edu.ar%2FpaginaNueva%2Fpaginas%2Fcarreras%2Fdoctorado%2Fdoctorado-ciencias-quimicas.html|target:_blank&#8221;][vc_column_text]Directora: M\u00e9dica Especialista Lucila del Carmen Un\u00edas<br \/>\nCoordinador: Mag. Farmac\u00e9utico Alejandro Carrascosa<br \/>\nFecha: A\u00f1o 2022\/2023<br \/>\nContacto: Sec. Colegio de Farmac\u00e9uticos de Tucum\u00e1n. Tel: +54 381 4225712<br \/>\nP\u00e1gina Eventbrite: web www.cofatuc.org.ar<br \/>\nFarm. Cristian Nicol\u00e1s Silva. Tel: 381-4162739 &#8211; Mail: cristiansilva_222@hotmail.com[\/vc_column_text][\/vc_column][\/vc_row]<\/p>\n<\/div>","protected":false},"excerpt":{"rendered":"<p>[vc_row wrap_container=&#8221;yes&#8221; conditional_render=&#8221;%5B%7B%22value_role%22%3A%22administrator%22%7D%5D&#8221;][vc_column width=&#8221;1\/2&#8243;][vc_custom_heading text=&#8221;Esteroqu\u00edmica y S\u00edntesis Esteroselectiva&#8221; font_container=&#8221;tag:p|font_size:16|text_align:left|line_height:1.5&#8243; use_theme_fonts=&#8221;yes&#8221; font_weight=&#8221;500&#8243; animation_delay=&#8221;200&#8243; animation_type=&#8221;fadeIn&#8221; el_class=&#8221;mb-4 list-unstyled&#8221; link=&#8221;url:http%3A%2F%2Fwww.fbqf.unt.edu.ar%2FpaginaNueva%2Fpaginas%2Fcarreras%2Fdoctorado%2Fdoctorado-bioquimica.html|target:_blank&#8221;][vc_column_text]Directora: Dra. Margarita Beatriz Villecco Coordinadora: Dra. Ana Carolina Muro Fecha: febrero &#8211; marzo 2023 Contacto: Dra. Ana Carolina Muro (ana.muro@fbqf.unt.edu.ar)[\/vc_column_text][vc_custom_heading text=&#8221;Avances en Microbiolog\u00eda, Biolog\u00eda Molecular y Biotecnolog\u00eda&#8221; font_container=&#8221;tag:p|font_size:16|text_align:left|line_height:1.5&#8243; use_theme_fonts=&#8221;yes&#8221; font_weight=&#8221;500&#8243; animation_delay=&#8221;200&#8243; animation_type=&#8221;fadeIn&#8221; el_class=&#8221;mb-4 list-unstyled&#8221; link=&#8221;url:http%3A%2F%2Fwww.fbqf.unt.edu.ar%2FpaginaNueva%2Fpaginas%2Fcarreras%2Fdoctorado%2Fdoctorado-ciencias-biologicas.html|target:_blank&#8221;][vc_column_text]Directora: Dra. Josefina Mar\u00eda Villegas [&hellip;]<\/p>\n","protected":false},"author":1,"featured_media":0,"parent":639,"menu_order":0,"comment_status":"closed","ping_status":"closed","template":"","meta":{"footnotes":""},"class_list":["post-1350","page","type-page","status-publish","hentry"],"_links":{"self":[{"href":"https:\/\/www.unt.edu.ar\/expoposgrado\/wp-json\/wp\/v2\/pages\/1350","targetHints":{"allow":["GET"]}}],"collection":[{"href":"https:\/\/www.unt.edu.ar\/expoposgrado\/wp-json\/wp\/v2\/pages"}],"about":[{"href":"https:\/\/www.unt.edu.ar\/expoposgrado\/wp-json\/wp\/v2\/types\/page"}],"author":[{"embeddable":true,"href":"https:\/\/www.unt.edu.ar\/expoposgrado\/wp-json\/wp\/v2\/users\/1"}],"replies":[{"embeddable":true,"href":"https:\/\/www.unt.edu.ar\/expoposgrado\/wp-json\/wp\/v2\/comments?post=1350"}],"version-history":[{"count":20,"href":"https:\/\/www.unt.edu.ar\/expoposgrado\/wp-json\/wp\/v2\/pages\/1350\/revisions"}],"predecessor-version":[{"id":1535,"href":"https:\/\/www.unt.edu.ar\/expoposgrado\/wp-json\/wp\/v2\/pages\/1350\/revisions\/1535"}],"up":[{"embeddable":true,"href":"https:\/\/www.unt.edu.ar\/expoposgrado\/wp-json\/wp\/v2\/pages\/639"}],"wp:attachment":[{"href":"https:\/\/www.unt.edu.ar\/expoposgrado\/wp-json\/wp\/v2\/media?parent=1350"}],"curies":[{"name":"wp","href":"https:\/\/api.w.org\/{rel}","templated":true}]}}